{"id":765638,"date":"2025-08-28T11:47:44","date_gmt":"2025-08-28T08:47:44","guid":{"rendered":"https:\/\/roveyayinevi.com.tr\/index.php\/urun\/turk-siyasal-hayatitanzimattan-gunumuze\/"},"modified":"2026-04-15T03:31:32","modified_gmt":"2026-04-15T00:31:32","slug":"turk-siyasal-hayatitanzimattan-gunumuze","status":"publish","type":"product","link":"https:\/\/roveyayinevi.com.tr\/index.php\/urun\/turk-siyasal-hayatitanzimattan-gunumuze\/","title":{"rendered":"T\u00fcrk Siyasal Hayat\u0131:Tanzimattan G\u00fcn\u00fcm\u00fcze"},"content":{"rendered":"<p>T\u00fcrk siyasal hayat\u0131n\u0131n, Tanzimat Ferman\u0131\u2019n\u0131n ilan\u0131ndan bug\u00fcne kadar olan uzun ge\u00e7mi\u015finin ana hatlar\u0131n\u0131 kronolojik olarak a\u00e7\u0131klayan ve belli \u00f6l\u00e7\u00fclerde analiz eden bu \u00e7al\u0131\u015fmada, tarihsel ak\u0131\u015fta \u00f6nemli, \u00e7ok partili siyasi hayata ge\u00e7i\u015fle birlikte i\u00e7 ve d\u0131\u015f dinamiklerin belirleyicili\u011finde meydana gelen toplumsal d\u00f6n\u00fc\u015f\u00fcmlerin do\u011fal sonucu olan siyasal \u00e7at\u0131\u015fmalar e\u015fli\u011finde, siyasal hayat\u0131n s\u00fcrekli bir istikrar aray\u0131\u015f\u0131 i\u00e7indeki d\u00f6ng\u00fcs\u00fcne de yo\u011funla\u015f\u0131l\u0131yor. T\u00fcrk siyasal hayat\u0131n\u0131n uzun seyrine dair yeni bir d\u00f6nemlendirme \u00f6nerisini de i\u00e7eren bu \u00e7al\u0131\u015fman\u0131n, asl\u0131nda kopu\u015flarla birlikte asl\u0131nda bir s\u00fcreklilik oldu\u011fu hususu vurgulan\u0131yor ve 18. Y\u00fczy\u0131l\u0131n son \u00e7eyre\u011finde ba\u015flayan T\u00fcrk modernle\u015fmesinin d\u00f6n\u00fcm noktalar\u0131 olan: Tanzimat, Birinci ve \u0130kinci Me\u015frutiyet\u2019le Cumhuriyet&#8217;in olu\u015fumu ve bu olu\u015fumu haz\u0131rlayan dinamikler anlat\u0131l\u0131yor. Cumhuriyet d\u00f6nemindebug\u00fcn\u00fcn arka plan\u0131n\u0131 ortaya koymaya \u00e7abalad\u0131\u011f\u0131; siyasal hayatta belirleyici olan\u0131n bireyler mi yoksa nesnel s\u00fcre\u00e7ler mi oldu\u011funa y\u00f6nelik kadim soruya bir cevap aray\u0131\u015f\u0131 oldu\u011fu da s\u00f6ylenebilir. \u00c7al\u0131\u015fma, eski d\u00fcnya d\u00fczeninin tasfiye edilmeye ba\u015fland\u0131\u011f\u0131 bu d\u00f6nemde, co\u011frafyayla kader aras\u0131ndaki ili\u015fkiyi en s\u0131k ve durmaks\u0131z\u0131n ya\u015fayan \u00fclkenin, i\u00e7 siyasete ili\u015fkin geli\u015fmelerinin de b\u00f6ylesine bir dinamikten ba\u011f\u0131ms\u0131z \u00e7\u00f6z\u00fcmlenemeyece\u011fini ortaya koyuyor.<\/p>\n","protected":false},"excerpt":{"rendered":"<p>T\u00fcrk siyasal hayat\u0131n\u0131n, Tanzimat Ferman\u0131\u2019n\u0131n ilan\u0131ndan bug\u00fcne kadar olan uzun ge\u00e7mi\u015finin ana hatlar\u0131n\u0131 kronolojik olarak a\u00e7\u0131klayan ve belli \u00f6l\u00e7\u00fclerde analiz eden bu \u00e7al\u0131\u015fmada, tarihsel ak\u0131\u015fta \u00f6nemli,<span class=\"excerpt-hellip\"> [\u2026]<\/span><\/p>\n","protected":false},"featured_media":0,"template":"","meta":{"_monsterinsights_skip_tracking":false,"_monsterinsights_sitenote_active":false,"_monsterinsights_sitenote_note":"","_monsterinsights_sitenote_category":0},"product_brand":[],"product_cat":[13590,12337],"product_tag":[],"class_list":{"0":"post-765638","1":"product","2":"type-product","3":"status-publish","5":"product_cat-arastirma-inceleme-politika-siyaset","6":"product_cat-politika-siyaset","7":"pa_cilt-ciltsiz","8":"pa_tur-kitap","9":"pa_yayinevi-orion-kitabevi","10":"pa_yazar-cengiz-sunay","12":"first","13":"instock","14":"sale","15":"shipping-taxable","16":"purchasable","17":"product-type-simple"},"_links":{"self":[{"href":"https:\/\/roveyayinevi.com.tr\/index.php\/wp-json\/wp\/v2\/product\/765638","targetHints":{"allow":["GET"]}}],"collection":[{"href":"https:\/\/roveyayinevi.com.tr\/index.php\/wp-json\/wp\/v2\/product"}],"about":[{"href":"https:\/\/roveyayinevi.com.tr\/index.php\/wp-json\/wp\/v2\/types\/product"}],"wp:attachment":[{"href":"https:\/\/roveyayinevi.com.tr\/index.php\/wp-json\/wp\/v2\/media?parent=765638"}],"wp:term":[{"taxonomy":"product_brand","embeddable":true,"href":"https:\/\/roveyayinevi.com.tr\/index.php\/wp-json\/wp\/v2\/product_brand?post=765638"},{"taxonomy":"product_cat","embeddable":true,"href":"https:\/\/roveyayinevi.com.tr\/index.php\/wp-json\/wp\/v2\/product_cat?post=765638"},{"taxonomy":"product_tag","embeddable":true,"href":"https:\/\/roveyayinevi.com.tr\/index.php\/wp-json\/wp\/v2\/product_tag?post=765638"}],"curies":[{"name":"wp","href":"https:\/\/api.w.org\/{rel}","templated":true}]}}