{"id":765634,"date":"2025-08-28T11:47:39","date_gmt":"2025-08-28T08:47:39","guid":{"rendered":"https:\/\/roveyayinevi.com.tr\/index.php\/urun\/turk-is-dunyasinin-ekosistemi\/"},"modified":"2026-04-15T03:31:31","modified_gmt":"2026-04-15T00:31:31","slug":"turk-is-dunyasinin-ekosistemi","status":"publish","type":"product","link":"https:\/\/roveyayinevi.com.tr\/index.php\/urun\/turk-is-dunyasinin-ekosistemi\/","title":{"rendered":"T\u00fcrk \u0130\u015f D\u00fcnyas\u0131n\u0131n Ekosistemi"},"content":{"rendered":"<p>T\u00fcrk \u0130\u015f D\u00fcnyas\u0131n\u0131\/\u00e7evresini sistematik olarak irdeleyen bu kitab\u0131m\u0131z\u0131n; sadece yak\u0131n bir gelecekte i\u015f d\u00fcnyas\u0131na kat\u0131lacak olan \u00fcniversite \u00f6\u011frencilerimizin de\u011fil ayn\u0131 zamanda T\u00fcrk i\u015f d\u00fcnyas\u0131n\u0131n her kademedeki \u00fcyelerinin bilgi birikimine katk\u0131da bulunabilecek bir kaynak olaca\u011f\u0131n\u0131 umut ediyorum. Kitab\u0131m\u0131zda organik bir ba\u011fl\u0131l\u0131kla i\u00e7 i\u00e7e yer alan K\u00fcresel ekonomi ve T\u00fcrkiye ekonomisi ba\u011flam\u0131nda hukuki, ekonomik teknolojik, kurumsal ve di\u011fer se\u00e7ilmi\u015f \u00f6zellikleri ile bir ekosistem olan T\u00fcrk i\u015f d\u00fcnyas\u0131 incelemekte ve irdelenmektedir.<\/p>\n","protected":false},"excerpt":{"rendered":"<p>T\u00fcrk \u0130\u015f D\u00fcnyas\u0131n\u0131\/\u00e7evresini sistematik olarak irdeleyen bu kitab\u0131m\u0131z\u0131n; sadece yak\u0131n bir gelecekte i\u015f d\u00fcnyas\u0131na kat\u0131lacak olan \u00fcniversite \u00f6\u011frencilerimizin de\u011fil ayn\u0131 zamanda T\u00fcrk i\u015f d\u00fcnyas\u0131n\u0131n her kademedeki<span class=\"excerpt-hellip\"> [\u2026]<\/span><\/p>\n","protected":false},"featured_media":0,"template":"","meta":{"_monsterinsights_skip_tracking":false,"_monsterinsights_sitenote_active":false,"_monsterinsights_sitenote_note":"","_monsterinsights_sitenote_category":0},"product_brand":[],"product_cat":[13043,14144],"product_tag":[],"class_list":{"0":"post-765634","1":"product","2":"type-product","3":"status-publish","5":"product_cat-ekonomi","6":"product_cat-turkiye-ekonomisi","7":"pa_cilt-ciltsiz","8":"pa_tur-kitap","9":"pa_yayinevi-orion-kitabevi","10":"pa_yazar-muhittin-adiguzel","12":"first","13":"instock","14":"sale","15":"shipping-taxable","16":"purchasable","17":"product-type-simple"},"_links":{"self":[{"href":"https:\/\/roveyayinevi.com.tr\/index.php\/wp-json\/wp\/v2\/product\/765634","targetHints":{"allow":["GET"]}}],"collection":[{"href":"https:\/\/roveyayinevi.com.tr\/index.php\/wp-json\/wp\/v2\/product"}],"about":[{"href":"https:\/\/roveyayinevi.com.tr\/index.php\/wp-json\/wp\/v2\/types\/product"}],"wp:attachment":[{"href":"https:\/\/roveyayinevi.com.tr\/index.php\/wp-json\/wp\/v2\/media?parent=765634"}],"wp:term":[{"taxonomy":"product_brand","embeddable":true,"href":"https:\/\/roveyayinevi.com.tr\/index.php\/wp-json\/wp\/v2\/product_brand?post=765634"},{"taxonomy":"product_cat","embeddable":true,"href":"https:\/\/roveyayinevi.com.tr\/index.php\/wp-json\/wp\/v2\/product_cat?post=765634"},{"taxonomy":"product_tag","embeddable":true,"href":"https:\/\/roveyayinevi.com.tr\/index.php\/wp-json\/wp\/v2\/product_tag?post=765634"}],"curies":[{"name":"wp","href":"https:\/\/api.w.org\/{rel}","templated":true}]}}