{"id":765633,"date":"2025-08-28T11:47:38","date_gmt":"2025-08-28T08:47:38","guid":{"rendered":"https:\/\/roveyayinevi.com.tr\/index.php\/urun\/turk-hukukunda-yasli-haklari\/"},"modified":"2026-04-15T03:31:31","modified_gmt":"2026-04-15T00:31:31","slug":"turk-hukukunda-yasli-haklari","status":"publish","type":"product","link":"https:\/\/roveyayinevi.com.tr\/index.php\/urun\/turk-hukukunda-yasli-haklari\/","title":{"rendered":"T\u00fcrk Hukukunda Ya\u015fl\u0131 Haklar\u0131"},"content":{"rendered":"<p>D\u00fcnya n\u00fcfusundaki h\u0131zl\u0131 ya\u015flanma toplumlarda, devletler taraf\u0131ndan n\u00fcfus yap\u0131s\u0131ndaki de\u011fi\u015fikliklere paralel bir sa\u011fl\u0131k hizmeti sunulmas\u0131 beklentisini yaratm\u0131\u015ft\u0131r. T\u00fcrkiye \u0130statistik Kurumu ve uluslararas\u0131 kurumlarca yap\u0131lan n\u00fcfus projeksiyonlar\u0131na bak\u0131ld\u0131\u011f\u0131nda ileriki y\u0131llarda gen\u00e7 ve ya\u015fl\u0131 n\u00fcfusun toplumda e\u015fit hatta ya\u015fl\u0131 n\u00fcfus daha a\u011f\u0131rl\u0131kl\u0131 olacak \u015fekilde temsil edilece\u011fi g\u00f6r\u00fclmektedir.N\u00fcfustaki ya\u015flanma ve ya\u015fl\u0131 say\u0131s\u0131ndaki art\u0131\u015f h\u0131z\u0131na paralel sa\u011fl\u0131k ve sosyal destekyap\u0131s\u0131n\u0131n ivedilikle olu\u015fturulmas\u0131 bir zarurettir. \u00c7\u00fcnk\u00fc 65 ya\u015f \u00fcst\u00fc bireylerin gen\u00e7n\u00fcfusa g\u00f6re sa\u011fl\u0131k bak\u0131m gereksinimleri ve sosyal bak\u0131m ihtiya\u00e7lar\u0131 daha fazla olacakt\u0131r.Olu\u015fturulacak politika, program ve mevzuatlar ya\u015fam kalitesini ve genel sa\u011fl\u0131\u011f\u0131 artt\u0131rma odakl\u0131 olmal\u0131d\u0131r. Zira ba\u015far\u0131l\u0131 ya\u015flanma sa\u011fl\u0131k yan\u0131nda psikolojik ve sosyal a\u00e7\u0131dan da tam bir iyilik halini gerektirir. ABD, Japonya, Almanya ve bir\u00e7ok AB \u00dclkesi sa\u011fl\u0131k ve sosyal bak\u0131m sistemleri incelendi\u011finde genelde d\u00fczenlemelerin yasa d\u00fczeyinde oldu\u011fu ve sa\u011fl\u0131k yan\u0131nda bak\u0131m hizmetinin de g\u00fcvence alt\u0131na al\u0131nd\u0131\u011f\u0131 g\u00f6r\u00fclmektedir. \u00dclkemizdeki d\u00fczenleme genelge ve y\u00f6netmelikten \u00f6teye gidememi\u015f olup, gecikmeksizin \u00f6zellikle yasa d\u00fczeyinde d\u00fczenleme yap\u0131lmal\u0131d\u0131r.Bu kitapta \u00fclkemizde ya\u015fl\u0131 haklar\u0131na y\u00f6nelik yap\u0131lacak hukuki d\u00fczenlemelere rehberlik etmesi i\u00e7in, \u00f6zellikle ya\u015fl\u0131 haklar\u0131 alan\u0131nda geli\u015fmi\u015f hukuki sistemleri bulunan ABD, Japonya, Almanya ve bir\u00e7ok AB \u00dclkesi sa\u011fl\u0131k ve sosyal bak\u0131m sistemleri incelenmi\u015ftir. Bunun yan\u0131 s\u0131ra \u00fclkemizdeki mevcut durumun tespiti de yap\u0131lm\u0131\u015f ve ya\u015fl\u0131lar\u0131n haklar\u0131na ili\u015fkin dava \u00f6rnekleri de de\u011ferlendirilmi\u015ftir.<\/p>\n","protected":false},"excerpt":{"rendered":"<p>D\u00fcnya n\u00fcfusundaki h\u0131zl\u0131 ya\u015flanma toplumlarda, devletler taraf\u0131ndan n\u00fcfus yap\u0131s\u0131ndaki de\u011fi\u015fikliklere paralel bir sa\u011fl\u0131k hizmeti sunulmas\u0131 beklentisini yaratm\u0131\u015ft\u0131r. T\u00fcrkiye \u0130statistik Kurumu ve uluslararas\u0131 kurumlarca yap\u0131lan n\u00fcfus projeksiyonlar\u0131na<span class=\"excerpt-hellip\"> [\u2026]<\/span><\/p>\n","protected":false},"featured_media":0,"template":"","meta":{"_monsterinsights_skip_tracking":false,"_monsterinsights_sitenote_active":false,"_monsterinsights_sitenote_note":"","_monsterinsights_sitenote_category":0},"product_brand":[],"product_cat":[15350,17602],"product_tag":[],"class_list":{"0":"post-765633","1":"product","2":"type-product","3":"status-publish","5":"product_cat-hukuk","6":"product_cat-hukuk-uzerine","7":"pa_cilt-ciltsiz","8":"pa_tur-kitap","9":"pa_yayinevi-orion-kitabevi","10":"pa_yazar-nurgul-kocakoc","12":"first","13":"instock","14":"sale","15":"shipping-taxable","16":"purchasable","17":"product-type-simple"},"_links":{"self":[{"href":"https:\/\/roveyayinevi.com.tr\/index.php\/wp-json\/wp\/v2\/product\/765633","targetHints":{"allow":["GET"]}}],"collection":[{"href":"https:\/\/roveyayinevi.com.tr\/index.php\/wp-json\/wp\/v2\/product"}],"about":[{"href":"https:\/\/roveyayinevi.com.tr\/index.php\/wp-json\/wp\/v2\/types\/product"}],"wp:attachment":[{"href":"https:\/\/roveyayinevi.com.tr\/index.php\/wp-json\/wp\/v2\/media?parent=765633"}],"wp:term":[{"taxonomy":"product_brand","embeddable":true,"href":"https:\/\/roveyayinevi.com.tr\/index.php\/wp-json\/wp\/v2\/product_brand?post=765633"},{"taxonomy":"product_cat","embeddable":true,"href":"https:\/\/roveyayinevi.com.tr\/index.php\/wp-json\/wp\/v2\/product_cat?post=765633"},{"taxonomy":"product_tag","embeddable":true,"href":"https:\/\/roveyayinevi.com.tr\/index.php\/wp-json\/wp\/v2\/product_tag?post=765633"}],"curies":[{"name":"wp","href":"https:\/\/api.w.org\/{rel}","templated":true}]}}