{"id":765626,"date":"2025-08-28T11:47:24","date_gmt":"2025-08-28T08:47:24","guid":{"rendered":"https:\/\/roveyayinevi.com.tr\/index.php\/urun\/tibbi-hata-kaynakli-olumlerde-destekten-yoksun-kalma-tazminati\/"},"modified":"2026-04-15T03:31:31","modified_gmt":"2026-04-15T00:31:31","slug":"tibbi-hata-kaynakli-olumlerde-destekten-yoksun-kalma-tazminati","status":"publish","type":"product","link":"https:\/\/roveyayinevi.com.tr\/index.php\/urun\/tibbi-hata-kaynakli-olumlerde-destekten-yoksun-kalma-tazminati\/","title":{"rendered":"T\u0131bbi Hata Kaynakl\u0131 \u00d6l\u00fcmlerde Destekten Yoksun Kalma Tazminat\u0131"},"content":{"rendered":"<p>\u00dclkemizde hastalar\u0131n hatal\u0131 t\u0131bb\u00ee m\u00fcdahaleler nedeniyle a\u00e7t\u0131\u011f\u0131 tazminat davalar\u0131nda ve tazminat miktarlar\u0131nda dikkat \u00e7ekici bir art\u0131\u015f s\u00f6z konusudur. \u00c7al\u0131\u015fmam\u0131zda t\u0131bbi m\u00fcdahale hatalar\u0131ndan kaynaklanan \u00f6l\u00fcmlerde hastalar\u0131n haklar\u0131n\u0131n ve hekimlerin hukuki sorumluluklar\u0131n\u0131n \u00e7er\u00e7evesi \u00e7izilerek genel anlamda hasta ve yak\u0131nlar\u0131n\u0131n haklar\u0131 ifade edilmi\u015ftir. Devam\u0131nda hastan\u0131n \u00f6l\u00fcm\u00fcne ba\u011fl\u0131 olarak talep edilebilecek olan tazminat kalemlerinden olan destekten yoksun kalma tazminat\u0131 a\u00e7\u0131klanarak sa\u011fl\u0131k \u00e7al\u0131\u015fanlar\u0131 ve sa\u011fl\u0131k hizmetinden yararlananlara \u0131\u015f\u0131k tutulmaya \u00e7al\u0131\u015f\u0131lm\u0131\u015ft\u0131r.<\/p>\n","protected":false},"excerpt":{"rendered":"<p>\u00dclkemizde hastalar\u0131n hatal\u0131 t\u0131bb\u00ee m\u00fcdahaleler nedeniyle a\u00e7t\u0131\u011f\u0131 tazminat davalar\u0131nda ve tazminat miktarlar\u0131nda dikkat \u00e7ekici bir art\u0131\u015f s\u00f6z konusudur. \u00c7al\u0131\u015fmam\u0131zda t\u0131bbi m\u00fcdahale hatalar\u0131ndan kaynaklanan \u00f6l\u00fcmlerde hastalar\u0131n haklar\u0131n\u0131n<span class=\"excerpt-hellip\"> [\u2026]<\/span><\/p>\n","protected":false},"featured_media":0,"template":"","meta":{"_monsterinsights_skip_tracking":false,"_monsterinsights_sitenote_active":false,"_monsterinsights_sitenote_note":"","_monsterinsights_sitenote_category":0},"product_brand":[],"product_cat":[13005,38128],"product_tag":[],"class_list":{"0":"post-765626","1":"product","2":"type-product","3":"status-publish","5":"product_cat-bilim-muhendislik","6":"product_cat-tip-bilimleri","7":"pa_cilt-ciltsiz","8":"pa_tur-kitap","9":"pa_yayinevi-orion-kitabevi","10":"pa_yazar-ayse-duruye-bahar","12":"first","13":"instock","14":"sale","15":"shipping-taxable","16":"purchasable","17":"product-type-simple"},"_links":{"self":[{"href":"https:\/\/roveyayinevi.com.tr\/index.php\/wp-json\/wp\/v2\/product\/765626","targetHints":{"allow":["GET"]}}],"collection":[{"href":"https:\/\/roveyayinevi.com.tr\/index.php\/wp-json\/wp\/v2\/product"}],"about":[{"href":"https:\/\/roveyayinevi.com.tr\/index.php\/wp-json\/wp\/v2\/types\/product"}],"wp:attachment":[{"href":"https:\/\/roveyayinevi.com.tr\/index.php\/wp-json\/wp\/v2\/media?parent=765626"}],"wp:term":[{"taxonomy":"product_brand","embeddable":true,"href":"https:\/\/roveyayinevi.com.tr\/index.php\/wp-json\/wp\/v2\/product_brand?post=765626"},{"taxonomy":"product_cat","embeddable":true,"href":"https:\/\/roveyayinevi.com.tr\/index.php\/wp-json\/wp\/v2\/product_cat?post=765626"},{"taxonomy":"product_tag","embeddable":true,"href":"https:\/\/roveyayinevi.com.tr\/index.php\/wp-json\/wp\/v2\/product_tag?post=765626"}],"curies":[{"name":"wp","href":"https:\/\/api.w.org\/{rel}","templated":true}]}}