{"id":765624,"date":"2025-08-28T11:47:21","date_gmt":"2025-08-28T08:47:21","guid":{"rendered":"https:\/\/roveyayinevi.com.tr\/index.php\/urun\/teknolojik-yetenek-transferi\/"},"modified":"2026-04-15T03:31:31","modified_gmt":"2026-04-15T00:31:31","slug":"teknolojik-yetenek-transferi","status":"publish","type":"product","link":"https:\/\/roveyayinevi.com.tr\/index.php\/urun\/teknolojik-yetenek-transferi\/","title":{"rendered":"Teknolojik Yetenek Transferi"},"content":{"rendered":"<p>Yeni teknolojileri geli\u015ftirmeyi ve ayn\u0131 zamanda transfer edilen teknolojinin etkin kullan\u0131lmas\u0131na, \u00f6\u011frenme sa\u011flanmas\u0131na ve \u00f6z\u00fcmsenmesine y\u00f6nelik becerileri de i\u00e7eren bir kavram olan teknolojik yetenek, teknolojik geli\u015fme s\u00fcrecinde belirleyici bir rol oynamaktad\u0131r. Teknolojik yetene\u011fin kaynaklar\u0131, ulusal teknolojik \u00e7aba, teknoloji transferi ve emek transferidir. Teknolojik yetenek edinminin ilk ve en \u00f6nemli kayna\u011f\u0131 ulusal teknolojik \u00e7abad\u0131r. \u00c7\u00fcnk\u00fc ulusal d\u00fczeyde ger\u00e7ekle\u015ftirilen Ar-Ge ve teknolojik yenilik faaliyetleri, teknoloji ve emek transferi gibi d\u0131\u015f kaynaklar\u0131n etkinli\u011fi artt\u0131rmaktad\u0131r. Temel d\u00fczeyde ulusal teknolojik yetenek birikimi sa\u011flayabilmi\u015f ekonomilerin teknoloji ve emek transferi arac\u0131l\u0131\u011f\u0131yla edinilen teknolojiden \u00f6\u011frenme sa\u011flamas\u0131 \u00e7ok daha h\u0131zl\u0131 ve etkin olacakt\u0131r. Bu kapsamda geli\u015fmekte olan \u00fclkelerin teknoloji transferine dayal\u0131 olarak ulusal teknolojik kapasitesinin geli\u015ftirilmesine ili\u015fkin faaliyetler ve faaliyetlerin sanayile\u015fme s\u00fcrecine etkisi kalk\u0131nma iktisad\u0131n\u0131n \u00f6nemli tart\u0131\u015fma konular\u0131ndan birini olu\u015fturmaktad\u0131r.<\/p>\n","protected":false},"excerpt":{"rendered":"<p>Yeni teknolojileri geli\u015ftirmeyi ve ayn\u0131 zamanda transfer edilen teknolojinin etkin kullan\u0131lmas\u0131na, \u00f6\u011frenme sa\u011flanmas\u0131na ve \u00f6z\u00fcmsenmesine y\u00f6nelik becerileri de i\u00e7eren bir kavram olan teknolojik yetenek, teknolojik geli\u015fme<span class=\"excerpt-hellip\"> [\u2026]<\/span><\/p>\n","protected":false},"featured_media":0,"template":"","meta":{"_monsterinsights_skip_tracking":false,"_monsterinsights_sitenote_active":false,"_monsterinsights_sitenote_note":"","_monsterinsights_sitenote_category":0},"product_brand":[],"product_cat":[13043,14144],"product_tag":[],"class_list":{"0":"post-765624","1":"product","2":"type-product","3":"status-publish","5":"product_cat-ekonomi","6":"product_cat-turkiye-ekonomisi","7":"pa_cilt-ciltsiz","8":"pa_tur-kitap","9":"pa_yayinevi-orion-kitabevi","10":"pa_yazar-murad-tiryakioglu","12":"first","13":"instock","14":"sale","15":"shipping-taxable","16":"purchasable","17":"product-type-simple"},"_links":{"self":[{"href":"https:\/\/roveyayinevi.com.tr\/index.php\/wp-json\/wp\/v2\/product\/765624","targetHints":{"allow":["GET"]}}],"collection":[{"href":"https:\/\/roveyayinevi.com.tr\/index.php\/wp-json\/wp\/v2\/product"}],"about":[{"href":"https:\/\/roveyayinevi.com.tr\/index.php\/wp-json\/wp\/v2\/types\/product"}],"wp:attachment":[{"href":"https:\/\/roveyayinevi.com.tr\/index.php\/wp-json\/wp\/v2\/media?parent=765624"}],"wp:term":[{"taxonomy":"product_brand","embeddable":true,"href":"https:\/\/roveyayinevi.com.tr\/index.php\/wp-json\/wp\/v2\/product_brand?post=765624"},{"taxonomy":"product_cat","embeddable":true,"href":"https:\/\/roveyayinevi.com.tr\/index.php\/wp-json\/wp\/v2\/product_cat?post=765624"},{"taxonomy":"product_tag","embeddable":true,"href":"https:\/\/roveyayinevi.com.tr\/index.php\/wp-json\/wp\/v2\/product_tag?post=765624"}],"curies":[{"name":"wp","href":"https:\/\/api.w.org\/{rel}","templated":true}]}}