{"id":765622,"date":"2025-08-28T11:47:18","date_gmt":"2025-08-28T08:47:18","guid":{"rendered":"https:\/\/roveyayinevi.com.tr\/index.php\/urun\/sarkin-son-agasi\/"},"modified":"2026-04-15T03:31:31","modified_gmt":"2026-04-15T00:31:31","slug":"sarkin-son-agasi","status":"publish","type":"product","link":"https:\/\/roveyayinevi.com.tr\/index.php\/urun\/sarkin-son-agasi\/","title":{"rendered":"\u015eark\u0131n Son A\u011fas\u0131"},"content":{"rendered":"<p>Siyase Bilimi ve Uluslararas\u0131 \u0130li\u015fkiler uzman\u0131 olan Dr. H\u00fcseyin \u015eeyhanl\u0131o\u011flu, 1974 y\u0131l\u0131 \u015eanl\u0131urfa du\u011fumludur. Halen Dicle \u00dcniversitesinde akademisyen olup Asya ve \u00f6zellikle Osmanl\u0131 imparatorlu\u011fundan sonra Ortado\u011fu&#8217;nun ya\u015fam\u0131\u015f oldu\u011fu orta\u00e7a\u011f karanl\u0131\u011f\u0131ndan kurtulmas\u0131 i\u00e7in siyasi, tarihi, co\u011frafi ve sosyolojik \u00e7al\u0131\u015fmalar yapmaktad\u0131r.D\u00fcnya ana karas\u0131na s\u0131rt\u0131n\u0131 dayam\u0131\u015f bir pehlivan\u0131 and\u0131ran Asya K\u0131tas\u0131 ve onun Yusuf&#8217;u olan Osmanl\u0131 \u0130mparatorlu\u011funun medeniyeti, 18. yy&#8217;dan itibaren tarihin g\u00f6rd\u00fc\u011f\u00fc en barbar kavim olan Avrupal\u0131lar taraf\u0131ndan durdurulup talan edilmi\u015ftir.Bu tarihten itibaren Bat\u0131la\u015fma s\u00fcrecine zorla ve entrikal\u0131larla sokulan Osmanl\u0131n\u0131n halk\u0131 Cemil Meri\u00e7&#8217;in tabiriyle, Bat\u0131&#8217;ya giden geminin Do\u011fu&#8217;ya bakan yolcular\u0131na d\u00f6nd\u00fcr\u00fclm\u00fc\u015ft\u00fcr. Bu durum maalesef s\u00f6m\u00fcr\u00fclen Hintlisi, afyona al\u0131\u015ft\u0131r\u0131lan \u00c7inlisi ve atomla vurulan Japonu i\u00e7in de b\u00f6yledir. Yetmi\u015f iki milleti b\u00fcnyesinde, Dolmabah\u00e7e bostanl\u0131\u011f\u0131 gibi y\u00fczy\u0131llarca karde\u015f\u00e7e ya\u015fatan ve Frans\u0131z \u0130htilali&#8217;ne kadar b\u00fcy\u00fck bir uluslar \u00fcst\u00fc yap\u0131ya sahip olan Osmanl\u0131 \u0130mparatorlu\u011fu, ba\u015fta \u0131rk\u00e7\u0131l\u0131k olmak \u00fczere t\u00fcketici ve bencil olan bat\u0131l\u0131 s\u00f6m\u00fcrgeciler taraf\u0131ndan yok edilmeye \u00e7al\u0131\u015f\u0131lm\u0131\u015ft\u0131r.Yazar, kitab\u0131nda mankurtla\u015ft\u0131rman\u0131n her t\u00fcrl\u00fcs\u00fcn\u00fcn uyguland\u0131\u011f\u0131 bu medeniyetin ya\u015fad\u0131\u011f\u0131 s\u00fcreci, \u015eark&#8217;\u0131n Son A\u011fas\u0131 \u00fczerinde bir akademisyen titizli\u011finde i\u015flemeye \u00e7al\u0131\u015fm\u0131\u015ft\u0131r.<\/p>\n","protected":false},"excerpt":{"rendered":"<p>Siyase Bilimi ve Uluslararas\u0131 \u0130li\u015fkiler uzman\u0131 olan Dr. H\u00fcseyin \u015eeyhanl\u0131o\u011flu, 1974 y\u0131l\u0131 \u015eanl\u0131urfa du\u011fumludur. Halen Dicle \u00dcniversitesinde akademisyen olup Asya ve \u00f6zellikle Osmanl\u0131 imparatorlu\u011fundan sonra Ortado\u011fu&#8217;nun<span class=\"excerpt-hellip\"> [\u2026]<\/span><\/p>\n","protected":false},"featured_media":0,"template":"","meta":{"_monsterinsights_skip_tracking":false,"_monsterinsights_sitenote_active":false,"_monsterinsights_sitenote_note":"","_monsterinsights_sitenote_category":0},"product_brand":[],"product_cat":[12291,12745],"product_tag":[],"class_list":{"0":"post-765622","1":"product","2":"type-product","3":"status-publish","5":"product_cat-edebiyat","6":"product_cat-tarihi-roman","7":"pa_cilt-ciltsiz","8":"pa_tur-kitap","9":"pa_yayinevi-orion-kitabevi","10":"pa_yazar-huseyin-seyhanlioglu","12":"first","13":"instock","14":"sale","15":"shipping-taxable","16":"purchasable","17":"product-type-simple"},"_links":{"self":[{"href":"https:\/\/roveyayinevi.com.tr\/index.php\/wp-json\/wp\/v2\/product\/765622","targetHints":{"allow":["GET"]}}],"collection":[{"href":"https:\/\/roveyayinevi.com.tr\/index.php\/wp-json\/wp\/v2\/product"}],"about":[{"href":"https:\/\/roveyayinevi.com.tr\/index.php\/wp-json\/wp\/v2\/types\/product"}],"wp:attachment":[{"href":"https:\/\/roveyayinevi.com.tr\/index.php\/wp-json\/wp\/v2\/media?parent=765622"}],"wp:term":[{"taxonomy":"product_brand","embeddable":true,"href":"https:\/\/roveyayinevi.com.tr\/index.php\/wp-json\/wp\/v2\/product_brand?post=765622"},{"taxonomy":"product_cat","embeddable":true,"href":"https:\/\/roveyayinevi.com.tr\/index.php\/wp-json\/wp\/v2\/product_cat?post=765622"},{"taxonomy":"product_tag","embeddable":true,"href":"https:\/\/roveyayinevi.com.tr\/index.php\/wp-json\/wp\/v2\/product_tag?post=765622"}],"curies":[{"name":"wp","href":"https:\/\/api.w.org\/{rel}","templated":true}]}}