{"id":765621,"date":"2025-08-28T11:47:17","date_gmt":"2025-08-28T08:47:17","guid":{"rendered":"https:\/\/roveyayinevi.com.tr\/index.php\/urun\/surdurulebilirlik-guncel-multidisipliner-degerlendirmeler\/"},"modified":"2026-04-15T03:31:31","modified_gmt":"2026-04-15T00:31:31","slug":"surdurulebilirlik-guncel-multidisipliner-degerlendirmeler","status":"publish","type":"product","link":"https:\/\/roveyayinevi.com.tr\/index.php\/urun\/surdurulebilirlik-guncel-multidisipliner-degerlendirmeler\/","title":{"rendered":"S\u00fcrd\u00fcr\u00fclebilirlik G\u00fcncel Multidisipliner De\u011ferlendirmeler"},"content":{"rendered":"<p>S\u00fcrd\u00fcr\u00fclebilirlik, ekonomi, \u00e7evre ve toplum aras\u0131ndaki var olan denge ili\u015fkisini koruman\u0131n ve gelecek nesillere aktarman\u0131n ba\u015fat fakt\u00f6r\u00fcd\u00fcr. Ba\u015fta kalk\u0131nma, b\u00fcy\u00fcme ve \u00e7evre olmak \u00fczere farkl\u0131 disiplinler, s\u00fcrd\u00fcr\u00fclebilirli\u011fi sistemsel bir gereklilik olarak tan\u0131mlamakta ve \u00e7e\u015fitli politika \u00f6nerileriyle s\u00f6z konusu kavram\u0131n s\u0131n\u0131rlar\u0131n\u0131 \u00e7izmeye odaklanmaktad\u0131r. K\u00fcreselle\u015fme ile birlikte toplumlar\u0131n artan entegrasyon kabiliyetleri ulusal \u00f6l\u00e7ekte ger\u00e7ekle\u015fen \u015foklar [f\u0131rsatlar ve riskler] t\u00fcm \u00fclke ekonomileri \u00fczerinde k\u0131smen benzer ancak h\u0131zl\u0131 ve yo\u011fun yans\u0131malar\u0131n g\u00f6r\u00fclmesine neden olmaktad\u0131r. S\u00f6z konusu yans\u0131malar-\u00f6zellikle negatif yans\u0131malar ba\u011flam\u0131nda s\u00fcrd\u00fcr\u00fclebilirlik t\u00fcm insanl\u0131\u011f\u0131n sorunlar\u0131na \u00e7\u00f6z\u00fcm \u00fcretmeyi ama\u00e7lamas\u0131n\u0131n yan\u0131 s\u0131ra ekonomik, \u00e7evresel ve sosyal de\u011fi\u015fim dinamiklerini g\u00f6zeten ve de\u011fi\u015fimin yaratt\u0131\u011f\u0131 kar\u015f\u0131l\u0131kl\u0131 etkile\u015fimleri dikkate alan \u00e7ok katmanl\u0131 bir sistem olarak g\u00f6r\u00fclmektedir. Bilhassa artan iklim tehditleri, \u00e7evresel bozulmalar, k\u00fcresel salg\u0131nlar\u0131n ekonomiler \u00fczerinde yaratt\u0131\u011f\u0131 negatif d\u0131\u015fsall\u0131klar, t\u00fcm d\u00fcnyada h\u0131zla artan gelir e\u015fitsizlikleri ve \u00e7at\u0131\u015fmalar s\u00fcrd\u00fcr\u00fclebilirli\u011fin t\u00fcm d\u00fcnya i\u00e7in \u00f6nemli ve ertelenemez bir mesele oldu\u011funa i\u015faret etmektedir. Kendisine atfedilen bu \u00f6nem gere\u011fi s\u00fcrd\u00fcr\u00fclebilirli\u011fi sa\u011flamas\u0131 muhtemel fakt\u00f6rlerin belirlenmesi ve tan\u0131mlanmas\u0131 politika yap\u0131c\u0131lar, firmalar ve hane halklar\u0131 \u00f6zelinde \u00f6nem ta\u015f\u0131maktad\u0131r. Bu d\u00fc\u015f\u00fcnceyle elimizdeki bu kitap s\u00fcrd\u00fcr\u00fclebilirli\u011fi farkl\u0131 perspektiften ele alan \u00e7al\u0131\u015fmalardan olu\u015fmaktad\u0131r. Kolektif bir \u00e7al\u0131\u015fma sonucu ortaya \u00e7\u0131kan bu eser s\u00fcrd\u00fcr\u00fclebilirlik olgusunun \u00f6nemine istinaden bu alana ilgi duyan \u00f6\u011frencilere ve ara\u015ft\u0131rmac\u0131lara teorik ve ampirik uygulamalarla g\u00fcncel geli\u015fmeleri sunmak ve literat\u00fcre katk\u0131 sa\u011flamay\u0131 ama\u00e7lamaktad\u0131r.<\/p>\n","protected":false},"excerpt":{"rendered":"<p>S\u00fcrd\u00fcr\u00fclebilirlik, ekonomi, \u00e7evre ve toplum aras\u0131ndaki var olan denge ili\u015fkisini koruman\u0131n ve gelecek nesillere aktarman\u0131n ba\u015fat fakt\u00f6r\u00fcd\u00fcr. Ba\u015fta kalk\u0131nma, b\u00fcy\u00fcme ve \u00e7evre olmak \u00fczere farkl\u0131 disiplinler,<span class=\"excerpt-hellip\"> [\u2026]<\/span><\/p>\n","protected":false},"featured_media":0,"template":"","meta":{"_monsterinsights_skip_tracking":false,"_monsterinsights_sitenote_active":false,"_monsterinsights_sitenote_note":"","_monsterinsights_sitenote_category":0},"product_brand":[],"product_cat":[13043],"product_tag":[],"class_list":{"0":"post-765621","1":"product","2":"type-product","3":"status-publish","5":"product_cat-ekonomi","6":"pa_cilt-ciltsiz","7":"pa_tur-kitap","8":"pa_yayinevi-orion-kitabevi","9":"pa_yazar-hakan-kaya","11":"first","12":"instock","13":"sale","14":"shipping-taxable","15":"purchasable","16":"product-type-simple"},"_links":{"self":[{"href":"https:\/\/roveyayinevi.com.tr\/index.php\/wp-json\/wp\/v2\/product\/765621","targetHints":{"allow":["GET"]}}],"collection":[{"href":"https:\/\/roveyayinevi.com.tr\/index.php\/wp-json\/wp\/v2\/product"}],"about":[{"href":"https:\/\/roveyayinevi.com.tr\/index.php\/wp-json\/wp\/v2\/types\/product"}],"wp:attachment":[{"href":"https:\/\/roveyayinevi.com.tr\/index.php\/wp-json\/wp\/v2\/media?parent=765621"}],"wp:term":[{"taxonomy":"product_brand","embeddable":true,"href":"https:\/\/roveyayinevi.com.tr\/index.php\/wp-json\/wp\/v2\/product_brand?post=765621"},{"taxonomy":"product_cat","embeddable":true,"href":"https:\/\/roveyayinevi.com.tr\/index.php\/wp-json\/wp\/v2\/product_cat?post=765621"},{"taxonomy":"product_tag","embeddable":true,"href":"https:\/\/roveyayinevi.com.tr\/index.php\/wp-json\/wp\/v2\/product_tag?post=765621"}],"curies":[{"name":"wp","href":"https:\/\/api.w.org\/{rel}","templated":true}]}}