{"id":765616,"date":"2025-08-28T11:47:11","date_gmt":"2025-08-28T08:47:11","guid":{"rendered":"https:\/\/roveyayinevi.com.tr\/index.php\/urun\/stratejik-finansal-yonetim\/"},"modified":"2026-04-15T03:31:31","modified_gmt":"2026-04-15T00:31:31","slug":"stratejik-finansal-yonetim","status":"publish","type":"product","link":"https:\/\/roveyayinevi.com.tr\/index.php\/urun\/stratejik-finansal-yonetim\/","title":{"rendered":"Stratejik Finansal Y\u00f6netim"},"content":{"rendered":"<p>Klasik finansal y\u00f6netim ve bun dayal\u0131 kararlar, kaynaklar\u0131 uygun ko\u015fullarda elde etmeye ve reaktif finansal politikalar \u00fczerine odaklanmaktad\u0131r. Modern \u00e7er\u00e7evede finansal y\u00f6netim ise, \u00f6ncelikli olarka kaynaklar\u0131n etkin ve verimli \u015fekilde kullan\u0131m\u0131 \u00fczerine proaktif yakla\u015f\u0131mlar geli\u015ftirerek daha rekabet\u00e7i finansal politikalar\u0131n olu\u015fturulmas\u0131na katk\u0131 sa\u011flanmaktad\u0131r. Stratejik finansal y\u00f6netim kavram\u0131 ise modern finans ve yat\u0131r\u0131m kararlar\u0131na stratejik bir bak\u0131\u015f a\u00e7\u0131s\u0131 kaand\u0131rmaktad\u0131r&#8230;<\/p>\n","protected":false},"excerpt":{"rendered":"<p>Klasik finansal y\u00f6netim ve bun dayal\u0131 kararlar, kaynaklar\u0131 uygun ko\u015fullarda elde etmeye ve reaktif finansal politikalar \u00fczerine odaklanmaktad\u0131r. Modern \u00e7er\u00e7evede finansal y\u00f6netim ise, \u00f6ncelikli olarka kaynaklar\u0131n<span class=\"excerpt-hellip\"> [\u2026]<\/span><\/p>\n","protected":false},"featured_media":0,"template":"","meta":{"_monsterinsights_skip_tracking":false,"_monsterinsights_sitenote_active":false,"_monsterinsights_sitenote_note":"","_monsterinsights_sitenote_category":0},"product_brand":[],"product_cat":[13043,19008],"product_tag":[],"class_list":{"0":"post-765616","1":"product","2":"type-product","3":"status-publish","5":"product_cat-ekonomi","6":"product_cat-yonetim","7":"pa_cilt-ciltsiz","8":"pa_tur-kitap","9":"pa_yayinevi-orion-kitabevi","10":"pa_yazar-hasan-dincer","12":"first","13":"instock","14":"sale","15":"shipping-taxable","16":"purchasable","17":"product-type-simple"},"_links":{"self":[{"href":"https:\/\/roveyayinevi.com.tr\/index.php\/wp-json\/wp\/v2\/product\/765616","targetHints":{"allow":["GET"]}}],"collection":[{"href":"https:\/\/roveyayinevi.com.tr\/index.php\/wp-json\/wp\/v2\/product"}],"about":[{"href":"https:\/\/roveyayinevi.com.tr\/index.php\/wp-json\/wp\/v2\/types\/product"}],"wp:attachment":[{"href":"https:\/\/roveyayinevi.com.tr\/index.php\/wp-json\/wp\/v2\/media?parent=765616"}],"wp:term":[{"taxonomy":"product_brand","embeddable":true,"href":"https:\/\/roveyayinevi.com.tr\/index.php\/wp-json\/wp\/v2\/product_brand?post=765616"},{"taxonomy":"product_cat","embeddable":true,"href":"https:\/\/roveyayinevi.com.tr\/index.php\/wp-json\/wp\/v2\/product_cat?post=765616"},{"taxonomy":"product_tag","embeddable":true,"href":"https:\/\/roveyayinevi.com.tr\/index.php\/wp-json\/wp\/v2\/product_tag?post=765616"}],"curies":[{"name":"wp","href":"https:\/\/api.w.org\/{rel}","templated":true}]}}