{"id":765615,"date":"2025-08-28T11:47:10","date_gmt":"2025-08-28T08:47:10","guid":{"rendered":"https:\/\/roveyayinevi.com.tr\/index.php\/urun\/sovyet-tehdidinin-golgesinde-turk-dis-politikasi\/"},"modified":"2025-10-29T10:45:30","modified_gmt":"2025-10-29T07:45:30","slug":"sovyet-tehdidinin-golgesinde-turk-dis-politikasi","status":"publish","type":"product","link":"https:\/\/roveyayinevi.com.tr\/index.php\/urun\/sovyet-tehdidinin-golgesinde-turk-dis-politikasi\/","title":{"rendered":"Sovyet Tehdidinin G\u00f6lgesinde T\u00fcrk D\u0131\u015f Politikas\u0131"},"content":{"rendered":"<p>Uluslararas\u0131 ili\u015fkiler konusunda \u00e7ok say\u0131da yay\u0131nlanm\u0131\u015f makaleleri ile 8 kitab\u0131 bulunan, yurt i\u00e7inde ve yurt d\u0131\u015f\u0131nda \u00e7e\u015fitli \u00f6nemli g\u00f6revler \u00fcstlenmi\u015f olan deneyimli diplomat Emekli B\u00fcy\u00fckel\u00e7i Numan Hazar bu kitab\u0131nda Rusya\u2019n\u0131n (ya da Sovyetler Birli\u011fi\u2019nin) tarih s\u00fcreci i\u00e7erisinde olu\u015fturdu\u011fu T\u00fcrkiye\u2019ye y\u00f6nelik tehdide de\u011finiyor. T\u00fcrkiye-SSCB ili\u015fkileri a\u00e7\u0131s\u0131ndan zaman zaman yak\u0131n dostluk ili\u015fkilerinin de ya\u015fand\u0131\u011f\u0131 Sovyet d\u00f6nemini Rusya tarihi i\u00e7erisinde bir parantez olarak g\u00f6r\u00fcyor. Atat\u00fcrk, \u0130n\u00f6n\u00fc ve Saraco\u011flu ile Bayar ve Menderes d\u00e2hil t\u00fcm T\u00fcrk devlet adamlar\u0131n\u0131n genellikle \u2018\u2019Sovyet Rusya\u2019\u2019 deyimini kullanmalar\u0131n\u0131n onlar\u0131n ger\u00e7ek bir tarih bilincine sahip olduklar\u0131n\u0131 g\u00f6sterdi\u011fini vurguluyor.  \u0130kinci D\u00fcnya Sava\u015f\u0131 ertesinde SSCB\u2019nin T\u00fcrkiye\u2019den toprak ve Bo\u011fazlarda \u00fcs taleplerini ar\u015fiv bilgileri \u00e7er\u00e7evesinde a\u00e7\u0131\u011fa kavu\u015fturuyor. Sovyet tehdidinin T\u00fcrk d\u0131\u015f politikas\u0131n\u0131 a\u015f\u0131r\u0131 Bat\u0131 yanl\u0131s\u0131 bir tutuma s\u00fcr\u00fckledi\u011fini a\u00e7\u0131kl\u0131yor. D\u0131\u015f politika alan\u0131nda T\u00fcrkiye\u2019de \u00e7e\u015fitli alanlarda \u2018\u2019maksatl\u0131 ya da sebepsiz\u2019\u2019 bir bilgi kirlili\u011fi mevcut oldu\u011funu a\u00e7\u0131kl\u0131yor.  Rusya-Ukrayna sava\u015f\u0131 ile Rusya Federasyonunun son d\u00f6nemlerde izledi\u011fi politikalar birlikte de\u011ferlendirildi\u011finde kitap T\u00fcrk kamuoyu a\u00e7\u0131s\u0131ndan ilgin\u00e7 bilgiler i\u00e7ermektedir.<\/p>\n","protected":false},"excerpt":{"rendered":"<p>Uluslararas\u0131 ili\u015fkiler konusunda \u00e7ok say\u0131da yay\u0131nlanm\u0131\u015f makaleleri ile 8 kitab\u0131 bulunan, yurt i\u00e7inde ve yurt d\u0131\u015f\u0131nda \u00e7e\u015fitli \u00f6nemli g\u00f6revler \u00fcstlenmi\u015f olan deneyimli diplomat Emekli B\u00fcy\u00fckel\u00e7i Numan<span class=\"excerpt-hellip\"> [\u2026]<\/span><\/p>\n","protected":false},"featured_media":0,"template":"","meta":{"_monsterinsights_skip_tracking":false,"_monsterinsights_sitenote_active":false,"_monsterinsights_sitenote_note":"","_monsterinsights_sitenote_category":0},"product_brand":[],"product_cat":[12337,14543],"product_tag":[],"class_list":{"0":"post-765615","1":"product","2":"type-product","3":"status-publish","5":"product_cat-politika-siyaset","6":"product_cat-turkiye-siyaseti-ve-politikasi","7":"pa_cilt-ciltsiz","8":"pa_tur-kitap","9":"pa_yayinevi-orion-kitabevi","10":"pa_yazar-numan-hazar","12":"first","13":"instock","14":"sale","15":"shipping-taxable","16":"purchasable","17":"product-type-simple"},"_links":{"self":[{"href":"https:\/\/roveyayinevi.com.tr\/index.php\/wp-json\/wp\/v2\/product\/765615","targetHints":{"allow":["GET"]}}],"collection":[{"href":"https:\/\/roveyayinevi.com.tr\/index.php\/wp-json\/wp\/v2\/product"}],"about":[{"href":"https:\/\/roveyayinevi.com.tr\/index.php\/wp-json\/wp\/v2\/types\/product"}],"wp:attachment":[{"href":"https:\/\/roveyayinevi.com.tr\/index.php\/wp-json\/wp\/v2\/media?parent=765615"}],"wp:term":[{"taxonomy":"product_brand","embeddable":true,"href":"https:\/\/roveyayinevi.com.tr\/index.php\/wp-json\/wp\/v2\/product_brand?post=765615"},{"taxonomy":"product_cat","embeddable":true,"href":"https:\/\/roveyayinevi.com.tr\/index.php\/wp-json\/wp\/v2\/product_cat?post=765615"},{"taxonomy":"product_tag","embeddable":true,"href":"https:\/\/roveyayinevi.com.tr\/index.php\/wp-json\/wp\/v2\/product_tag?post=765615"}],"curies":[{"name":"wp","href":"https:\/\/api.w.org\/{rel}","templated":true}]}}