{"id":765614,"date":"2025-08-28T11:47:08","date_gmt":"2025-08-28T08:47:08","guid":{"rendered":"https:\/\/roveyayinevi.com.tr\/index.php\/urun\/sosyal-sermaye\/"},"modified":"2026-04-15T03:31:31","modified_gmt":"2026-04-15T00:31:31","slug":"sosyal-sermaye","status":"publish","type":"product","link":"https:\/\/roveyayinevi.com.tr\/index.php\/urun\/sosyal-sermaye\/","title":{"rendered":"Sosyal Sermaye"},"content":{"rendered":"<p>Ge\u00e7mi\u015fte &#8220;neye sahipsin?&#8221; sorusunun yan\u0131t\u0131 olan sermaye kavram\u0131, zamanla &#8220;ne biliyorsun?&#8221; sorusunun, g\u00fcn\u00fcm\u00fczdeyse &#8220;kimi tan\u0131yorsun?&#8221; sorusunun yan\u0131t\u0131 haline gelmi\u015ftir. Yani ge\u00e7mi\u015fte gelirin ya da bireyin tecr\u00fcbesinin, e\u011fitiminin, yetene\u011finin ve bilgi birikiminin sermaye de\u011feri oldu\u011fu d\u00fc\u015f\u00fcn\u00fcl\u00fcrken, bug\u00fcn akt\u00f6rlerin ili\u015fkilerinin ve ba\u011flant\u0131lar\u0131n\u0131n da sermaye olarak de\u011ferlendirilebilece\u011fi d\u00fc\u015f\u00fcncesi kabul g\u00f6rmeye ba\u015flam\u0131\u015ft\u0131r. Bu \u00e7er\u00e7evede sermayenin de\u011fi\u015fen anlam\u0131na ve geni\u015fleyen i\u00e7eri\u011fine vurgu yapan H\u00fclya E\u015fki U\u011fuz, bu \u00e7al\u0131\u015fmas\u0131nda sosyal sermaye kavram\u0131n\u0131 kapsaml\u0131 bir bi\u00e7imde ele almakta ve onu hemen hemen t\u00fcm boyutlar\u0131yla analiz etmektedir. S\u00f6z konusu analiz, T\u00fcrk\u00e7e literat\u00fcrde yeni yeni ele al\u0131nmakta olan bir kavram\u0131n hem s\u0131n\u0131rlar\u0131n\u0131 netle\u015ftirmekte, hem de onu ekonomik ve toplumsal kalk\u0131nma, aile ve gen\u00e7lik sorunlar\u0131, e\u011fitim ve e\u011fitsel ba\u015far\u0131, toplumsal ya\u015fam, \u00e7al\u0131\u015fma hayat\u0131 ve \u00f6rg\u00fctlenme, demokrasi ve y\u00f6neti\u015fim, kolektif eylemler, toplumsall\u0131k, ahlaki de\u011ferler gibi s\u0131n\u0131rs\u0131z bir ara\u015ft\u0131rma alan\u0131nda kullan\u0131labilecek bir ara\u00e7 haline getirmektedir. Dr. H\u00fclya E\u015fki U\u011fuz&#8217;un konu ile ilgili yerli ve yabanc\u0131 literat\u00fcr\u00fc tarayarak b\u00fcy\u00fck bir emekle, titiz ve \u00f6zenli bir yakla\u015f\u0131mla ger\u00e7ekle\u015ftirdi\u011fi bu \u00e7al\u0131\u015fmadan ba\u015fta y\u00f6netim bilimleri, sosyoloji, ekonomi ve e\u011fitim bilimleri alanlar\u0131nda \u00e7al\u0131\u015fanlar olmak \u00fczere sosyal bilimler disiplininde \u00e7al\u0131\u015fanlar\u0131n yararlanabilecekleri inanc\u0131n\u0131 ta\u015f\u0131yorum. Ki\u015fisel ve kurumsal ba\u015far\u0131 i\u00e7in sosyal sermayeye vurgu yapan bu kitab\u0131n ba\u015fka ara\u015ft\u0131rmac\u0131lara da \u00f6rnek olmas\u0131n\u0131 diliyorum. -Prof. Dr. Orhan G\u00f6k\u00e7e<\/p>\n","protected":false},"excerpt":{"rendered":"<p>Ge\u00e7mi\u015fte &#8220;neye sahipsin?&#8221; sorusunun yan\u0131t\u0131 olan sermaye kavram\u0131, zamanla &#8220;ne biliyorsun?&#8221; sorusunun, g\u00fcn\u00fcm\u00fczdeyse &#8220;kimi tan\u0131yorsun?&#8221; sorusunun yan\u0131t\u0131 haline gelmi\u015ftir. Yani ge\u00e7mi\u015fte gelirin ya da bireyin tecr\u00fcbesinin,<span class=\"excerpt-hellip\"> [\u2026]<\/span><\/p>\n","protected":false},"featured_media":0,"template":"","meta":{"_monsterinsights_skip_tracking":false,"_monsterinsights_sitenote_active":false,"_monsterinsights_sitenote_note":"","_monsterinsights_sitenote_category":0},"product_brand":[],"product_cat":[20333,13043],"product_tag":[],"class_list":{"0":"post-765614","1":"product","2":"type-product","3":"status-publish","5":"product_cat-diger-ekonomi","6":"product_cat-ekonomi","7":"pa_cilt-ciltsiz","8":"pa_tur-kitap","9":"pa_yayinevi-orion-kitabevi","10":"pa_yazar-hulya-eski-uguz","12":"first","13":"instock","14":"sale","15":"shipping-taxable","16":"purchasable","17":"product-type-simple"},"_links":{"self":[{"href":"https:\/\/roveyayinevi.com.tr\/index.php\/wp-json\/wp\/v2\/product\/765614","targetHints":{"allow":["GET"]}}],"collection":[{"href":"https:\/\/roveyayinevi.com.tr\/index.php\/wp-json\/wp\/v2\/product"}],"about":[{"href":"https:\/\/roveyayinevi.com.tr\/index.php\/wp-json\/wp\/v2\/types\/product"}],"wp:attachment":[{"href":"https:\/\/roveyayinevi.com.tr\/index.php\/wp-json\/wp\/v2\/media?parent=765614"}],"wp:term":[{"taxonomy":"product_brand","embeddable":true,"href":"https:\/\/roveyayinevi.com.tr\/index.php\/wp-json\/wp\/v2\/product_brand?post=765614"},{"taxonomy":"product_cat","embeddable":true,"href":"https:\/\/roveyayinevi.com.tr\/index.php\/wp-json\/wp\/v2\/product_cat?post=765614"},{"taxonomy":"product_tag","embeddable":true,"href":"https:\/\/roveyayinevi.com.tr\/index.php\/wp-json\/wp\/v2\/product_tag?post=765614"}],"curies":[{"name":"wp","href":"https:\/\/api.w.org\/{rel}","templated":true}]}}