{"id":765613,"date":"2025-08-28T11:47:07","date_gmt":"2025-08-28T08:47:07","guid":{"rendered":"https:\/\/roveyayinevi.com.tr\/index.php\/urun\/sosyal-politika-ve-siddet\/"},"modified":"2026-04-15T03:31:31","modified_gmt":"2026-04-15T00:31:31","slug":"sosyal-politika-ve-siddet","status":"publish","type":"product","link":"https:\/\/roveyayinevi.com.tr\/index.php\/urun\/sosyal-politika-ve-siddet\/","title":{"rendered":"Sosyal Politika ve \u015eiddet"},"content":{"rendered":"<p>Hemen her g\u00fcn farkl\u0131 alanlarda ve farkl\u0131 bi\u00e7imlerde ya\u015fanan \u015fiddet, sosyal medyan\u0131n yayg\u0131n kullan\u0131m\u0131 ile birlikte daha da g\u00f6r\u00fcn\u00fcr hale gelmi\u015ftir. Her \u015feyden \u00f6nce insan hakk\u0131 ihlali olan ve bilimsel ara\u015ft\u0131rmalarda \u00e7o\u011funlukla hukuksal ba\u011flamda ele al\u0131nan konu, ayn\u0131 zamanda oda\u011f\u0131na sosyal sorunlar\u0131 alan sosyal politikan\u0131n da konusudur. Alan yaz\u0131nda sosyal politika temelinde \u015fiddet sorununa ili\u015fkin kitap \u00e7al\u0131\u015fmas\u0131n\u0131n s\u0131n\u0131rl\u0131 say\u0131da oldu\u011funun tespit edilmesi \u00fczerine bu \u00e7al\u0131\u015fman\u0131n ger\u00e7ekle\u015ftirilmesine karar verilmi\u015ftir. Kitap, soruna sosyal politika a\u00e7\u0131s\u0131ndan yakla\u015farak \u015fiddet sorununun en yo\u011fun g\u00f6r\u00fcld\u00fc\u011f\u00fc mekanlara ve gruplara ili\u015fkin kapsaml\u0131 literat\u00fcr sunmay\u0131 ama\u00e7lamaktad\u0131r.<\/p>\n","protected":false},"excerpt":{"rendered":"<p>Hemen her g\u00fcn farkl\u0131 alanlarda ve farkl\u0131 bi\u00e7imlerde ya\u015fanan \u015fiddet, sosyal medyan\u0131n yayg\u0131n kullan\u0131m\u0131 ile birlikte daha da g\u00f6r\u00fcn\u00fcr hale gelmi\u015ftir. Her \u015feyden \u00f6nce insan hakk\u0131<span class=\"excerpt-hellip\"> [\u2026]<\/span><\/p>\n","protected":false},"featured_media":0,"template":"","meta":{"_monsterinsights_skip_tracking":false,"_monsterinsights_sitenote_active":false,"_monsterinsights_sitenote_note":"","_monsterinsights_sitenote_category":0},"product_brand":[],"product_cat":[15983,13488],"product_tag":[],"class_list":{"0":"post-765613","1":"product","2":"type-product","3":"status-publish","5":"product_cat-iletisim-ve-medya","6":"product_cat-toplum-ve-insan","7":"pa_cilt-ciltsiz","8":"pa_tur-kitap","9":"pa_yayinevi-orion-kitabevi","10":"pa_yazar-suheyla-erikli","12":"first","13":"instock","14":"sale","15":"shipping-taxable","16":"purchasable","17":"product-type-simple"},"_links":{"self":[{"href":"https:\/\/roveyayinevi.com.tr\/index.php\/wp-json\/wp\/v2\/product\/765613","targetHints":{"allow":["GET"]}}],"collection":[{"href":"https:\/\/roveyayinevi.com.tr\/index.php\/wp-json\/wp\/v2\/product"}],"about":[{"href":"https:\/\/roveyayinevi.com.tr\/index.php\/wp-json\/wp\/v2\/types\/product"}],"wp:attachment":[{"href":"https:\/\/roveyayinevi.com.tr\/index.php\/wp-json\/wp\/v2\/media?parent=765613"}],"wp:term":[{"taxonomy":"product_brand","embeddable":true,"href":"https:\/\/roveyayinevi.com.tr\/index.php\/wp-json\/wp\/v2\/product_brand?post=765613"},{"taxonomy":"product_cat","embeddable":true,"href":"https:\/\/roveyayinevi.com.tr\/index.php\/wp-json\/wp\/v2\/product_cat?post=765613"},{"taxonomy":"product_tag","embeddable":true,"href":"https:\/\/roveyayinevi.com.tr\/index.php\/wp-json\/wp\/v2\/product_tag?post=765613"}],"curies":[{"name":"wp","href":"https:\/\/api.w.org\/{rel}","templated":true}]}}