{"id":765611,"date":"2025-08-28T11:47:05","date_gmt":"2025-08-28T08:47:05","guid":{"rendered":"https:\/\/roveyayinevi.com.tr\/index.php\/urun\/sosyal-demokrasi-okumalari\/"},"modified":"2026-04-15T03:31:31","modified_gmt":"2026-04-15T00:31:31","slug":"sosyal-demokrasi-okumalari","status":"publish","type":"product","link":"https:\/\/roveyayinevi.com.tr\/index.php\/urun\/sosyal-demokrasi-okumalari\/","title":{"rendered":"Sosyal Demokrasi Okumalar\u0131"},"content":{"rendered":"<p>G\u00fcn\u00fcm\u00fczde sosyal demokrasi \u00f6zg\u00fcrl\u00fck, adalet ve dayan\u0131\u015fma ilkeleriyle eme\u011fin savunusunu yapmak olarak alg\u0131lanmaktad\u0131r. Sosyal demokrasi bu ilkeleri g\u00fc\u00e7l\u00fc bir Marksist gelenekten s\u00fcz\u00fclerek demokratikle\u015fme s\u00fcrecinde i\u015f\u00e7i s\u0131n\u0131f\u0131n\u0131n temel de\u011ferleri olarak sunmu\u015ftur. Ancak sosyalizmden evrilen sosyal demokrasinin tam olarak ne oldu\u011fu k\u00fcreselle\u015fmeyle birlikte yeniden tart\u0131\u015fmaya a\u00e7\u0131lm\u0131\u015ft\u0131r. Sosyal demokrasi ve dolay\u0131s\u0131yla sosyal devlet k\u00fcreselle\u015fme s\u00fcrecinde yeniden bir d\u00f6n\u00fc\u015f\u00fcm ya\u015fam\u0131\u015ft\u0131r. T\u00fcrkiye&#8217;de ise Sosyal Demokrasi&#8217;nin seyri ne yaz\u0131k ki Bat\u0131&#8217;da geli\u015fti\u011fi gibi geli\u015fememi\u015ftir. Bunun bir\u00e7ok sebebi olmakla birlikte sosyal demokrasiye inananlar\u0131n ciddi bir entelekt\u00fcel harekete ve ekole d\u00f6n\u00fc\u015fmemesi en \u00f6nemli sebeptir. Sadece entelekt\u00fcel anlamda de\u011fil, ayn\u0131 zamanda klasik taban\u0131ndan destek bulmamas\u0131 da siyasal anlamda bu hareketin geli\u015fmesini engellemi\u015ftir. Bat\u0131&#8217;da her zaman iktidar alternatifi olan bu d\u00fc\u015f\u00fcncenin &#8220;T\u00fcrkiye&#8217;nin kendine \u00f6zg\u00fc \u015fartlar\u0131&#8221; nedeniyle anla\u015f\u0131lmamas\u0131 ya da Kemalizm ile eklemlenmesi onu ayn\u0131 zamanda iktidar alternatifi olmaktan \u00e7\u0131karm\u0131\u015f ve dar bir alana hapsetmi\u015ftir. T\u00fcrkiye&#8217;de tek parti ele\u015ftirisinin yap\u0131ld\u0131\u011f\u0131 son zamanlarda evrensel de\u011ferleri sahip bir sosyal demokrasi anlay\u0131\u015f\u0131 eskiye g\u00f6re daha elzem hale gelmi\u015fttir. Bu kitap sosyal demokrasi konusundaki \u00e7al\u0131\u015fmalar\u0131 ile tan\u0131nan se\u00e7kin siyaset adamlar\u0131n\u0131n, gazetecilerinin ve akademisyenlerin makalelerinin derlemesi ile olu\u015fturulmu\u015ftur. Okuyucu hem sosyal demokrasinin Bat\u0131&#8217;daki ser\u00fcvenini hem de T\u00fcrkiye&#8217;deki ser\u00fcvenini bu kitapta bulacakt\u0131r.<\/p>\n","protected":false},"excerpt":{"rendered":"<p>G\u00fcn\u00fcm\u00fczde sosyal demokrasi \u00f6zg\u00fcrl\u00fck, adalet ve dayan\u0131\u015fma ilkeleriyle eme\u011fin savunusunu yapmak olarak alg\u0131lanmaktad\u0131r. Sosyal demokrasi bu ilkeleri g\u00fc\u00e7l\u00fc bir Marksist gelenekten s\u00fcz\u00fclerek demokratikle\u015fme s\u00fcrecinde i\u015f\u00e7i s\u0131n\u0131f\u0131n\u0131n<span class=\"excerpt-hellip\"> [\u2026]<\/span><\/p>\n","protected":false},"featured_media":0,"template":"","meta":{"_monsterinsights_skip_tracking":false,"_monsterinsights_sitenote_active":false,"_monsterinsights_sitenote_note":"","_monsterinsights_sitenote_category":0},"product_brand":[],"product_cat":[12338,12337],"product_tag":[],"class_list":{"0":"post-765611","1":"product","2":"type-product","3":"status-publish","5":"product_cat-dunya-siyaseti-ve-politikasi","6":"product_cat-politika-siyaset","7":"pa_cilt-ciltsiz","8":"pa_tur-kitap","9":"pa_yayinevi-orion-kitabevi","10":"pa_yazar-ibrahim-saritas","12":"first","13":"instock","14":"sale","15":"shipping-taxable","16":"purchasable","17":"product-type-simple"},"_links":{"self":[{"href":"https:\/\/roveyayinevi.com.tr\/index.php\/wp-json\/wp\/v2\/product\/765611","targetHints":{"allow":["GET"]}}],"collection":[{"href":"https:\/\/roveyayinevi.com.tr\/index.php\/wp-json\/wp\/v2\/product"}],"about":[{"href":"https:\/\/roveyayinevi.com.tr\/index.php\/wp-json\/wp\/v2\/types\/product"}],"wp:attachment":[{"href":"https:\/\/roveyayinevi.com.tr\/index.php\/wp-json\/wp\/v2\/media?parent=765611"}],"wp:term":[{"taxonomy":"product_brand","embeddable":true,"href":"https:\/\/roveyayinevi.com.tr\/index.php\/wp-json\/wp\/v2\/product_brand?post=765611"},{"taxonomy":"product_cat","embeddable":true,"href":"https:\/\/roveyayinevi.com.tr\/index.php\/wp-json\/wp\/v2\/product_cat?post=765611"},{"taxonomy":"product_tag","embeddable":true,"href":"https:\/\/roveyayinevi.com.tr\/index.php\/wp-json\/wp\/v2\/product_tag?post=765611"}],"curies":[{"name":"wp","href":"https:\/\/api.w.org\/{rel}","templated":true}]}}