{"id":765610,"date":"2025-08-28T11:47:04","date_gmt":"2025-08-28T08:47:04","guid":{"rendered":"https:\/\/roveyayinevi.com.tr\/index.php\/urun\/sosyal-demokrasi\/"},"modified":"2026-04-15T03:31:31","modified_gmt":"2026-04-15T00:31:31","slug":"sosyal-demokrasi","status":"publish","type":"product","link":"https:\/\/roveyayinevi.com.tr\/index.php\/urun\/sosyal-demokrasi\/","title":{"rendered":"Sosyal Demokrasi"},"content":{"rendered":"<p>Bug\u00fcn T\u00fcrkiye&#8217;nin iyi y\u00f6netilmesi i\u00e7in, bir siyasi kimlik olarak hareket edecek ve toplumla ba\u011f kuracak g\u00fc\u00e7l\u00fc bir sosyal demokratik olu\u015fuma gereksinim duyuyoruz, ama b\u00f6yle bir olu\u015fumun hangi kurumsal, felsefi sosyolojik ve siyasi temeller \u00fczerine kurulaca\u011f\u0131 \u00fczerine de ciddi bir \u00e7al\u0131\u015fma ve tart\u0131\u015fma s\u00fcrecini de ba\u015flatm\u0131yoruz. \u0130lgin\u00e7 olarak, gereksinim duyulan sosyal demokrasinin ne oldu\u011fu, hangi tarihsel ve kuramsal ko\u015fular i\u00e7inde, ayn\u0131 zamanda farkl\u0131 mekanlar i\u00e7inde, ge\u00e7irdi\u011fi de\u011fi\u015fimler ve d\u00f6n\u00fc\u015f\u00fcmler \u00fczerine T\u00fcrkiye&#8217;de \u00e7ok az say\u0131da ciddi \u00e7al\u0131\u015fmalar\u0131n yap\u0131ld\u0131\u011f\u0131n\u0131 s\u00f6yleyebiliriz. \u0130brahim Sar\u0131ta\u015f taraf\u0131ndan titiz bir bilimsel ve akademik \u00e7al\u0131\u015fma i\u00e7inde haz\u0131rlanm\u0131\u015f elinizdeki kitap, i\u00e7erdi\u011fi kar\u015f\u0131la\u015ft\u0131r\u0131lmal\u0131 ve tarihsel \u00e7\u00f6z\u00fcmlemeyle bu bo\u015flu\u011fu dolduruyor. Almanya ve T\u00fcrkiye \u00f6rneklerinde sosyal demokrasinin kapsaml\u0131 bir incelemesini sunan bu \u00e7al\u0131\u015fmay\u0131, bu konuyla ilgili \u00e7al\u0131\u015fan ve d\u00fc\u015f\u00fcnen herkese tavsiye ederim. E. Fuat Keyman Sosyal demokrasinin tarihsel geli\u015fimi, iki gerilim hatt\u0131 \u00fczerinde cereyan ediyor: Bir yandan &#8220;evrensel -uluslarars\u0131&#8221; ile &#8220;yerel -milli&#8217;nin gerilimi, di\u011fer yandan &#8211; zaman zaman redikalizme de a\u00e7\u0131k &#8211; bir reforizm ile stat\u00fckoculuk aras\u0131ndaki gerilim&#8230; \u0130brahim Sar\u0131ta\u015f&#8217;\u0131n, sosyal demokrasinin men\u015fe \u00fclkesi say\u0131lan Almanya&#8217;daki tarihsel geli\u015fimi ve T\u00fcrkiye&#8217;de Ortan\u0131n Solu&#8217;ndan bug\u00fcne uzanan \u00e7izgiyi ele alan incelemesi, bu gerilimler \u00fczerine yeniden d\u00fc\u015f\u00fcnmek i\u00e7in bir zemin sunuyor. Bu kitaptan da \u00e7\u0131karabiliyoruz ki, galiba, Alman sosyal demokrasinin hikayesi, reformizmin olas\u0131 radikal i\u00e7eriklerinden gitgide kopman\u0131n hikayesidir. Gliba T\u00fcrkiye sosyal demokrasinin hikayesi de, bu ak\u0131m\u0131n evrensel ilkelerine gitgide &#8220;soyunman\u0131n&#8221; hikayesi&#8230; Ayr\u0131ca iki \u00f6rne\u011fin mukayesi yazar\u0131n da \u00fczerinde durdu\u011fu gibi, T\u00fcrkiye&#8217;deki &#8220;sosyal demokrat&#8221; kimlikli politikan\u0131n kendi \u00fczerine ele\u015ftirel d\u00fc\u015f\u00fcnmekten neredeyse &#8220;sistemli&#8221; olarak ka\u00e7\u0131nmas\u0131yla temay\u00fcz etti\u011fini g\u00f6steriyor! Tan\u0131l Bora<\/p>\n","protected":false},"excerpt":{"rendered":"<p>Bug\u00fcn T\u00fcrkiye&#8217;nin iyi y\u00f6netilmesi i\u00e7in, bir siyasi kimlik olarak hareket edecek ve toplumla ba\u011f kuracak g\u00fc\u00e7l\u00fc bir sosyal demokratik olu\u015fuma gereksinim duyuyoruz, ama b\u00f6yle bir olu\u015fumun<span class=\"excerpt-hellip\"> [\u2026]<\/span><\/p>\n","protected":false},"featured_media":0,"template":"","meta":{"_monsterinsights_skip_tracking":false,"_monsterinsights_sitenote_active":false,"_monsterinsights_sitenote_note":"","_monsterinsights_sitenote_category":0},"product_brand":[],"product_cat":[12337],"product_tag":[],"class_list":{"0":"post-765610","1":"product","2":"type-product","3":"status-publish","5":"product_cat-politika-siyaset","6":"pa_cilt-ciltsiz","7":"pa_tur-kitap","8":"pa_yayinevi-orion-kitabevi","9":"pa_yazar-ibrahim-saritas","11":"first","12":"instock","13":"sale","14":"shipping-taxable","15":"purchasable","16":"product-type-simple"},"_links":{"self":[{"href":"https:\/\/roveyayinevi.com.tr\/index.php\/wp-json\/wp\/v2\/product\/765610","targetHints":{"allow":["GET"]}}],"collection":[{"href":"https:\/\/roveyayinevi.com.tr\/index.php\/wp-json\/wp\/v2\/product"}],"about":[{"href":"https:\/\/roveyayinevi.com.tr\/index.php\/wp-json\/wp\/v2\/types\/product"}],"wp:attachment":[{"href":"https:\/\/roveyayinevi.com.tr\/index.php\/wp-json\/wp\/v2\/media?parent=765610"}],"wp:term":[{"taxonomy":"product_brand","embeddable":true,"href":"https:\/\/roveyayinevi.com.tr\/index.php\/wp-json\/wp\/v2\/product_brand?post=765610"},{"taxonomy":"product_cat","embeddable":true,"href":"https:\/\/roveyayinevi.com.tr\/index.php\/wp-json\/wp\/v2\/product_cat?post=765610"},{"taxonomy":"product_tag","embeddable":true,"href":"https:\/\/roveyayinevi.com.tr\/index.php\/wp-json\/wp\/v2\/product_tag?post=765610"}],"curies":[{"name":"wp","href":"https:\/\/api.w.org\/{rel}","templated":true}]}}