{"id":765609,"date":"2025-08-28T11:47:02","date_gmt":"2025-08-28T08:47:02","guid":{"rendered":"https:\/\/roveyayinevi.com.tr\/index.php\/urun\/siyasi-ve-kurumsal-orgutlerin-yeni-mirascisi-z-kusagi\/"},"modified":"2026-04-15T03:31:31","modified_gmt":"2026-04-15T00:31:31","slug":"siyasi-ve-kurumsal-orgutlerin-yeni-mirascisi-z-kusagi","status":"publish","type":"product","link":"https:\/\/roveyayinevi.com.tr\/index.php\/urun\/siyasi-ve-kurumsal-orgutlerin-yeni-mirascisi-z-kusagi\/","title":{"rendered":"Siyasi ve Kurumsal \u00d6rg\u00fctlerin Yeni Miras\u00e7\u0131s\u0131 Z Ku\u015fa\u011f\u0131"},"content":{"rendered":"<p>Z ku\u015fa\u011f\u0131, kendisinden \u00f6nceki ku\u015faklara g\u00f6re sahip oldu\u011fu farkl\u0131 \u00f6zellikleri ile i\u015f, sosyal ve siyasi hayat\u0131n dinamiklerini belirleyecek ku\u015fak olarak g\u00f6r\u00fclmektedir. Bu a\u00e7\u0131dan kurumsal ve siyasi \u00f6rg\u00fctlerin de en yak\u0131n miras\u00e7\u0131lar\u0131 olarak g\u00f6r\u00fclen Z ku\u015fa\u011f\u0131n\u0131n beklentilerinin ve davran\u0131\u015flar\u0131n\u0131n alt\u0131nda yatan nedenlerin anla\u015f\u0131lmas\u0131, \u00f6rg\u00fctlerin gelecekteki ba\u015far\u0131lar\u0131 a\u00e7\u0131s\u0131ndan \u00f6nemlidir. \u00d6zellikle de \u00f6n\u00fcm\u00fczdeki se\u00e7imlerde \u00e7o\u011funlu\u011fu ilk kez oy kullanacak olan bu ku\u015fa\u011f\u0131n gelece\u011fin siyasetini \u015fekillendirecek ku\u015fak olmas\u0131 siyasi liderlerin se\u00e7im kampanyalar\u0131nda bu ku\u015fa\u011f\u0131n da beklentilerini dikkate alarak hareket etmelerini sa\u011flamaktad\u0131r.Bu eser, \u0130brahim Ha\u015fim \u0130nal&#8217;\u0131n Z ku\u015fa\u011f\u0131na y\u00f6nelik toplam 9000 ki\u015fi ile yapt\u0131\u011f\u0131 anketlerle siyasi lider tercihleri, i\u015f hayat\u0131nda tercih ettikleri liderlik \u00f6zellikleri, sosyal medyan\u0131n karar verme davran\u0131\u015flar\u0131na ve siyasi tercihleri \u00fczerine etkisinin ara\u015ft\u0131r\u0131ld\u0131\u011f\u0131 4 adet makaleden elde edilen verilerle \u00fcretilmi\u015ftir. Bu ara\u015ft\u0131rmalar yap\u0131l\u0131rken &#8220;Z ku\u015fa\u011f\u0131 olsa nas\u0131l davran\u0131rd\u0131?&#8221; sorusundan hareket edilmi\u015f ve gelecekteki ekonomik, sosyok\u00fclt\u00fcrel ve siyasi ortama dair ipu\u00e7lar\u0131 aranm\u0131\u015ft\u0131r.<\/p>\n","protected":false},"excerpt":{"rendered":"<p>Z ku\u015fa\u011f\u0131, kendisinden \u00f6nceki ku\u015faklara g\u00f6re sahip oldu\u011fu farkl\u0131 \u00f6zellikleri ile i\u015f, sosyal ve siyasi hayat\u0131n dinamiklerini belirleyecek ku\u015fak olarak g\u00f6r\u00fclmektedir. Bu a\u00e7\u0131dan kurumsal ve siyasi<span class=\"excerpt-hellip\"> [\u2026]<\/span><\/p>\n","protected":false},"featured_media":0,"template":"","meta":{"_monsterinsights_skip_tracking":false,"_monsterinsights_sitenote_active":false,"_monsterinsights_sitenote_note":"","_monsterinsights_sitenote_category":0},"product_brand":[],"product_cat":[12364,12376],"product_tag":[],"class_list":{"0":"post-765609","1":"product","2":"type-product","3":"status-publish","5":"product_cat-genel-konular","6":"product_cat-kisisel-gelisim","7":"pa_cilt-ciltsiz","8":"pa_tur-kitap","9":"pa_yayinevi-orion-kitabevi","10":"pa_yazar-ibrahim-hasim-inal","12":"first","13":"instock","14":"sale","15":"shipping-taxable","16":"purchasable","17":"product-type-simple"},"_links":{"self":[{"href":"https:\/\/roveyayinevi.com.tr\/index.php\/wp-json\/wp\/v2\/product\/765609","targetHints":{"allow":["GET"]}}],"collection":[{"href":"https:\/\/roveyayinevi.com.tr\/index.php\/wp-json\/wp\/v2\/product"}],"about":[{"href":"https:\/\/roveyayinevi.com.tr\/index.php\/wp-json\/wp\/v2\/types\/product"}],"wp:attachment":[{"href":"https:\/\/roveyayinevi.com.tr\/index.php\/wp-json\/wp\/v2\/media?parent=765609"}],"wp:term":[{"taxonomy":"product_brand","embeddable":true,"href":"https:\/\/roveyayinevi.com.tr\/index.php\/wp-json\/wp\/v2\/product_brand?post=765609"},{"taxonomy":"product_cat","embeddable":true,"href":"https:\/\/roveyayinevi.com.tr\/index.php\/wp-json\/wp\/v2\/product_cat?post=765609"},{"taxonomy":"product_tag","embeddable":true,"href":"https:\/\/roveyayinevi.com.tr\/index.php\/wp-json\/wp\/v2\/product_tag?post=765609"}],"curies":[{"name":"wp","href":"https:\/\/api.w.org\/{rel}","templated":true}]}}