{"id":765608,"date":"2025-08-28T11:47:01","date_gmt":"2025-08-28T08:47:01","guid":{"rendered":"https:\/\/roveyayinevi.com.tr\/index.php\/urun\/siyasi-ilahiyat-liberalizmin-teolojik-kokenleri\/"},"modified":"2026-04-15T03:31:31","modified_gmt":"2026-04-15T00:31:31","slug":"siyasi-ilahiyat-liberalizmin-teolojik-kokenleri","status":"publish","type":"product","link":"https:\/\/roveyayinevi.com.tr\/index.php\/urun\/siyasi-ilahiyat-liberalizmin-teolojik-kokenleri\/","title":{"rendered":"Siyasi \u0130lahiyat &#8211; Liberalizmin Teolojik K\u00f6kenleri"},"content":{"rendered":"<p>Elinizdeki kitap Bat\u0131 siyaset felsefesi tarihi alan\u0131nda bir ara\u015ft\u0131rmad\u0131r. T\u00fcrkiye&#8217;de ve d\u00fcnyada din ve devlet ili\u015fkilerini teorik olarak inceleyen \u00e7al\u0131\u015fmalar yayg\u0131n olsa da siyasi teori ve kavramlar\u0131n teolojik k\u00f6kenlerini inceleyen \u00e7al\u0131\u015fmalar nadirdir, \u00e7\u00fcnk\u00fc d\u00fcnyada ve T\u00fcrkiye&#8217;de mevcut genel kanaat halen modern Bat\u0131 siyaset teorisinin b\u00fcy\u00fck \u00f6l\u00e7\u00fcde sek\u00fcler k\u00f6kenli oldu\u011fudur. Bununla birlikte \u00f6zellikle son yar\u0131m y\u00fczy\u0131lda siyaset felsefesi ve entellekt\u00fcel tarih alan\u0131nda yap\u0131lan ara\u015ft\u0131rma-lar modern siyaset teorisinin \u00f6zellikle erken modern d\u00f6nemde teolojik kaynaklardan \u00f6nemli \u00f6l\u00e7\u00fcde etkilendi\u011fine dair ilgin\u00e7 veriler sunmu\u015ftur.Carl Schmitt, Eric Voegelin, Charles Taylor, Jeremy Waldron, Michael A. Gillespie ve di\u011fer baz\u0131 d\u00fc\u015f\u00fcn\u00fcrlerin \u00e7al\u0131\u015fmalar\u0131 H\u0131ristiyan teolojisinin modern liberal siyaset teorisinin geli\u015fimi \u00fczerinde oynad\u0131\u011f\u0131na role dair ezber bozucu g\u00f6r\u00fc\u015fler i\u00e7ermektedir.Onlar\u0131n \u00e7al\u0131\u015fmalar\u0131n\u0131n bulgular\u0131 modern siyaset felsefesi tarihinin anla\u015f\u0131lmas\u0131nda paradigmatik bir de\u011fi\u015fime ihtiya\u00e7 oldu\u011funa i\u015faret etmektedir. Elinizdeki bu kitap ad\u0131 ge\u00e7en \u00e7al\u0131\u015fmalar\u0131n bulgular\u0131ndan al\u0131nan ilhamla yaz\u0131lm\u0131\u015ft\u0131r. Kitab\u0131n amac\u0131 erken modern d\u00f6nemde H\u0131ristiyan ilahiyat\u0131n\u0131n liberal siyaset teorisini ne \u015fekillerde etkiledi\u011finin izini s\u00fcrmek ve liberalizmin \u015fu anda art\u0131k b\u00fcy\u00fck \u00f6l\u00e7\u00fcde tarihin tozlar\u0131 alt\u0131nda kalm\u0131\u015f k\u00f6kenlerinin ayd\u0131nl\u0131\u011fa kavu\u015fturulmas\u0131na katk\u0131da bulunmakt\u0131r. Modern siyaset teorisi \u00fczerindeki \u015fa\u015f\u0131rt\u0131c\u0131 teolojik etkilere dair anlay\u0131\u015f\u0131m\u0131z\u0131 derinle\u015ftirmek din ve siyaset ile felsefe ve teoloji aras\u0131ndaki ili\u015fkiler hakk\u0131ndaki yayg\u0131n kanaatleri sorgulamaya ve g\u00f6zden ge\u00e7irmeye bizi te\u015fvik edebilir. Bu nedenle bu kitab\u0131n bulgular\u0131n\u0131n ve tezinin liberalizmin k\u00f6kenlerinin yeniden anla\u015f\u0131lmas\u0131n\u0131n yan\u0131 s\u0131ra, T\u00fcrkiye&#8217;de \u00f6zg\u00fcrl\u00fck ve din aras\u0131ndaki ili\u015fkiye tarihi derinli\u011fe sahip yeni bir perspektiften bak\u0131lmas\u0131na da katk\u0131 sunaca\u011f\u0131n\u0131 umuyorum.<\/p>\n","protected":false},"excerpt":{"rendered":"<p>Elinizdeki kitap Bat\u0131 siyaset felsefesi tarihi alan\u0131nda bir ara\u015ft\u0131rmad\u0131r. T\u00fcrkiye&#8217;de ve d\u00fcnyada din ve devlet ili\u015fkilerini teorik olarak inceleyen \u00e7al\u0131\u015fmalar yayg\u0131n olsa da siyasi teori ve<span class=\"excerpt-hellip\"> [\u2026]<\/span><\/p>\n","protected":false},"featured_media":0,"template":"","meta":{"_monsterinsights_skip_tracking":false,"_monsterinsights_sitenote_active":false,"_monsterinsights_sitenote_note":"","_monsterinsights_sitenote_category":0},"product_brand":[],"product_cat":[12388,15536],"product_tag":[],"class_list":{"0":"post-765608","1":"product","2":"type-product","3":"status-publish","5":"product_cat-felsefe","6":"product_cat-siyaset-felsefesi","7":"pa_cilt-ciltsiz","8":"pa_tur-kitap","9":"pa_yayinevi-orion-kitabevi","10":"pa_yazar-ismail-kurun","12":"first","13":"instock","14":"sale","15":"shipping-taxable","16":"purchasable","17":"product-type-simple"},"_links":{"self":[{"href":"https:\/\/roveyayinevi.com.tr\/index.php\/wp-json\/wp\/v2\/product\/765608","targetHints":{"allow":["GET"]}}],"collection":[{"href":"https:\/\/roveyayinevi.com.tr\/index.php\/wp-json\/wp\/v2\/product"}],"about":[{"href":"https:\/\/roveyayinevi.com.tr\/index.php\/wp-json\/wp\/v2\/types\/product"}],"wp:attachment":[{"href":"https:\/\/roveyayinevi.com.tr\/index.php\/wp-json\/wp\/v2\/media?parent=765608"}],"wp:term":[{"taxonomy":"product_brand","embeddable":true,"href":"https:\/\/roveyayinevi.com.tr\/index.php\/wp-json\/wp\/v2\/product_brand?post=765608"},{"taxonomy":"product_cat","embeddable":true,"href":"https:\/\/roveyayinevi.com.tr\/index.php\/wp-json\/wp\/v2\/product_cat?post=765608"},{"taxonomy":"product_tag","embeddable":true,"href":"https:\/\/roveyayinevi.com.tr\/index.php\/wp-json\/wp\/v2\/product_tag?post=765608"}],"curies":[{"name":"wp","href":"https:\/\/api.w.org\/{rel}","templated":true}]}}