{"id":765606,"date":"2025-08-28T11:46:59","date_gmt":"2025-08-28T08:46:59","guid":{"rendered":"https:\/\/roveyayinevi.com.tr\/index.php\/urun\/siyaset-toplum-medya\/"},"modified":"2026-04-15T03:31:31","modified_gmt":"2026-04-15T00:31:31","slug":"siyaset-toplum-medya","status":"publish","type":"product","link":"https:\/\/roveyayinevi.com.tr\/index.php\/urun\/siyaset-toplum-medya\/","title":{"rendered":"Siyaset Toplum Medya"},"content":{"rendered":"<p>Siyaset bir ara\u00e7 olarak toplum \u00fczerinde belirleyici bir etkiye sahiptir. Son d\u00f6rt as\u0131rda zaman ba\u015fka bir h\u0131zla ilerlerken, toplumlar\u0131n siyasal, ekonomik ve k\u00fclt\u00fcrel y\u00f6nleri de bir o kadar h\u0131zl\u0131 de\u011fi\u015febilmektedir. \u0130lkel toplumdan tar\u0131m toplumuna, sanayi toplumundan sanayi sonras\u0131 topluma ve bilgi toplumuna kadar t\u00fcm toplumlar tecr\u00fcbelerinin ve ya\u015fad\u0131klar\u0131 d\u00f6nemin izlerini ta\u015f\u0131maktad\u0131r. Bu ba\u011flamda toplumlar\u0131n bilgi birikimi ve de\u011ferleri, siyasetin ve medyan\u0131n ilgi alan\u0131na giren konulard\u0131r. K\u00fcresel anlamda evrensel de\u011ferlerin yan\u0131 s\u0131ra ilgili toplumlara ait baz\u0131 temel \u00f6\u011fretiler bulunmaktad\u0131r. Bu ba\u011flamda toplumun t\u00fcm \u00f6\u011fretilerine y\u00f6n verebilen ve ihtiya\u00e7lar\u0131na g\u00f6re bi\u00e7imlenen siyaset, toplumsal de\u011ferleri de belirleyebilmekte ve d\u00f6nemsel olarak farkl\u0131la\u015ft\u0131rabilmektedir.\u00d6zellikle demokratik \u00fclkelerde toplumsalla\u015fma arac\u0131 olarak medyaya \u00f6nemli g\u00f6revler y\u00fcklenmektedir. Bu ba\u011flamda medya, topluma bilgi aktar\u0131rken, kamuoyu olu\u015ftururken ve iktidar\u0131n \u00fczerinde denetleyici bir rol \u00fcstlenirken t\u00fcm insanl\u0131\u011fa e\u015fit yakla\u015fmal\u0131d\u0131r. Bilgi ve enformasyon kavramlar\u0131 ile an\u0131lan g\u00fcn\u00fcm\u00fcz dijital \u00e7a\u011f\u0131nda, toplumsal ve siyasal hayat\u0131, teknolojik geli\u015fmelerin etkisiyle zamana ve mek\u00e2na ba\u011fl\u0131 kalmaks\u0131z\u0131n olduk\u00e7a h\u0131zl\u0131 hareket edebilen medya \u015fekillendirmektedir. B\u00f6ylelikle sosyal a\u011flar, yeni ve dijital medya gibi ak\u0131mlar ile etki alan\u0131 artan ve h\u0131z kazanan medyan\u0131n, toplumda siyasete y\u00f6n veren yeni bilgi aktar\u0131m s\u00fcre\u00e7leri ortaya \u00e7\u0131kmaktad\u0131r. Bunun yan\u0131 s\u0131ra, medyan\u0131n artan g\u00fcc\u00fc kar\u015f\u0131s\u0131nda siyaset; iktidar alan\u0131n\u0131 korumaya \u00e7al\u0131\u015fmakta ve yeni \u00f6nlemler almakta ve gerekti\u011finde medyay\u0131 y\u00f6nlendirmektedir. Ancak medyan\u0131n ger\u00e7ek d\u0131\u015f\u0131, kontrols\u00fcz ve ideolojik yakla\u015f\u0131mlarda bulunmas\u0131 toplumu kutupla\u015ft\u0131r\u0131rken di\u011fer yandan siyasetin as\u0131l i\u015flevini de\u011fi\u015ftirebilmektedir.Bu eser siyaset, medya ve toplum ba\u015fl\u0131klar\u0131nda sosyal bilimler literat\u00fcr\u00fcne katk\u0131 sunabilmek amac\u0131yla, alan\u0131nda uzman akademisyenler taraf\u0131ndan kaleme al\u0131nm\u0131\u015ft\u0131r. Eser, hemen her seviyede okura hitap etmekle beraber, \u00f6zellikle lisans ve lisans\u00fcst\u00fc \u00f6\u011frencilere kaynak te\u015fkil edecek niteliktedir.<\/p>\n","protected":false},"excerpt":{"rendered":"<p>Siyaset bir ara\u00e7 olarak toplum \u00fczerinde belirleyici bir etkiye sahiptir. Son d\u00f6rt as\u0131rda zaman ba\u015fka bir h\u0131zla ilerlerken, toplumlar\u0131n siyasal, ekonomik ve k\u00fclt\u00fcrel y\u00f6nleri de bir<span class=\"excerpt-hellip\"> [\u2026]<\/span><\/p>\n","protected":false},"featured_media":0,"template":"","meta":{"_monsterinsights_skip_tracking":false,"_monsterinsights_sitenote_active":false,"_monsterinsights_sitenote_note":"","_monsterinsights_sitenote_category":0},"product_brand":[],"product_cat":[12337],"product_tag":[],"class_list":{"0":"post-765606","1":"product","2":"type-product","3":"status-publish","5":"product_cat-politika-siyaset","6":"pa_cilt-ciltsiz","7":"pa_tur-kitap","8":"pa_yayinevi-orion-kitabevi","9":"pa_yazar-hasan-yilmaz","11":"first","12":"instock","13":"sale","14":"shipping-taxable","15":"purchasable","16":"product-type-simple"},"_links":{"self":[{"href":"https:\/\/roveyayinevi.com.tr\/index.php\/wp-json\/wp\/v2\/product\/765606","targetHints":{"allow":["GET"]}}],"collection":[{"href":"https:\/\/roveyayinevi.com.tr\/index.php\/wp-json\/wp\/v2\/product"}],"about":[{"href":"https:\/\/roveyayinevi.com.tr\/index.php\/wp-json\/wp\/v2\/types\/product"}],"wp:attachment":[{"href":"https:\/\/roveyayinevi.com.tr\/index.php\/wp-json\/wp\/v2\/media?parent=765606"}],"wp:term":[{"taxonomy":"product_brand","embeddable":true,"href":"https:\/\/roveyayinevi.com.tr\/index.php\/wp-json\/wp\/v2\/product_brand?post=765606"},{"taxonomy":"product_cat","embeddable":true,"href":"https:\/\/roveyayinevi.com.tr\/index.php\/wp-json\/wp\/v2\/product_cat?post=765606"},{"taxonomy":"product_tag","embeddable":true,"href":"https:\/\/roveyayinevi.com.tr\/index.php\/wp-json\/wp\/v2\/product_tag?post=765606"}],"curies":[{"name":"wp","href":"https:\/\/api.w.org\/{rel}","templated":true}]}}