{"id":765605,"date":"2025-08-28T11:46:58","date_gmt":"2025-08-28T08:46:58","guid":{"rendered":"https:\/\/roveyayinevi.com.tr\/index.php\/urun\/siyaset-felsefesi-tarihinde-devlet\/"},"modified":"2026-04-15T03:31:31","modified_gmt":"2026-04-15T00:31:31","slug":"siyaset-felsefesi-tarihinde-devlet","status":"publish","type":"product","link":"https:\/\/roveyayinevi.com.tr\/index.php\/urun\/siyaset-felsefesi-tarihinde-devlet\/","title":{"rendered":"Siyaset Felsefesi Tarihinde Devlet"},"content":{"rendered":"<p>Siyaset felsefesi tarihi, insan, toplum ve devlet \u00fc\u00e7geninde belirginlik kazanan bir\u00e7ok problemin yan\u0131 s\u0131ra, devlet probleminin de yo\u011funluklu bir \u015fekilde tart\u0131\u015f\u0131ld\u0131\u011f\u0131 bir aland\u0131r. Bu anlamda siyaset felsefesi tarihi, ilk\u00e7a\u011fdan g\u00fcn\u00fcm\u00fcze kadar bir\u00e7ok devlet modelinin ve rejiminin ortaya \u00e7\u0131k\u0131\u015f\u0131n\u0131n tarihidir.\u0130lk\u00e7a\u011f&#8217;da ideal devlet modelleriyle ba\u015flayan siyasal felsefe ser\u00fcveni, Orta\u00e7a\u011f&#8217;da Tanr\u0131sal devlet modellerinin, 17. ve 18. y\u00fczy\u0131llarda s\u00f6zle\u015fmeci devlet teorilerinin, 19. Y\u00fczy\u0131ldan itibaren ise, Anar\u015fizm, Marksizm, Liberalizm ve Fa\u015fizm gibi siyasal ideolojilerin do\u011fu\u015funa \u015fahitlik etmi\u015ftir.\u0130\u015fte bu kitap, \u0130lk\u00e7a\u011f&#8217;dan Ayd\u0131nlanma&#8217;ya devlete ili\u015fkin teorilere ve modern siyasal ideolojiler olarak Anar\u015fizm, Marksizm, Liberalizm ve Fa\u015fizm&#8217;in devlet anlay\u0131\u015flar\u0131na y\u00f6nelik bir de\u011ferlendirmeyi kapsamaktad\u0131r.<\/p>\n","protected":false},"excerpt":{"rendered":"<p>Siyaset felsefesi tarihi, insan, toplum ve devlet \u00fc\u00e7geninde belirginlik kazanan bir\u00e7ok problemin yan\u0131 s\u0131ra, devlet probleminin de yo\u011funluklu bir \u015fekilde tart\u0131\u015f\u0131ld\u0131\u011f\u0131 bir aland\u0131r. Bu anlamda siyaset<span class=\"excerpt-hellip\"> [\u2026]<\/span><\/p>\n","protected":false},"featured_media":0,"template":"","meta":{"_monsterinsights_skip_tracking":false,"_monsterinsights_sitenote_active":false,"_monsterinsights_sitenote_note":"","_monsterinsights_sitenote_category":0},"product_brand":[],"product_cat":[12388,15536],"product_tag":[],"class_list":{"0":"post-765605","1":"product","2":"type-product","3":"status-publish","5":"product_cat-felsefe","6":"product_cat-siyaset-felsefesi","7":"pa_cilt-ciltsiz","8":"pa_tur-kitap","9":"pa_yayinevi-orion-kitabevi","10":"pa_yazar-yildirim-torun","12":"first","13":"instock","14":"sale","15":"shipping-taxable","16":"purchasable","17":"product-type-simple"},"_links":{"self":[{"href":"https:\/\/roveyayinevi.com.tr\/index.php\/wp-json\/wp\/v2\/product\/765605","targetHints":{"allow":["GET"]}}],"collection":[{"href":"https:\/\/roveyayinevi.com.tr\/index.php\/wp-json\/wp\/v2\/product"}],"about":[{"href":"https:\/\/roveyayinevi.com.tr\/index.php\/wp-json\/wp\/v2\/types\/product"}],"wp:attachment":[{"href":"https:\/\/roveyayinevi.com.tr\/index.php\/wp-json\/wp\/v2\/media?parent=765605"}],"wp:term":[{"taxonomy":"product_brand","embeddable":true,"href":"https:\/\/roveyayinevi.com.tr\/index.php\/wp-json\/wp\/v2\/product_brand?post=765605"},{"taxonomy":"product_cat","embeddable":true,"href":"https:\/\/roveyayinevi.com.tr\/index.php\/wp-json\/wp\/v2\/product_cat?post=765605"},{"taxonomy":"product_tag","embeddable":true,"href":"https:\/\/roveyayinevi.com.tr\/index.php\/wp-json\/wp\/v2\/product_tag?post=765605"}],"curies":[{"name":"wp","href":"https:\/\/api.w.org\/{rel}","templated":true}]}}