{"id":765603,"date":"2025-08-28T11:46:55","date_gmt":"2025-08-28T08:46:55","guid":{"rendered":"https:\/\/roveyayinevi.com.tr\/index.php\/urun\/siyaset-bilimi-8\/"},"modified":"2026-04-15T03:31:31","modified_gmt":"2026-04-15T00:31:31","slug":"siyaset-bilimi-8","status":"publish","type":"product","link":"https:\/\/roveyayinevi.com.tr\/index.php\/urun\/siyaset-bilimi-8\/","title":{"rendered":"Siyaset Bilimi"},"content":{"rendered":"<p>Siyaset, insan\u0131n kendini tarih, toplum ve siyasa i\u00e7erisinde var k\u0131lma m\u00fccadelesinin en \u00f6nemli arac\u0131d\u0131r. Siyaset olmadan, insan\u0131n kendini ger\u00e7ekle\u015ftirebilme imkan\u0131 olduk\u00e7a azd\u0131r. Siyasetin temel sorununu te\u015fkil eden, insan\u0131n iktidar aray\u0131\u015f kaygas\u0131 \u00e7\u00f6z\u00fcmlenmeden siyaset ve onunla ilgili sorunlar\u0131n \u00e7\u00f6z\u00fclmeyece\u011fi bir ger\u00e7ektir. Siyaset, bir yandan nas\u0131l ve kim taraf\u0131ndan bu y\u00f6netimin ger\u00e7ekle\u015ftirilece\u011fini belirler. Siyasal alan, iktidar\u0131n kaynakl\u0131\u011f\u0131 konusundaki \u00e7at\u0131\u015fmalar\u0131, bu \u00e7at\u0131\u015fmalar ile do\u011fan g\u00fc\u00e7 kullan\u0131m\u0131n\u0131, bu g\u00fcc\u00fcn hangi temel yasalar ile me\u015fru kabul edilece\u011fini ve toplumsal d\u00fczenin nas\u0131l kurulaca\u011f\u0131n\u0131 ve y\u00f6netilece\u011fini belirleme alan\u0131d\u0131r. Siyaset, asl\u0131nda, t\u00fcm siyasa ve onun ili\u015fkilerinin belirlendi\u011fi temel d\u00fczlemdir ki; iktidar, me\u015fruiyet, \u015fiddet, otorite, itaat, d\u00fczen, siyasal ve toplumsal yap\u0131lar onun i\u00e7erisindedir. Bu yap\u0131 i\u00e7inde siyasal ili\u015fkiler, insanlar\u0131n tutum ve davran\u0131\u015flar\u0131n\u0131n yol g\u00f6stericili\u011finde; ya &#8216;karar verme&#8217; sorunu, ya &#8216;\u00e7\u0131kar&#8217; \u00e7at\u0131\u015fmas\u0131 ya da bir grubun veya s\u0131n\u0131f\u0131n di\u011fer grup ve s\u0131n\u0131flar \u00fczerindeki &#8216;hakimiyet&#8217; aray\u0131\u015f\u0131d\u0131r.<\/p>\n","protected":false},"excerpt":{"rendered":"<p>Siyaset, insan\u0131n kendini tarih, toplum ve siyasa i\u00e7erisinde var k\u0131lma m\u00fccadelesinin en \u00f6nemli arac\u0131d\u0131r. Siyaset olmadan, insan\u0131n kendini ger\u00e7ekle\u015ftirebilme imkan\u0131 olduk\u00e7a azd\u0131r. Siyasetin temel sorununu te\u015fkil<span class=\"excerpt-hellip\"> [\u2026]<\/span><\/p>\n","protected":false},"featured_media":0,"template":"","meta":{"_monsterinsights_skip_tracking":false,"_monsterinsights_sitenote_active":false,"_monsterinsights_sitenote_note":"","_monsterinsights_sitenote_category":0},"product_brand":[],"product_cat":[12337,14706],"product_tag":[],"class_list":{"0":"post-765603","1":"product","2":"type-product","3":"status-publish","5":"product_cat-politika-siyaset","6":"product_cat-siyaset-bilimi","7":"pa_cilt-ciltsiz","8":"pa_tur-kitap","9":"pa_yayinevi-orion-kitabevi","10":"pa_yazar-halis-cetin","12":"first","13":"instock","14":"sale","15":"shipping-taxable","16":"purchasable","17":"product-type-simple"},"_links":{"self":[{"href":"https:\/\/roveyayinevi.com.tr\/index.php\/wp-json\/wp\/v2\/product\/765603","targetHints":{"allow":["GET"]}}],"collection":[{"href":"https:\/\/roveyayinevi.com.tr\/index.php\/wp-json\/wp\/v2\/product"}],"about":[{"href":"https:\/\/roveyayinevi.com.tr\/index.php\/wp-json\/wp\/v2\/types\/product"}],"wp:attachment":[{"href":"https:\/\/roveyayinevi.com.tr\/index.php\/wp-json\/wp\/v2\/media?parent=765603"}],"wp:term":[{"taxonomy":"product_brand","embeddable":true,"href":"https:\/\/roveyayinevi.com.tr\/index.php\/wp-json\/wp\/v2\/product_brand?post=765603"},{"taxonomy":"product_cat","embeddable":true,"href":"https:\/\/roveyayinevi.com.tr\/index.php\/wp-json\/wp\/v2\/product_cat?post=765603"},{"taxonomy":"product_tag","embeddable":true,"href":"https:\/\/roveyayinevi.com.tr\/index.php\/wp-json\/wp\/v2\/product_tag?post=765603"}],"curies":[{"name":"wp","href":"https:\/\/api.w.org\/{rel}","templated":true}]}}