{"id":765602,"date":"2025-08-28T11:46:54","date_gmt":"2025-08-28T08:46:54","guid":{"rendered":"https:\/\/roveyayinevi.com.tr\/index.php\/urun\/siyaset-2\/"},"modified":"2026-04-15T03:31:31","modified_gmt":"2026-04-15T00:31:31","slug":"siyaset-2","status":"publish","type":"product","link":"https:\/\/roveyayinevi.com.tr\/index.php\/urun\/siyaset-2\/","title":{"rendered":"Siyaset"},"content":{"rendered":"<p>T\u00fcrk siyasal k\u00fclt\u00fcr\u00fcn\u00fcn siyasete yans\u0131yan alg\u0131 ve olgular\u0131n\u0131 siyaset biliminin b\u00fcy\u00fck \u00f6nc\u00fcs\u00fc Machiavelli&#8217;yi \u00f6rnek alarak mektuplarla anlatmaya \u00e7al\u0131\u015ft\u0131\u011f\u0131m\u0131z bu eser tamamen pratik hayat\u0131n ger\u00e7ekleri ve tecr\u00fcbeleri \u00fczerinden yaz\u0131ld\u0131. \u00d6zellikle kitab\u0131n birinci bask\u0131s\u0131 s\u00fcrecinde T\u00fcrkiye&#8217;de kimin Cumhurba\u015fkan\u0131 olaca\u011f\u0131 tart\u0131\u015fmalar\u0131na bir katk\u0131 ve \u00f6ng\u00f6r\u00fc olarak haz\u0131rland\u0131 ve kitapta yazd\u0131\u011f\u0131m tecr\u00fcbelerim ve \u00f6ng\u00f6r\u00fclerim beni yan\u0131ltmad\u0131. \u00c7ok iyi bilmekteyim ki, siyasetin teorisi ile prati\u011fi aras\u0131nda u\u00e7urumlar var&#8230;- Halis \u00c7etin<\/p>\n","protected":false},"excerpt":{"rendered":"<p>T\u00fcrk siyasal k\u00fclt\u00fcr\u00fcn\u00fcn siyasete yans\u0131yan alg\u0131 ve olgular\u0131n\u0131 siyaset biliminin b\u00fcy\u00fck \u00f6nc\u00fcs\u00fc Machiavelli&#8217;yi \u00f6rnek alarak mektuplarla anlatmaya \u00e7al\u0131\u015ft\u0131\u011f\u0131m\u0131z bu eser tamamen pratik hayat\u0131n ger\u00e7ekleri ve tecr\u00fcbeleri<span class=\"excerpt-hellip\"> [\u2026]<\/span><\/p>\n","protected":false},"featured_media":0,"template":"","meta":{"_monsterinsights_skip_tracking":false,"_monsterinsights_sitenote_active":false,"_monsterinsights_sitenote_note":"","_monsterinsights_sitenote_category":0},"product_brand":[],"product_cat":[12337,14706],"product_tag":[],"class_list":{"0":"post-765602","1":"product","2":"type-product","3":"status-publish","5":"product_cat-politika-siyaset","6":"product_cat-siyaset-bilimi","7":"pa_cilt-ciltsiz","8":"pa_tur-kitap","9":"pa_yayinevi-orion-kitabevi","10":"pa_yazar-halis-cetin","12":"first","13":"instock","14":"sale","15":"shipping-taxable","16":"purchasable","17":"product-type-simple"},"_links":{"self":[{"href":"https:\/\/roveyayinevi.com.tr\/index.php\/wp-json\/wp\/v2\/product\/765602","targetHints":{"allow":["GET"]}}],"collection":[{"href":"https:\/\/roveyayinevi.com.tr\/index.php\/wp-json\/wp\/v2\/product"}],"about":[{"href":"https:\/\/roveyayinevi.com.tr\/index.php\/wp-json\/wp\/v2\/types\/product"}],"wp:attachment":[{"href":"https:\/\/roveyayinevi.com.tr\/index.php\/wp-json\/wp\/v2\/media?parent=765602"}],"wp:term":[{"taxonomy":"product_brand","embeddable":true,"href":"https:\/\/roveyayinevi.com.tr\/index.php\/wp-json\/wp\/v2\/product_brand?post=765602"},{"taxonomy":"product_cat","embeddable":true,"href":"https:\/\/roveyayinevi.com.tr\/index.php\/wp-json\/wp\/v2\/product_cat?post=765602"},{"taxonomy":"product_tag","embeddable":true,"href":"https:\/\/roveyayinevi.com.tr\/index.php\/wp-json\/wp\/v2\/product_tag?post=765602"}],"curies":[{"name":"wp","href":"https:\/\/api.w.org\/{rel}","templated":true}]}}