{"id":765600,"date":"2025-08-28T11:46:51","date_gmt":"2025-08-28T08:46:51","guid":{"rendered":"https:\/\/roveyayinevi.com.tr\/index.php\/urun\/siyasal-dusunceler-tarihi-3\/"},"modified":"2026-04-15T03:31:31","modified_gmt":"2026-04-15T00:31:31","slug":"siyasal-dusunceler-tarihi-3","status":"publish","type":"product","link":"https:\/\/roveyayinevi.com.tr\/index.php\/urun\/siyasal-dusunceler-tarihi-3\/","title":{"rendered":"Siyasal D\u00fc\u015f\u00fcnceler Tarihi"},"content":{"rendered":"<p>Siyasal D\u00fc\u015f\u00fcnceler Tarihi, insano\u011flunun siyaset \u00fczerinde d\u00fc\u015f\u00fcnmeye ba\u015flad\u0131\u011f\u0131 ilk zamanlardan yak\u0131n tarihe uzanan geni\u015f bir d\u00f6nemi kaps\u0131yor. G\u00fcn\u00fcm\u00fcz siyasetinde s\u0131k\u00e7a kulland\u0131\u011f\u0131m\u0131z \u00e7ok say\u0131da kavram\u0131n tarihsel izini s\u00fcr\u00fcyor. Bu a\u00e7\u0131dan kitap yaln\u0131zca siyasal d\u00fc\u015f\u00fcnceler alan\u0131nda \u00fcretilen tezleri \u00f6\u011frenmek veya hat\u0131rlamak i\u00e7in de\u011fil g\u00fcndelik hayat\u0131m\u0131za yerle\u015fmi\u015f kavramlar\u0131 daha iyi anlamak i\u00e7in de \u00f6nemli bir kaynak. Kitapta farkl\u0131 d\u00fc\u015f\u00fcn\u00fcrlerin siyasal d\u00fc\u015f\u00fcnceleri; i\u00e7inde do\u011fdu\u011fu d\u00f6nemin toplumsal, ekonomik ve tarihsel geli\u015fmeleri g\u00f6z \u00f6n\u00fcnde bulundurularak ele al\u0131n\u0131yor. Bunun yan\u0131nda d\u00fc\u015f\u00fcnce tarihi a\u00e7\u0131s\u0131ndan d\u00f6n\u00fcm noktas\u0131 olarak g\u00f6r\u00fclebilecek tarihsel kesitlere yer veriliyor. Kitab\u0131n her bir b\u00f6l\u00fcm\u00fc bir d\u00fc\u015f\u00fcn\u00fcr ya da d\u00f6nemi anlamak i\u00e7in ayr\u0131 bir k\u0131lavuz niteli\u011finde oldu\u011fu gibi tamam\u0131 da tarihsel bir \u00e7izgiyle siyaset \u00fczerine temel d\u00fc\u015f\u00fcnce ve yakla\u015f\u0131mlar\u0131 \u0130lk\u00e7a\u011f&#8217;dan g\u00fcn\u00fcm\u00fcze ta\u015f\u0131yor. 24 b\u00f6l\u00fcmden olu\u015fan, 13 farkl\u0131 \u00fcniversiteden 20 akademisyenin katk\u0131lar\u0131yla haz\u0131rlanan bu kitap, siyasal d\u00fc\u015f\u00fcnceler tarihi alan\u0131nda T\u00fcrkiye&#8217;de yay\u0131mlanan en kapsaml\u0131 \u00e7al\u0131\u015fmalardan birisidir. Bu a\u00e7\u0131dan Siyasal D\u00fc\u015f\u00fcnceler Tarihi, akademik \u00e7al\u0131\u015fma yapanlar\u0131n ve siyaset bilimi alan\u0131nda e\u011fitim alan \u00f6\u011frencilerin yan\u0131 s\u0131ra siyasete ilgi duyan herkese hitap ediyor.<\/p>\n","protected":false},"excerpt":{"rendered":"<p>Siyasal D\u00fc\u015f\u00fcnceler Tarihi, insano\u011flunun siyaset \u00fczerinde d\u00fc\u015f\u00fcnmeye ba\u015flad\u0131\u011f\u0131 ilk zamanlardan yak\u0131n tarihe uzanan geni\u015f bir d\u00f6nemi kaps\u0131yor. G\u00fcn\u00fcm\u00fcz siyasetinde s\u0131k\u00e7a kulland\u0131\u011f\u0131m\u0131z \u00e7ok say\u0131da kavram\u0131n tarihsel izini<span class=\"excerpt-hellip\"> [\u2026]<\/span><\/p>\n","protected":false},"featured_media":0,"template":"","meta":{"_monsterinsights_skip_tracking":false,"_monsterinsights_sitenote_active":false,"_monsterinsights_sitenote_note":"","_monsterinsights_sitenote_category":0},"product_brand":[],"product_cat":[12337],"product_tag":[],"class_list":{"0":"post-765600","1":"product","2":"type-product","3":"status-publish","5":"product_cat-politika-siyaset","6":"pa_cilt-ciltsiz","7":"pa_tur-kitap","8":"pa_yayinevi-orion-kitabevi","9":"pa_yazar-hamit-emrah-beris","11":"first","12":"instock","13":"sale","14":"shipping-taxable","15":"purchasable","16":"product-type-simple"},"_links":{"self":[{"href":"https:\/\/roveyayinevi.com.tr\/index.php\/wp-json\/wp\/v2\/product\/765600","targetHints":{"allow":["GET"]}}],"collection":[{"href":"https:\/\/roveyayinevi.com.tr\/index.php\/wp-json\/wp\/v2\/product"}],"about":[{"href":"https:\/\/roveyayinevi.com.tr\/index.php\/wp-json\/wp\/v2\/types\/product"}],"wp:attachment":[{"href":"https:\/\/roveyayinevi.com.tr\/index.php\/wp-json\/wp\/v2\/media?parent=765600"}],"wp:term":[{"taxonomy":"product_brand","embeddable":true,"href":"https:\/\/roveyayinevi.com.tr\/index.php\/wp-json\/wp\/v2\/product_brand?post=765600"},{"taxonomy":"product_cat","embeddable":true,"href":"https:\/\/roveyayinevi.com.tr\/index.php\/wp-json\/wp\/v2\/product_cat?post=765600"},{"taxonomy":"product_tag","embeddable":true,"href":"https:\/\/roveyayinevi.com.tr\/index.php\/wp-json\/wp\/v2\/product_tag?post=765600"}],"curies":[{"name":"wp","href":"https:\/\/api.w.org\/{rel}","templated":true}]}}