{"id":765598,"date":"2025-08-28T11:46:49","date_gmt":"2025-08-28T08:46:49","guid":{"rendered":"https:\/\/roveyayinevi.com.tr\/index.php\/urun\/siginmacilik-acmazi\/"},"modified":"2026-04-15T03:31:31","modified_gmt":"2026-04-15T00:31:31","slug":"siginmacilik-acmazi","status":"publish","type":"product","link":"https:\/\/roveyayinevi.com.tr\/index.php\/urun\/siginmacilik-acmazi\/","title":{"rendered":"S\u0131\u011f\u0131nmac\u0131l\u0131k A\u00e7maz\u0131"},"content":{"rendered":"<p>Yerinden edilmenin do\u011furdu\u011fu b\u00fct\u00fcn fiili durumlar\u0131n 1951 Cenevre S\u00f6zle\u015fmesi ile \u00e7\u00f6z\u00fcme kavu\u015fmas\u0131n\u0131 beklemek, ger\u00e7ekli\u011fi hukuki metinlerin ard\u0131na saklanarak okumakla e\u015f de\u011fer g\u00f6r\u00fcnmektedir. G\u00f6\u00e7men i\u00e7in s\u0131\u011f\u0131nma beklentisi ve kendi durumuyla ilgili belirsizlik hali s\u00fcrd\u00fck\u00e7e &#8220;s\u0131\u011f\u0131nmac\u0131l\u0131k&#8221; da hem psikolojik hem de sosyal bir ger\u00e7eklik olarak var olmaya devam edecektir. T\u00fcrkiye&#8217;deki Suriyelilerin durumu da b\u00f6yle bir ger\u00e7eklikten ba\u011f\u0131ms\u0131z de\u011fildir. Anlam\u0131n\u0131 \u015fimdiden kaybetmi\u015f g\u00f6r\u00fcnen &#8220;misafirlik&#8221; s\u00f6ylemi T\u00fcrk toplumsal yap\u0131s\u0131 i\u00e7inde Suriyelilerin konumunu temsil etmekten sosyolojik olarak uzakt\u0131r.Bu kitapta &#8220;zorunlu g\u00f6\u00e7&#8221;, kavram ve kuram boyutuyla tart\u0131\u015f\u0131lm\u0131\u015f, T\u00fcrkiye&#8217;ye Suriyeli g\u00f6\u00e7\u00fcn\u00fc merkeze alan bir bak\u0131\u015f a\u00e7\u0131s\u0131yla son yirmi y\u0131lda d\u00fcnya genelindeki yerinden edilmeler de\u011ferlendirilmi\u015ftir. Devam\u0131nda ise T\u00fcrkiye&#8217;deki Suriyelilerin toplumsal kabul ve uyum s\u00fcre\u00e7leri sahadan kesitlerle incelenmi\u015f, \u00f6ne \u00e7\u0131kan sorunlar\u0131n arkas\u0131ndaki rahats\u0131z edici ger\u00e7eklikle y\u00fczle\u015fmek i\u00e7in bir anlama \u00e7abas\u0131 ortaya konulmu\u015ftur.<\/p>\n","protected":false},"excerpt":{"rendered":"<p>Yerinden edilmenin do\u011furdu\u011fu b\u00fct\u00fcn fiili durumlar\u0131n 1951 Cenevre S\u00f6zle\u015fmesi ile \u00e7\u00f6z\u00fcme kavu\u015fmas\u0131n\u0131 beklemek, ger\u00e7ekli\u011fi hukuki metinlerin ard\u0131na saklanarak okumakla e\u015f de\u011fer g\u00f6r\u00fcnmektedir. G\u00f6\u00e7men i\u00e7in s\u0131\u011f\u0131nma beklentisi<span class=\"excerpt-hellip\"> [\u2026]<\/span><\/p>\n","protected":false},"featured_media":0,"template":"","meta":{"_monsterinsights_skip_tracking":false,"_monsterinsights_sitenote_active":false,"_monsterinsights_sitenote_note":"","_monsterinsights_sitenote_category":0},"product_brand":[],"product_cat":[12767,12324],"product_tag":[],"class_list":{"0":"post-765598","1":"product","2":"type-product","3":"status-publish","5":"product_cat-kentlesme-modernlesme","6":"product_cat-sosyoloji","7":"pa_cilt-ciltsiz","8":"pa_tur-kitap","9":"pa_yayinevi-orion-kitabevi","10":"pa_yazar-cagatay-sarp","12":"first","13":"instock","14":"sale","15":"shipping-taxable","16":"purchasable","17":"product-type-simple"},"_links":{"self":[{"href":"https:\/\/roveyayinevi.com.tr\/index.php\/wp-json\/wp\/v2\/product\/765598","targetHints":{"allow":["GET"]}}],"collection":[{"href":"https:\/\/roveyayinevi.com.tr\/index.php\/wp-json\/wp\/v2\/product"}],"about":[{"href":"https:\/\/roveyayinevi.com.tr\/index.php\/wp-json\/wp\/v2\/types\/product"}],"wp:attachment":[{"href":"https:\/\/roveyayinevi.com.tr\/index.php\/wp-json\/wp\/v2\/media?parent=765598"}],"wp:term":[{"taxonomy":"product_brand","embeddable":true,"href":"https:\/\/roveyayinevi.com.tr\/index.php\/wp-json\/wp\/v2\/product_brand?post=765598"},{"taxonomy":"product_cat","embeddable":true,"href":"https:\/\/roveyayinevi.com.tr\/index.php\/wp-json\/wp\/v2\/product_cat?post=765598"},{"taxonomy":"product_tag","embeddable":true,"href":"https:\/\/roveyayinevi.com.tr\/index.php\/wp-json\/wp\/v2\/product_tag?post=765598"}],"curies":[{"name":"wp","href":"https:\/\/api.w.org\/{rel}","templated":true}]}}