{"id":765597,"date":"2025-08-28T11:46:48","date_gmt":"2025-08-28T08:46:48","guid":{"rendered":"https:\/\/roveyayinevi.com.tr\/index.php\/urun\/sendikal-faaliyet-olarak-hukuki-temsil-ve-ornek-mahkeme-kararlari\/"},"modified":"2026-04-15T03:31:31","modified_gmt":"2026-04-15T00:31:31","slug":"sendikal-faaliyet-olarak-hukuki-temsil-ve-ornek-mahkeme-kararlari","status":"publish","type":"product","link":"https:\/\/roveyayinevi.com.tr\/index.php\/urun\/sendikal-faaliyet-olarak-hukuki-temsil-ve-ornek-mahkeme-kararlari\/","title":{"rendered":"Sendikal Faaliyet Olarak Hukuki Temsil ve \u00d6rnek Mahkeme Kararlar\u0131"},"content":{"rendered":"<p>\u00dcyelerinin ekonomik ve sosyal hak ve menfaatlerini korumak ve geli\u015ftirmek amac\u0131yla kurulan sendikalar, yasal olarak kendilerine verilen g\u00f6revler kapsam\u0131nda yapt\u0131klar\u0131 faaliyetlerle s\u0131n\u0131rl\u0131 olarak kurulan ve yapt\u0131klar\u0131 faaliyet ve rollerle demokratik toplumun vazge\u00e7ilmez akt\u00f6rlerindendir. Tarihsel olarak bak\u0131nca toplumlar\u0131n demokratik geli\u015fmi\u015flik d\u00fczeyiyle uyumlu olarak sendikal \u00f6zg\u00fcrl\u00fckler ve faaliyetlerin \u00e7e\u015fitlenerek geli\u015fti\u011fi, \u00fclkemizde i\u015f\u00e7i, i\u015fveren ve memurlar\u0131n sendika kurduklar\u0131 ve sendikal faaliyette bulunduklar\u0131 g\u00f6r\u00fclmektedir. Bu faaliyetler aras\u0131nda \u00f6ne \u00e7\u0131kan faaliyetlerden birisi de Mahkemeler ve kurumlar nezdinde \u00fcyelerin hukuki temsilidir.\u0130\u015fkolu esas\u0131na g\u00f6re yetkilendirilen sendikalar, \u00fcyeleri ad\u0131na toplu i\u015f s\u00f6zle\u015fmesi imzalama, \u00e7e\u015fitli konularla ilgili e\u011fitim faaliyetlerinde bulunma, ekonomik ve sosyal refah\u0131 artt\u0131rmaya y\u00f6nelik kooperatif, konut, tatil, hak ve menfaatlerin korunmas\u0131 \u00e7er\u00e7evesinde hukuki temsil vb. faaliyetlerle \u00e7al\u0131\u015fmalar\u0131n\u0131 \u00e7e\u015fitlendirmeye ve geli\u015ftirmeye \u00e7al\u0131\u015fmaktad\u0131rlar. \u00dcyelerinin hak ve menfaatlerini korumaya \u00e7al\u0131\u015f\u0131rken ehliyetli olup olmad\u0131klar\u0131 konusu \u00fclkemizde uzun s\u00fcre tart\u0131\u015f\u0131lm\u0131\u015f ve \u00e7e\u015fitli Mahkeme kararlar\u0131na dayan\u0131larak farkl\u0131 uygulamalar yap\u0131lm\u0131\u015ft\u0131r. S\u00f6z konusu farkl\u0131 hukuki yorumlar ve bu \u00e7er\u00e7evede verilen kararlar Dan\u0131\u015ftay \u0130\u00e7tihad\u0131 Birle\u015ftirme Kurulu\u2019nca verilen nihai i\u00e7tihad\u0131 birle\u015ftirme kurulu karar\u0131 ile sendikal faaliyet oldu\u011fu kesinle\u015fmi\u015f ve farkl\u0131 kararlar\u0131n da bu \u015fekilde \u00f6n\u00fcne ge\u00e7ilmi\u015ftir.<\/p>\n","protected":false},"excerpt":{"rendered":"<p>\u00dcyelerinin ekonomik ve sosyal hak ve menfaatlerini korumak ve geli\u015ftirmek amac\u0131yla kurulan sendikalar, yasal olarak kendilerine verilen g\u00f6revler kapsam\u0131nda yapt\u0131klar\u0131 faaliyetlerle s\u0131n\u0131rl\u0131 olarak kurulan ve yapt\u0131klar\u0131<span class=\"excerpt-hellip\"> [\u2026]<\/span><\/p>\n","protected":false},"featured_media":0,"template":"","meta":{"_monsterinsights_skip_tracking":false,"_monsterinsights_sitenote_active":false,"_monsterinsights_sitenote_note":"","_monsterinsights_sitenote_category":0},"product_brand":[],"product_cat":[15350,17583],"product_tag":[],"class_list":{"0":"post-765597","1":"product","2":"type-product","3":"status-publish","5":"product_cat-hukuk","6":"product_cat-kanun-ve-uygulama-kitaplari","7":"pa_cilt-ciltsiz","8":"pa_tur-kitap","9":"pa_yayinevi-orion-kitabevi","10":"pa_yazar-mehmet-gok","12":"first","13":"instock","14":"sale","15":"shipping-taxable","16":"purchasable","17":"product-type-simple"},"_links":{"self":[{"href":"https:\/\/roveyayinevi.com.tr\/index.php\/wp-json\/wp\/v2\/product\/765597","targetHints":{"allow":["GET"]}}],"collection":[{"href":"https:\/\/roveyayinevi.com.tr\/index.php\/wp-json\/wp\/v2\/product"}],"about":[{"href":"https:\/\/roveyayinevi.com.tr\/index.php\/wp-json\/wp\/v2\/types\/product"}],"wp:attachment":[{"href":"https:\/\/roveyayinevi.com.tr\/index.php\/wp-json\/wp\/v2\/media?parent=765597"}],"wp:term":[{"taxonomy":"product_brand","embeddable":true,"href":"https:\/\/roveyayinevi.com.tr\/index.php\/wp-json\/wp\/v2\/product_brand?post=765597"},{"taxonomy":"product_cat","embeddable":true,"href":"https:\/\/roveyayinevi.com.tr\/index.php\/wp-json\/wp\/v2\/product_cat?post=765597"},{"taxonomy":"product_tag","embeddable":true,"href":"https:\/\/roveyayinevi.com.tr\/index.php\/wp-json\/wp\/v2\/product_tag?post=765597"}],"curies":[{"name":"wp","href":"https:\/\/api.w.org\/{rel}","templated":true}]}}