{"id":765595,"date":"2025-08-28T11:46:46","date_gmt":"2025-08-28T08:46:46","guid":{"rendered":"https:\/\/roveyayinevi.com.tr\/index.php\/urun\/rusyayi-konumlandirmakgecmisten-gunumuze-rus-jeopolitik-muhayyilesi\/"},"modified":"2026-04-15T03:31:30","modified_gmt":"2026-04-15T00:31:30","slug":"rusyayi-konumlandirmakgecmisten-gunumuze-rus-jeopolitik-muhayyilesi","status":"publish","type":"product","link":"https:\/\/roveyayinevi.com.tr\/index.php\/urun\/rusyayi-konumlandirmakgecmisten-gunumuze-rus-jeopolitik-muhayyilesi\/","title":{"rendered":"Rusya\u2019y\u0131 Konumland\u0131rmak:Ge\u00e7mi\u015ften G\u00fcn\u00fcm\u00fcze Rus Jeopolitik Muhayyilesi"},"content":{"rendered":"<p>\u00dclkemizde Rus jeopoliti\u011fi denilince ak\u0131llara gelen ilk isim \u015f\u00fcphesiz Alek[1]sander Dugin\u2019dir. Rus d\u00fc\u015f\u00fcn\u00fcr Dugin taraf\u0131ndan 1997 y\u0131l\u0131nda kaleme al\u0131nan Jeopolitik Temeller: Rusya\u2019n\u0131n Jeopolitik Gelece\u011fi (Rus\u00e7a: \u041e\u0441\u043d\u043e\u0432\u044b \u0433\u0435\u043e\u043f\u043e\u043b\u0438\u0442\u0438\u043a\u0438. \u0413\u0435\u043e\u043f\u043e\u043b\u0438\u0442\u0438\u0447\u0435\u0441\u043a\u043e\u0435 \u0431\u0443\u0434\u0443\u0449\u0435\u0435 \u0420\u043e\u0441\u0441\u0438\u0438) isimli kitab\u0131n 2003 y\u0131l\u0131nda K\u00fcre Yay\u0131nlar\u0131 taraf\u0131ndan Rus Jeopoliti\u011fi: Avrasyac\u0131 Yakla\u015f\u0131m ad\u0131yla tefrika edilmesiyle birlikte Avrasyac\u0131l\u0131k fikriyat\u0131 \u00fclkemize h\u0131zl\u0131 bir giri\u015f yapm\u0131\u015f ve Rus jeopoliti\u011fine ili\u015fkin konular giderek artan bir pop\u00fclariteye kavu\u015fmu\u015ftur. Bu do\u011frultuda gerek akademik gerekse de pop\u00fcler yaz\u0131nda Klasik ve Yeni Avrasyac\u0131 d\u00fc\u015f\u00fcnce \u00fczerine yap\u0131lan yay\u0131nlarda g\u00f6zle g\u00f6r\u00fcl\u00fcr bir art\u0131\u015f ya\u015fand\u0131\u011f\u0131 m\u00fc\u015fahede edilmi\u015ftir.<\/p>\n","protected":false},"excerpt":{"rendered":"<p>\u00dclkemizde Rus jeopoliti\u011fi denilince ak\u0131llara gelen ilk isim \u015f\u00fcphesiz Alek[1]sander Dugin\u2019dir. Rus d\u00fc\u015f\u00fcn\u00fcr Dugin taraf\u0131ndan 1997 y\u0131l\u0131nda kaleme al\u0131nan Jeopolitik Temeller: Rusya\u2019n\u0131n Jeopolitik Gelece\u011fi (Rus\u00e7a: \u041e\u0441\u043d\u043e\u0432\u044b<span class=\"excerpt-hellip\"> [\u2026]<\/span><\/p>\n","protected":false},"featured_media":0,"template":"","meta":{"_monsterinsights_skip_tracking":false,"_monsterinsights_sitenote_active":false,"_monsterinsights_sitenote_note":"","_monsterinsights_sitenote_category":0},"product_brand":[],"product_cat":[12337,14528],"product_tag":[],"class_list":{"0":"post-765595","1":"product","2":"type-product","3":"status-publish","5":"product_cat-politika-siyaset","6":"product_cat-siyaset-tarihi","7":"pa_cilt-ciltsiz","8":"pa_tur-kitap","9":"pa_yayinevi-orion-kitabevi","10":"pa_yazar-davut-han-aslan","12":"first","13":"instock","14":"sale","15":"shipping-taxable","16":"purchasable","17":"product-type-simple"},"_links":{"self":[{"href":"https:\/\/roveyayinevi.com.tr\/index.php\/wp-json\/wp\/v2\/product\/765595","targetHints":{"allow":["GET"]}}],"collection":[{"href":"https:\/\/roveyayinevi.com.tr\/index.php\/wp-json\/wp\/v2\/product"}],"about":[{"href":"https:\/\/roveyayinevi.com.tr\/index.php\/wp-json\/wp\/v2\/types\/product"}],"wp:attachment":[{"href":"https:\/\/roveyayinevi.com.tr\/index.php\/wp-json\/wp\/v2\/media?parent=765595"}],"wp:term":[{"taxonomy":"product_brand","embeddable":true,"href":"https:\/\/roveyayinevi.com.tr\/index.php\/wp-json\/wp\/v2\/product_brand?post=765595"},{"taxonomy":"product_cat","embeddable":true,"href":"https:\/\/roveyayinevi.com.tr\/index.php\/wp-json\/wp\/v2\/product_cat?post=765595"},{"taxonomy":"product_tag","embeddable":true,"href":"https:\/\/roveyayinevi.com.tr\/index.php\/wp-json\/wp\/v2\/product_tag?post=765595"}],"curies":[{"name":"wp","href":"https:\/\/api.w.org\/{rel}","templated":true}]}}