{"id":765594,"date":"2025-08-28T11:46:44","date_gmt":"2025-08-28T08:46:44","guid":{"rendered":"https:\/\/roveyayinevi.com.tr\/index.php\/urun\/rusya-fedarasyonunun-dis-politikasi\/"},"modified":"2026-04-15T03:31:30","modified_gmt":"2026-04-15T00:31:30","slug":"rusya-fedarasyonunun-dis-politikasi","status":"publish","type":"product","link":"https:\/\/roveyayinevi.com.tr\/index.php\/urun\/rusya-fedarasyonunun-dis-politikasi\/","title":{"rendered":"Rusya Fedarasyonunun D\u0131\u015f Politikas\u0131"},"content":{"rendered":"<p>SSCB\u2019nin da\u011f\u0131lmas\u0131 ve So\u011fuk Sava\u015f\u2019\u0131n sonlanmas\u0131yla uluslararas\u0131 sistemde k\u00f6kl\u00fc de\u011fi\u015fiklikler meydana gelmi\u015f, blok siyaseti ortadan kalkm\u0131\u015f, b\u00f6lgeselle\u015fme \u00e7abalar\u0131 artm\u0131\u015f, ileti\u015fim teknolojisindeki muazzam geli\u015fme toplumsal ya\u015fam\u0131n her alan\u0131nda kendisini hissettirmi\u015ftir. Yeni s\u00fcre\u00e7te SSCB\u2019nin miras\u0131n\u0131 devralarak 1991\u2019de Ruslar\u0131n yeni devleti olarak tarih sahnesine \u00e7\u0131kan Rusya Federasyonu, muazzam b\u00fcy\u00fckl\u00fckteki co\u011frafyas\u0131, do\u011fal kaynaklar\u0131, ekonomik potansiyeli, askeri g\u00fcc\u00fc ve her \u015feyden \u00f6nemlisi k\u00fcresel sisteme y\u00f6nelik beklentileri nedeniyle k\u0131sa s\u00fcre i\u00e7erisinde k\u00fcresel politikada yayg\u0131n etki olu\u015fturabilen say\u0131l\u0131 devletlerden birisi haline gelmi\u015ftir. Temel amac\u0131 So\u011fuk Sava\u015f sonras\u0131 Rus D\u0131\u015f Politikas\u0131n\u0131 \u00e7e\u015fitli y\u00f6nleriyle bir b\u00fct\u00fcnl\u00fck i\u00e7erisinde ele almak olan bu \u00e7al\u0131\u015fmada 20 farkl\u0131 konu ba\u015fl\u0131\u011f\u0131 yer almaktad\u0131r. Rus stratejik k\u00fclt\u00fcr\u00fc, Rusya\u2019n\u0131n k\u00fcresel ekonomideki yeri, yumu\u015fak g\u00fc\u00e7 kullan\u0131m\u0131, uluslararas\u0131 \u00f6rg\u00fctlerle ili\u015fkileri, enerji politikalar\u0131, Rusya a\u00e7\u0131s\u0131ndan \u00f6nem arz eden baz\u0131 b\u00f6lge ve \u00fclkelerle ili\u015fkileri T\u00fcrkiye, Rusya, Kazakistan, \u00d6zbekistan ve K\u0131rg\u0131zistan\u2019dan alanlar\u0131nda uzman yazarlar taraf\u0131ndan ele al\u0131nm\u0131\u015ft\u0131r. Eser, Rus d\u0131\u015f politikas\u0131na ili\u015fkin kapsaml\u0131 bir i\u00e7eri\u011fe sahip olup, farkl\u0131 bak\u0131\u015f a\u00e7\u0131lar\u0131n\u0131 bir b\u00fct\u00fcnl\u00fck i\u00e7erisinde okuyucuya sunmaktad\u0131r.<\/p>\n","protected":false},"excerpt":{"rendered":"<p>SSCB\u2019nin da\u011f\u0131lmas\u0131 ve So\u011fuk Sava\u015f\u2019\u0131n sonlanmas\u0131yla uluslararas\u0131 sistemde k\u00f6kl\u00fc de\u011fi\u015fiklikler meydana gelmi\u015f, blok siyaseti ortadan kalkm\u0131\u015f, b\u00f6lgeselle\u015fme \u00e7abalar\u0131 artm\u0131\u015f, ileti\u015fim teknolojisindeki muazzam geli\u015fme toplumsal ya\u015fam\u0131n her<span class=\"excerpt-hellip\"> [\u2026]<\/span><\/p>\n","protected":false},"featured_media":0,"template":"","meta":{"_monsterinsights_skip_tracking":false,"_monsterinsights_sitenote_active":false,"_monsterinsights_sitenote_note":"","_monsterinsights_sitenote_category":0},"product_brand":[],"product_cat":[12337,17225],"product_tag":[],"class_list":{"0":"post-765594","1":"product","2":"type-product","3":"status-publish","5":"product_cat-politika-siyaset","6":"product_cat-uluslararasi-iliskiler","7":"pa_cilt-ciltsiz","8":"pa_tur-kitap","9":"pa_yayinevi-orion-kitabevi","10":"pa_yazar-osman-agir-ainur-nogayeva","12":"first","13":"instock","14":"sale","15":"shipping-taxable","16":"purchasable","17":"product-type-simple"},"_links":{"self":[{"href":"https:\/\/roveyayinevi.com.tr\/index.php\/wp-json\/wp\/v2\/product\/765594","targetHints":{"allow":["GET"]}}],"collection":[{"href":"https:\/\/roveyayinevi.com.tr\/index.php\/wp-json\/wp\/v2\/product"}],"about":[{"href":"https:\/\/roveyayinevi.com.tr\/index.php\/wp-json\/wp\/v2\/types\/product"}],"wp:attachment":[{"href":"https:\/\/roveyayinevi.com.tr\/index.php\/wp-json\/wp\/v2\/media?parent=765594"}],"wp:term":[{"taxonomy":"product_brand","embeddable":true,"href":"https:\/\/roveyayinevi.com.tr\/index.php\/wp-json\/wp\/v2\/product_brand?post=765594"},{"taxonomy":"product_cat","embeddable":true,"href":"https:\/\/roveyayinevi.com.tr\/index.php\/wp-json\/wp\/v2\/product_cat?post=765594"},{"taxonomy":"product_tag","embeddable":true,"href":"https:\/\/roveyayinevi.com.tr\/index.php\/wp-json\/wp\/v2\/product_tag?post=765594"}],"curies":[{"name":"wp","href":"https:\/\/api.w.org\/{rel}","templated":true}]}}