{"id":765593,"date":"2025-08-28T11:46:42","date_gmt":"2025-08-28T08:46:42","guid":{"rendered":"https:\/\/roveyayinevi.com.tr\/index.php\/urun\/roman-kadini\/"},"modified":"2026-04-15T03:31:30","modified_gmt":"2026-04-15T00:31:30","slug":"roman-kadini","status":"publish","type":"product","link":"https:\/\/roveyayinevi.com.tr\/index.php\/urun\/roman-kadini\/","title":{"rendered":"Roman Kad\u0131n\u0131"},"content":{"rendered":"<p>Romanlar, \u00e7o\u011fu zaman k\u00fc\u00e7\u00fcmsedi\u011fimiz, burun k\u0131v\u0131rd\u0131\u011f\u0131m\u0131z, d\u0131\u015flad\u0131\u011f\u0131m\u0131z ve ayr\u0131mc\u0131l\u0131k yapt\u0131\u011f\u0131m\u0131z insanlar. Bunun temelinde yer alan \u015fey, kayg\u0131dan, endi\u015feden uzak, g\u00fcn\u00fcbirlik bir ruh \u00fczere s\u00fcr\u00fcp giden e\u011flenceli, ne\u015feli, c\u0131v\u0131l c\u0131v\u0131l ya\u015fam bi\u00e7imleri, k\u00fclt\u00fcrleri, al\u0131\u015fkanl\u0131klar\u0131. Onlara kar\u015f\u0131 sergiledi\u011fimiz tutum, bir toplulu\u011fun etnik kimli\u011finden dolay\u0131 ezilmeye maruz kal\u0131\u015f\u0131n\u0131 resmeder. Roman Kad\u0131n\u0131 s\u00f6z konusu oldu\u011funda kar\u015f\u0131m\u0131za toplumsal cinsiyet temelinde bir kimlik daha \u00e7\u0131kar. Farkl\u0131 kimliklerin kav\u015fa\u011f\u0131nda, bulu\u015fma noktas\u0131nda ezilme deneyimi ya\u015fayan bir topluluk Roman Kad\u0131n\u0131. Fatma \u0130lknur AKG\u00dcL&#8217;\u00fcn, bu \u00e7al\u0131\u015fmas\u0131, Roman Kad\u0131n\u0131 \u00f6zelinde bir hakikate mercek tutarken, bizim bazen bilerek ve bilin\u00e7li bi\u00e7imde, bazen de fark\u0131nda olmadan itti\u011fimiz, \u00f6rseledi\u011fimiz, d\u0131\u015flad\u0131\u011f\u0131m\u0131z bir toplulu\u011fa kar\u015f\u0131 tutumumuzu, ba\u015fka bir deyi\u015fle kendi hikayemizi bir foto\u011fraf makinesinden \u00e7\u0131kan resim gibi \u00e7arp\u0131yor y\u00fcz\u00fcm\u00fcze.Prof. Dr. \u00d6mer \u00c7AHAToplumu daha iyi anlamak ancak, toplumu olu\u015fturan bile\u015fenleri nitelikli \u00e7al\u0131\u015fmalarla anlamakla m\u00fcmk\u00fcnd\u00fcr. Zira sosyal \u00e7e\u015fitlili\u011fin dayand\u0131\u011f\u0131 k\u00fclt\u00fcrel, dilsel, dinsel ve etnik farkl\u0131l\u0131klar evrensel bir olgu olarak, her toplumun b\u00fcnyesinde ta\u015f\u0131d\u0131\u011f\u0131 temel \u00f6zelliklerdendir. T\u00fcrkiye bu bak\u0131mdan olduk\u00e7a zengin motifleri uyum i\u00e7inde b\u00fcnyesinde ta\u015f\u0131maktad\u0131r. Ancak \u00e7a\u011fda\u015f d\u00fcnya sisteminin k\u00fclt\u00fcrel ilgi \u00f6\u011fesi olarak g\u00f6rme e\u011filiminde oldu\u011fu mezkur hadiseyi farkl\u0131 ve\u00e7heleriyle kavramak, ayn\u0131 zamanda sosyal var olu\u015fumuzun niteli\u011fini de belirleme g\u00fcc\u00fcne sahiptir.Nitekim Amin Maalouf&#8217;un veciz olarak ifade etti\u011fi &#8220;\u00f6l\u00fcmc\u00fcl kimlikler&#8221; tam da toplumsal \u00e7e\u015fitlilik olgusuna kap\u0131 aralayan anlat\u0131 olarak \u00f6nem kazanmaktad\u0131r. Her birey t\u0131pk\u0131 her toplum gibi bilincinde farkl\u0131 kimlikleri ta\u015f\u0131maktad\u0131r. Varolu\u015fumuzu belirleyen verili kimlikler bile \u00e7e\u015fitlidir. Kad\u0131n ya da erkek olmak gibi. \u0130\u00e7ine do\u011fdu\u011fumuz k\u00fclt\u00fcr\u00fcn sahip oldu\u011fu \u00f6zellikler etnik, sekter ya da s\u0131n\u0131fsal olarak yine farkl\u0131l\u0131klar\u0131m\u0131z\u0131 olu\u015fturmaktad\u0131r. S\u00fcre\u00e7 i\u00e7inde edindi\u011fimiz her yeni nitelik bu \u00e7e\u015fitlili\u011fe hizmet eder. Sosyo-k\u00fclt\u00fcrel imkan veya imkans\u0131zl\u0131klar tam da &#8220;\u00f6l\u00fcmc\u00fcl kimlikler&#8221;imizi olu\u015fturan yap\u0131lard\u0131r.Bireysel d\u00fczeyde edindi\u011fimiz her \u00f6zellik tart\u0131\u015fmal\u0131 da olsa do\u011fam\u0131za ya da e\u011filimlerimize g\u00f6re olu\u015ftu\u011fu gibi, maruz kald\u0131\u011f\u0131m\u0131z ya da maruz b\u0131rak\u0131ld\u0131\u011f\u0131m\u0131z toplumsal yap\u0131 taraf\u0131ndan belirlenmektedir. Burada \u00f6zg\u00fcrl\u00fc\u011f\u00fcn de\u011feri ve manas\u0131 hayal olarak kurulabilir \u015f\u00fcphesiz. Kald\u0131 ki bireysel tercihlerimizin kimlik edinme s\u00fcre\u00e7lerinde sonradan gelen de\u011feri a\u015fikard\u0131r. Ancak toplumsal gruplar\u0131n birey \u00fczerinde olu\u015fturdu\u011fu etki olduk\u00e7a kuvvetli g\u00f6r\u00fcnmektedir.Bu ba\u011flamda bir \u00f6rnek olarak Roman olmak ve daha \u00f6zel bir form olan Roman Kad\u0131n\u0131 olmak b\u00fcy\u00fck gizemler bar\u0131nd\u0131r\u0131yor i\u00e7inde. O halde bu gizemi anlamaya \u00e7al\u0131\u015fmak, a\u00e7\u0131k hale getirmek \u00f6nemli bir \u00e7aba olacakt\u0131r. Tam bu noktada yazar Fatma \u0130lknur AKG\u00dcL&#8217;\u00fcn giri\u015fti\u011fi ve doktora \u00e7al\u0131\u015fmas\u0131 olarak \u015fekillendirdi\u011fi ara\u015ft\u0131rmas\u0131 \u00f6nemli bir s\u0131r perdesini aralamaya adayd\u0131r. T\u00fcrkiye toplumunun sayg\u0131n \u00fcyesi olan Roman kimli\u011fini etnografik y\u00f6ntemle anlamaya giri\u015fen mevcut kitap, olduk\u00e7a \u00e7arp\u0131c\u0131 sonu\u00e7lar sunmaktad\u0131r. Bir \u00f6teki olan Roman kimli\u011finin i\u00e7inde di\u011fer \u00f6teki olan Roman Kad\u0131n\u0131n\u0131 anlamaya \u00e7abalayan \u00e7al\u0131\u015fma bu a\u00e7\u0131dan okunmaya de\u011ferdir ve ger\u00e7ek eme\u011fin \u00fcr\u00fcn\u00fc olarak \u00f6vg\u00fcy\u00fc hak etmektedir.Prof. Dr. Alim YILMAZ<\/p>\n","protected":false},"excerpt":{"rendered":"<p>Romanlar, \u00e7o\u011fu zaman k\u00fc\u00e7\u00fcmsedi\u011fimiz, burun k\u0131v\u0131rd\u0131\u011f\u0131m\u0131z, d\u0131\u015flad\u0131\u011f\u0131m\u0131z ve ayr\u0131mc\u0131l\u0131k yapt\u0131\u011f\u0131m\u0131z insanlar. Bunun temelinde yer alan \u015fey, kayg\u0131dan, endi\u015feden uzak, g\u00fcn\u00fcbirlik bir ruh \u00fczere s\u00fcr\u00fcp giden e\u011flenceli,<span class=\"excerpt-hellip\"> [\u2026]<\/span><\/p>\n","protected":false},"featured_media":0,"template":"","meta":{"_monsterinsights_skip_tracking":false,"_monsterinsights_sitenote_active":false,"_monsterinsights_sitenote_note":"","_monsterinsights_sitenote_category":0},"product_brand":[],"product_cat":[13072,12291],"product_tag":[],"class_list":{"0":"post-765593","1":"product","2":"type-product","3":"status-publish","5":"product_cat-arastirma-inceleme-referans","6":"product_cat-edebiyat","7":"pa_cilt-ciltsiz","8":"pa_tur-kitap","9":"pa_yayinevi-orion-kitabevi","10":"pa_yazar-fatma-ilknur-akgul","12":"first","13":"instock","14":"sale","15":"shipping-taxable","16":"purchasable","17":"product-type-simple"},"_links":{"self":[{"href":"https:\/\/roveyayinevi.com.tr\/index.php\/wp-json\/wp\/v2\/product\/765593","targetHints":{"allow":["GET"]}}],"collection":[{"href":"https:\/\/roveyayinevi.com.tr\/index.php\/wp-json\/wp\/v2\/product"}],"about":[{"href":"https:\/\/roveyayinevi.com.tr\/index.php\/wp-json\/wp\/v2\/types\/product"}],"wp:attachment":[{"href":"https:\/\/roveyayinevi.com.tr\/index.php\/wp-json\/wp\/v2\/media?parent=765593"}],"wp:term":[{"taxonomy":"product_brand","embeddable":true,"href":"https:\/\/roveyayinevi.com.tr\/index.php\/wp-json\/wp\/v2\/product_brand?post=765593"},{"taxonomy":"product_cat","embeddable":true,"href":"https:\/\/roveyayinevi.com.tr\/index.php\/wp-json\/wp\/v2\/product_cat?post=765593"},{"taxonomy":"product_tag","embeddable":true,"href":"https:\/\/roveyayinevi.com.tr\/index.php\/wp-json\/wp\/v2\/product_tag?post=765593"}],"curies":[{"name":"wp","href":"https:\/\/api.w.org\/{rel}","templated":true}]}}