{"id":765591,"date":"2025-08-28T11:46:40","date_gmt":"2025-08-28T08:46:40","guid":{"rendered":"https:\/\/roveyayinevi.com.tr\/index.php\/urun\/psikolojik-esenlik-ve-takim\/"},"modified":"2026-04-15T03:31:30","modified_gmt":"2026-04-15T00:31:30","slug":"psikolojik-esenlik-ve-takim","status":"publish","type":"product","link":"https:\/\/roveyayinevi.com.tr\/index.php\/urun\/psikolojik-esenlik-ve-takim\/","title":{"rendered":"Psikolojik Esenlik ve Tak\u0131m"},"content":{"rendered":"<p>Bu eser, \u0130brahim Ha\u015fim \u0130nal&#8217;\u0131n doktora tez \u00e7al\u0131\u015fmas\u0131ndan kitapla\u015ft\u0131r\u0131lm\u0131\u015ft\u0131r. Ya\u015famakta oldu\u011fumuz pandemi s\u00fcreci i\u015f d\u00fcnyas\u0131 i\u00e7in gelece\u011fi g\u00f6rmede miyopi olu\u015fturmaktad\u0131r. Ancak, bu s\u00fcre\u00e7 bir kez daha g\u00f6stermektedir ki \u00f6rg\u00fctlerin hayatta kalmas\u0131 ve verimliliklerini s\u00fcrd\u00fcrebilmesi ancak de\u011fi\u015fime uygun esnek stratejilere sahip olmas\u0131, de\u011fi\u015fken \u015fartlara h\u0131zla adaptasyonu ve kaynaklar\u0131 efektif kullanmas\u0131 ile m\u00fcmk\u00fcn olacakt\u0131r. Uzaktan ve esnek \u00e7al\u0131\u015fma ko\u015fullar\u0131 \u00f6rg\u00fctlerde yayg\u0131nla\u015fmakta, teknoloji kullan\u0131m\u0131 ve dijitalle\u015fme s\u00fcreci de h\u0131zlanmaktad\u0131r. Mevcut \u015fartlar bu \u00e7al\u0131\u015fmadaki psikolojik esenlik de\u011fi\u015fkenin \u00f6rg\u00fctler i\u00e7in \u00f6nemini de bir kez daha do\u011frulam\u0131\u015ft\u0131r. \u00d6rg\u00fctlerin insan kayna\u011f\u0131n\u0131 daha verimli kullanabilmesi, onlar\u0131n sahip olduklar\u0131 psiko-sosyal sistemleriyle hayat\u0131n i\u00e7inde olduklar\u0131n\u0131 kabul etmekten ge\u00e7mektedir. Yapay zek\u00e2 teknolojisi ve veri analizi, performans\u0131n ger\u00e7ek zamanl\u0131 olarak de\u011ferlendirilmesini de sa\u011flamaktad\u0131r. Bu teknolojik yap\u0131lanma sayesinde \u00e7al\u0131\u015fanlar\u0131n tak\u0131mlar i\u00e7in uygun yetkinlik ve performansa sahip olup olmad\u0131\u011f\u0131n\u0131 ortaya koyabilmektedir. Bu eser, Z ku\u015fa\u011f\u0131n\u0131 anlamak i\u00e7in, tak\u0131m performans\u0131n\u0131n verimlili\u011fini ve s\u00fcrd\u00fcr\u00fclebilirli\u011fini yapay zek\u00e2 ile de\u011ferlendirilebilece\u011fini ortaya koyan bir ba\u015f ucu eseri niteli\u011findedir.<\/p>\n","protected":false},"excerpt":{"rendered":"<p>Bu eser, \u0130brahim Ha\u015fim \u0130nal&#8217;\u0131n doktora tez \u00e7al\u0131\u015fmas\u0131ndan kitapla\u015ft\u0131r\u0131lm\u0131\u015ft\u0131r. Ya\u015famakta oldu\u011fumuz pandemi s\u00fcreci i\u015f d\u00fcnyas\u0131 i\u00e7in gelece\u011fi g\u00f6rmede miyopi olu\u015fturmaktad\u0131r. Ancak, bu s\u00fcre\u00e7 bir kez daha<span class=\"excerpt-hellip\"> [\u2026]<\/span><\/p>\n","protected":false},"featured_media":0,"template":"","meta":{"_monsterinsights_skip_tracking":false,"_monsterinsights_sitenote_active":false,"_monsterinsights_sitenote_note":"","_monsterinsights_sitenote_category":0},"product_brand":[],"product_cat":[12364,16266],"product_tag":[],"class_list":{"0":"post-765591","1":"product","2":"type-product","3":"status-publish","5":"product_cat-genel-konular","6":"product_cat-referans-kaynak-kitap","7":"pa_cilt-ciltsiz","8":"pa_tur-kitap","9":"pa_yayinevi-orion-kitabevi","10":"pa_yazar-ibrahim-hasim-inal","12":"first","13":"instock","14":"sale","15":"shipping-taxable","16":"purchasable","17":"product-type-simple"},"_links":{"self":[{"href":"https:\/\/roveyayinevi.com.tr\/index.php\/wp-json\/wp\/v2\/product\/765591","targetHints":{"allow":["GET"]}}],"collection":[{"href":"https:\/\/roveyayinevi.com.tr\/index.php\/wp-json\/wp\/v2\/product"}],"about":[{"href":"https:\/\/roveyayinevi.com.tr\/index.php\/wp-json\/wp\/v2\/types\/product"}],"wp:attachment":[{"href":"https:\/\/roveyayinevi.com.tr\/index.php\/wp-json\/wp\/v2\/media?parent=765591"}],"wp:term":[{"taxonomy":"product_brand","embeddable":true,"href":"https:\/\/roveyayinevi.com.tr\/index.php\/wp-json\/wp\/v2\/product_brand?post=765591"},{"taxonomy":"product_cat","embeddable":true,"href":"https:\/\/roveyayinevi.com.tr\/index.php\/wp-json\/wp\/v2\/product_cat?post=765591"},{"taxonomy":"product_tag","embeddable":true,"href":"https:\/\/roveyayinevi.com.tr\/index.php\/wp-json\/wp\/v2\/product_tag?post=765591"}],"curies":[{"name":"wp","href":"https:\/\/api.w.org\/{rel}","templated":true}]}}