{"id":765590,"date":"2025-08-28T11:46:38","date_gmt":"2025-08-28T08:46:38","guid":{"rendered":"https:\/\/roveyayinevi.com.tr\/index.php\/urun\/populizm\/"},"modified":"2026-04-15T03:31:30","modified_gmt":"2026-04-15T00:31:30","slug":"populizm","status":"publish","type":"product","link":"https:\/\/roveyayinevi.com.tr\/index.php\/urun\/populizm\/","title":{"rendered":"Pop\u00fclizm"},"content":{"rendered":"<p>Libya, Hollanda, Avustralya ve Almanya&#8217;da \u00e7e\u015fitli diplomatik ve konsolosluk g\u00f6revlerinde bulunmu\u015f olan Abdurrahman Bilgi\u00e7, Ba\u015fbakanl\u0131k, Bas\u0131n Yay\u0131n ve Enformasyon Genel M\u00fcd\u00fcrl\u00fc\u011f\u00fc ve M\u0130T M\u00fcste\u015far Yard\u0131mc\u0131l\u0131\u011f\u0131 da yapm\u0131\u015ft\u0131r. Tokyo ve Londra B\u00fcy\u00fckel\u00e7iliklerinden sonra siyasete at\u0131lan Bilgi\u00e7, siyaseti b\u0131rakt\u0131ktan sonra pop\u00fclizm konusunda g\u00f6r\u00fc\u015flerini a\u00e7\u0131klamaktad\u0131r. Demokrasilerin kalitesini ve gelece\u011fini etkileyen bu siyasi pandeminin akademik \u00e7evrelerde ve bas\u0131nda daha \u00e7ok tart\u0131\u015f\u0131lmas\u0131 gerekti\u011fine inanmaktad\u0131r. Emekli B\u00fcy\u00fckel\u00e7i olarak, bu kitap\u00e7\u0131kla pop\u00fclizm ile m\u00fccadeleye katk\u0131 sa\u011flamak istemesinin bir nedeni de konunun d\u0131\u015f politika bak\u0131m\u0131ndan ta\u015f\u0131d\u0131\u011f\u0131 \u00f6nemdir. Ger\u00e7ekten de yeni pop\u00fclizm dalgas\u0131 uluslaras\u0131 ili\u015fkileri ve T\u00fcrkiye&#8217;nin ulusal \u00e7\u0131karlar\u0131n\u0131 tehdit etmektedir.<\/p>\n","protected":false},"excerpt":{"rendered":"<p>Libya, Hollanda, Avustralya ve Almanya&#8217;da \u00e7e\u015fitli diplomatik ve konsolosluk g\u00f6revlerinde bulunmu\u015f olan Abdurrahman Bilgi\u00e7, Ba\u015fbakanl\u0131k, Bas\u0131n Yay\u0131n ve Enformasyon Genel M\u00fcd\u00fcrl\u00fc\u011f\u00fc ve M\u0130T M\u00fcste\u015far Yard\u0131mc\u0131l\u0131\u011f\u0131 da<span class=\"excerpt-hellip\"> [\u2026]<\/span><\/p>\n","protected":false},"featured_media":0,"template":"","meta":{"_monsterinsights_skip_tracking":false,"_monsterinsights_sitenote_active":false,"_monsterinsights_sitenote_note":"","_monsterinsights_sitenote_category":0},"product_brand":[],"product_cat":[13590,12337],"product_tag":[],"class_list":{"0":"post-765590","1":"product","2":"type-product","3":"status-publish","5":"product_cat-arastirma-inceleme-politika-siyaset","6":"product_cat-politika-siyaset","7":"pa_cilt-ciltsiz","8":"pa_tur-kitap","9":"pa_yayinevi-orion-kitabevi","10":"pa_yazar-abdurrahman-bilgic","12":"first","13":"instock","14":"sale","15":"shipping-taxable","16":"purchasable","17":"product-type-simple"},"_links":{"self":[{"href":"https:\/\/roveyayinevi.com.tr\/index.php\/wp-json\/wp\/v2\/product\/765590","targetHints":{"allow":["GET"]}}],"collection":[{"href":"https:\/\/roveyayinevi.com.tr\/index.php\/wp-json\/wp\/v2\/product"}],"about":[{"href":"https:\/\/roveyayinevi.com.tr\/index.php\/wp-json\/wp\/v2\/types\/product"}],"wp:attachment":[{"href":"https:\/\/roveyayinevi.com.tr\/index.php\/wp-json\/wp\/v2\/media?parent=765590"}],"wp:term":[{"taxonomy":"product_brand","embeddable":true,"href":"https:\/\/roveyayinevi.com.tr\/index.php\/wp-json\/wp\/v2\/product_brand?post=765590"},{"taxonomy":"product_cat","embeddable":true,"href":"https:\/\/roveyayinevi.com.tr\/index.php\/wp-json\/wp\/v2\/product_cat?post=765590"},{"taxonomy":"product_tag","embeddable":true,"href":"https:\/\/roveyayinevi.com.tr\/index.php\/wp-json\/wp\/v2\/product_tag?post=765590"}],"curies":[{"name":"wp","href":"https:\/\/api.w.org\/{rel}","templated":true}]}}