{"id":765588,"date":"2025-08-28T11:46:36","date_gmt":"2025-08-28T08:46:36","guid":{"rendered":"https:\/\/roveyayinevi.com.tr\/index.php\/urun\/partiler-ve-secimler\/"},"modified":"2026-04-15T03:31:30","modified_gmt":"2026-04-15T00:31:30","slug":"partiler-ve-secimler","status":"publish","type":"product","link":"https:\/\/roveyayinevi.com.tr\/index.php\/urun\/partiler-ve-secimler\/","title":{"rendered":"Partiler ve Se\u00e7imler"},"content":{"rendered":"<p>2023 T\u00fcrkiye&#8217;de siyasi rejimin kurum ve kurallar\u0131yla ya\u015fad\u0131\u011f\u0131 evrim a\u00e7\u0131s\u0131ndan \u00f6nemli bir tarih olacak. T\u00fcrkiye Cumhuriyeti devleti yakla\u015f\u0131k bir as\u0131rl\u0131k d\u00f6nemde \u00e7a\u011fda\u015f uygarl\u0131k yolunda ekonomiden siyasete, toplumsal yap\u0131dan zihniyet d\u00fcnyas\u0131na dek \u00f6nemli de\u011fi\u015fimler ge\u00e7irdi ve ge\u00e7irmeye de devam ediyor. Bu kitap 2023&#8217;e giden s\u00fcre\u00e7te a\u011f\u0131rl\u0131kl\u0131 olarak son birka\u00e7 y\u0131lda T\u00fcrkiye siyasetine ili\u015fkin siyasal partiler ve se\u00e7imler \u00f6zelindeki yaz\u0131lardan olu\u015fmaktad\u0131r. Eserde a\u011f\u0131rl\u0131kl\u0131 olarak CHP&#8217;de son d\u00f6nemde ya\u015fanan geli\u015fmeleri irdeleyen yaz\u0131lar yeralsa da. 2014 yerel se\u00e7imlerinden itibaren ya\u015fanan siyasal geli\u015fmeler gerek kurumlar, akt\u00f6rler ve s\u00fcre\u00e7ler boyutuyla de\u011ferlendirilmektedir.<\/p>\n","protected":false},"excerpt":{"rendered":"<p>2023 T\u00fcrkiye&#8217;de siyasi rejimin kurum ve kurallar\u0131yla ya\u015fad\u0131\u011f\u0131 evrim a\u00e7\u0131s\u0131ndan \u00f6nemli bir tarih olacak. T\u00fcrkiye Cumhuriyeti devleti yakla\u015f\u0131k bir as\u0131rl\u0131k d\u00f6nemde \u00e7a\u011fda\u015f uygarl\u0131k yolunda ekonomiden siyasete,<span class=\"excerpt-hellip\"> [\u2026]<\/span><\/p>\n","protected":false},"featured_media":0,"template":"","meta":{"_monsterinsights_skip_tracking":false,"_monsterinsights_sitenote_active":false,"_monsterinsights_sitenote_note":"","_monsterinsights_sitenote_category":0},"product_brand":[],"product_cat":[12337],"product_tag":[],"class_list":{"0":"post-765588","1":"product","2":"type-product","3":"status-publish","5":"product_cat-politika-siyaset","6":"pa_cilt-ciltsiz","7":"pa_tur-kitap","8":"pa_yayinevi-orion-kitabevi","9":"pa_yazar-kolektif","11":"first","12":"instock","13":"sale","14":"shipping-taxable","15":"purchasable","16":"product-type-simple"},"_links":{"self":[{"href":"https:\/\/roveyayinevi.com.tr\/index.php\/wp-json\/wp\/v2\/product\/765588","targetHints":{"allow":["GET"]}}],"collection":[{"href":"https:\/\/roveyayinevi.com.tr\/index.php\/wp-json\/wp\/v2\/product"}],"about":[{"href":"https:\/\/roveyayinevi.com.tr\/index.php\/wp-json\/wp\/v2\/types\/product"}],"wp:attachment":[{"href":"https:\/\/roveyayinevi.com.tr\/index.php\/wp-json\/wp\/v2\/media?parent=765588"}],"wp:term":[{"taxonomy":"product_brand","embeddable":true,"href":"https:\/\/roveyayinevi.com.tr\/index.php\/wp-json\/wp\/v2\/product_brand?post=765588"},{"taxonomy":"product_cat","embeddable":true,"href":"https:\/\/roveyayinevi.com.tr\/index.php\/wp-json\/wp\/v2\/product_cat?post=765588"},{"taxonomy":"product_tag","embeddable":true,"href":"https:\/\/roveyayinevi.com.tr\/index.php\/wp-json\/wp\/v2\/product_tag?post=765588"}],"curies":[{"name":"wp","href":"https:\/\/api.w.org\/{rel}","templated":true}]}}