{"id":765587,"date":"2025-08-28T11:46:35","date_gmt":"2025-08-28T08:46:35","guid":{"rendered":"https:\/\/roveyayinevi.com.tr\/index.php\/urun\/parti-uyelerinin-siyasal-katilimi\/"},"modified":"2026-04-15T03:31:30","modified_gmt":"2026-04-15T00:31:30","slug":"parti-uyelerinin-siyasal-katilimi","status":"publish","type":"product","link":"https:\/\/roveyayinevi.com.tr\/index.php\/urun\/parti-uyelerinin-siyasal-katilimi\/","title":{"rendered":"Parti \u00dcyelerinin Siyasal Kat\u0131l\u0131m\u0131"},"content":{"rendered":"<p>Siyasi partilerin tu?zu?klerinin, partinin i\u00e7 i\u015fleyi\u015finin, te\u015fkilat yap\u0131s\u0131n\u0131n, siyasi kat\u0131l\u0131m u?zerinde \u00f6nemli roller oynad\u0131\u011f\u0131 du?\u015fu?nu?lmektedir. Bu durum parti y\u00f6netiminin olu\u015fumu, g\u00f6revden almalar ve aday belirlemede \u00e7ok a\u00e7\u0131k bir bi\u00e7imde ortaya \u00e7\u0131kmaktad\u0131r. Parti tu?zu?\u011fu? parti u?st y\u00f6netimlerinin y\u00f6netimlerini devam ettirmelerine imk\u00e2n vermekte bu da u?yelerin siyasi kat\u0131l\u0131m\u0131n\u0131 s\u0131n\u0131rland\u0131rmakta ve etkisizle\u015ftirmektedir. Tu?zu?k, parti u?st y\u00f6netimlerine parti i\u00e7i demokrasi anlay\u0131\u015f\u0131na da ters olarak birimleri kolayl\u0131kla g\u00f6revden almalar\u0131na imk\u00e2n tan\u0131maktad\u0131r. Kongre su?re\u00e7leri sa\u011fl\u0131kl\u0131 i\u015flememekte delegelik sistemi u?yelerin hakkaniyetli temsiline engel olmaktad\u0131r.Parti i\u00e7i demokrasinin Tu?rkiye&#8217;nin en bu?yu?k iki partisinde de \u00f6nemli bir sorun oldu\u011fu du?\u015fu?nu?lmektedir. Partilerin g\u00f6revleri aras\u0131nda ikisi \u00f6n pl\u00e2na \u00e7\u0131kmaktad\u0131r: Bunlardan birisi iktidara gelebilmek i\u00e7in insanlar\u0131 bir te\u015fkilat \u00e7at\u0131s\u0131 alt\u0131nda toplamak, di\u011feri ise iktidara gelmektir. Partiler, u?yeler vas\u0131tas\u0131yla ki\u015fileri siyasi etkinliklere dahil etmek suretiyle siyasi kat\u0131l\u0131mda bulunmalar\u0131n\u0131 sa\u011flayarak demokrasinin geli\u015fmesine katk\u0131da bulunmaktad\u0131rlar. Kendi i\u00e7 yap\u0131lar\u0131nda ne kadar demokratik olurlarsa u?lke y\u00f6netiminde de ayn\u0131 hassasiyette olacaklar\u0131 du?\u015fu?nu?lmektedir. Bu a\u00e7\u0131dan parti u?yelerinin etkisiz kat\u0131l\u0131m\u0131 yerine, siyasi kat\u0131l\u0131m\u0131n \u00f6nu?nu?n a\u00e7\u0131lmas\u0131n\u0131n daha olumlu bir ad\u0131m oldu\u011fu du?\u015fu?nu?lmektedir.<\/p>\n","protected":false},"excerpt":{"rendered":"<p>Siyasi partilerin tu?zu?klerinin, partinin i\u00e7 i\u015fleyi\u015finin, te\u015fkilat yap\u0131s\u0131n\u0131n, siyasi kat\u0131l\u0131m u?zerinde \u00f6nemli roller oynad\u0131\u011f\u0131 du?\u015fu?nu?lmektedir. Bu durum parti y\u00f6netiminin olu\u015fumu, g\u00f6revden almalar ve aday belirlemede \u00e7ok<span class=\"excerpt-hellip\"> [\u2026]<\/span><\/p>\n","protected":false},"featured_media":0,"template":"","meta":{"_monsterinsights_skip_tracking":false,"_monsterinsights_sitenote_active":false,"_monsterinsights_sitenote_note":"","_monsterinsights_sitenote_category":0},"product_brand":[],"product_cat":[12965,12337],"product_tag":[],"class_list":{"0":"post-765587","1":"product","2":"type-product","3":"status-publish","5":"product_cat-genel-politika","6":"product_cat-politika-siyaset","7":"pa_cilt-ciltsiz","8":"pa_tur-kitap","9":"pa_yayinevi-orion-kitabevi","10":"pa_yazar-orhan-albayrak","12":"first","13":"instock","14":"sale","15":"shipping-taxable","16":"purchasable","17":"product-type-simple"},"_links":{"self":[{"href":"https:\/\/roveyayinevi.com.tr\/index.php\/wp-json\/wp\/v2\/product\/765587","targetHints":{"allow":["GET"]}}],"collection":[{"href":"https:\/\/roveyayinevi.com.tr\/index.php\/wp-json\/wp\/v2\/product"}],"about":[{"href":"https:\/\/roveyayinevi.com.tr\/index.php\/wp-json\/wp\/v2\/types\/product"}],"wp:attachment":[{"href":"https:\/\/roveyayinevi.com.tr\/index.php\/wp-json\/wp\/v2\/media?parent=765587"}],"wp:term":[{"taxonomy":"product_brand","embeddable":true,"href":"https:\/\/roveyayinevi.com.tr\/index.php\/wp-json\/wp\/v2\/product_brand?post=765587"},{"taxonomy":"product_cat","embeddable":true,"href":"https:\/\/roveyayinevi.com.tr\/index.php\/wp-json\/wp\/v2\/product_cat?post=765587"},{"taxonomy":"product_tag","embeddable":true,"href":"https:\/\/roveyayinevi.com.tr\/index.php\/wp-json\/wp\/v2\/product_tag?post=765587"}],"curies":[{"name":"wp","href":"https:\/\/api.w.org\/{rel}","templated":true}]}}