{"id":765586,"date":"2025-08-28T11:46:33","date_gmt":"2025-08-28T08:46:33","guid":{"rendered":"https:\/\/roveyayinevi.com.tr\/index.php\/urun\/para-banka-ve-finans\/"},"modified":"2026-04-15T03:31:30","modified_gmt":"2026-04-15T00:31:30","slug":"para-banka-ve-finans","status":"publish","type":"product","link":"https:\/\/roveyayinevi.com.tr\/index.php\/urun\/para-banka-ve-finans\/","title":{"rendered":"Para-Banka ve Finans"},"content":{"rendered":"<p>De\u011ferli okuyucular, elinizdeki kitap \u00e7ok zahmetli ve de\u011ferli bir \u00e7al\u0131\u015fman\u0131n \u00fcr\u00fcn\u00fc olarak g\u00fcn y\u00fcz\u00fcne \u00e7\u0131km\u0131\u015ft\u0131r. Ku\u015fkusuz, T\u00fcrk\u00e7e literat\u00fcrde para, para-banka, para-banka ve finans \u00fczerine klasik ders kitab\u0131 metodu ile haz\u0131rlanm\u0131\u015f bir\u00e7ok kitap bulunmaktad\u0131r. Bizim \u00e7al\u0131\u015fmam\u0131z\u0131n \u00f6zelli\u011fi, alan\u0131nda \u00f6nde gelen de\u011ferli akademisyen yazarlar\u0131n bu \u00e7al\u0131\u015fmada bir araya gelmi\u015f olmas\u0131d\u0131r. B\u00f6ylece eserimizin her b\u00f6l\u00fcm\u00fc y\u00fcksek motivasyon ve enerji ile yaz\u0131lm\u0131\u015f bulunmaktad\u0131r.Kitab\u0131n ana temas\u0131n\u0131 i\u00e7eren para, merkez bankac\u0131l\u0131\u011f\u0131 ve finans konular\u0131 olduk\u00e7a dinamik bir yap\u0131 arz etmektedir. Konuyu ele al\u0131rken, hem temel kavramsal ve teorik \u00e7at\u0131y\u0131, hem de uygulamada ve de\u011fi\u015fen k\u00fcresel \u015fartlar i\u00e7inde olu\u015fan politikalar\u0131 okuyucuya aktarmay\u0131 hedefledik. Bu nedenle kitab\u0131 inceleyenler, temel kavramlar ve teorilerin yan\u0131 s\u0131ra g\u00fcncel tart\u0131\u015fmalar ve politika \u00f6nerileri ile de kar\u015f\u0131la\u015facaklard\u0131r.<\/p>\n","protected":false},"excerpt":{"rendered":"<p>De\u011ferli okuyucular, elinizdeki kitap \u00e7ok zahmetli ve de\u011ferli bir \u00e7al\u0131\u015fman\u0131n \u00fcr\u00fcn\u00fc olarak g\u00fcn y\u00fcz\u00fcne \u00e7\u0131km\u0131\u015ft\u0131r. Ku\u015fkusuz, T\u00fcrk\u00e7e literat\u00fcrde para, para-banka, para-banka ve finans \u00fczerine klasik ders<span class=\"excerpt-hellip\"> [\u2026]<\/span><\/p>\n","protected":false},"featured_media":0,"template":"","meta":{"_monsterinsights_skip_tracking":false,"_monsterinsights_sitenote_active":false,"_monsterinsights_sitenote_note":"","_monsterinsights_sitenote_category":0},"product_brand":[],"product_cat":[17249,13043],"product_tag":[],"class_list":{"0":"post-765586","1":"product","2":"type-product","3":"status-publish","5":"product_cat-borsa-finans","6":"product_cat-ekonomi","7":"pa_cilt-ciltsiz","8":"pa_tur-kitap","9":"pa_yayinevi-orion-kitabevi","10":"pa_yazar-nadir-eroglu","12":"first","13":"instock","14":"sale","15":"shipping-taxable","16":"purchasable","17":"product-type-simple"},"_links":{"self":[{"href":"https:\/\/roveyayinevi.com.tr\/index.php\/wp-json\/wp\/v2\/product\/765586","targetHints":{"allow":["GET"]}}],"collection":[{"href":"https:\/\/roveyayinevi.com.tr\/index.php\/wp-json\/wp\/v2\/product"}],"about":[{"href":"https:\/\/roveyayinevi.com.tr\/index.php\/wp-json\/wp\/v2\/types\/product"}],"wp:attachment":[{"href":"https:\/\/roveyayinevi.com.tr\/index.php\/wp-json\/wp\/v2\/media?parent=765586"}],"wp:term":[{"taxonomy":"product_brand","embeddable":true,"href":"https:\/\/roveyayinevi.com.tr\/index.php\/wp-json\/wp\/v2\/product_brand?post=765586"},{"taxonomy":"product_cat","embeddable":true,"href":"https:\/\/roveyayinevi.com.tr\/index.php\/wp-json\/wp\/v2\/product_cat?post=765586"},{"taxonomy":"product_tag","embeddable":true,"href":"https:\/\/roveyayinevi.com.tr\/index.php\/wp-json\/wp\/v2\/product_tag?post=765586"}],"curies":[{"name":"wp","href":"https:\/\/api.w.org\/{rel}","templated":true}]}}