{"id":765585,"date":"2025-08-28T11:46:32","date_gmt":"2025-08-28T08:46:32","guid":{"rendered":"https:\/\/roveyayinevi.com.tr\/index.php\/urun\/ozgurluk-ve-guvenlik-hakki\/"},"modified":"2026-04-15T03:31:30","modified_gmt":"2026-04-15T00:31:30","slug":"ozgurluk-ve-guvenlik-hakki","status":"publish","type":"product","link":"https:\/\/roveyayinevi.com.tr\/index.php\/urun\/ozgurluk-ve-guvenlik-hakki\/","title":{"rendered":"\u00d6zg\u00fcrl\u00fck ve G\u00fcvenlik Hakk\u0131"},"content":{"rendered":"<p>Anayasa ve Avrupa \u0130nsan Haklar\u0131 S\u00f6zle\u015fmesinde yer alan \u00f6zg\u00fcrl\u00fck ve g\u00fcvenlik hakk\u0131, g\u00f6zalt\u0131, tutuklama, adli kontrol vb. bir\u00e7ok g\u00fcvenlik tedbirini ve bu tedbirlerin uygulanmas\u0131n\u0131 kapsayan son derece \u00f6nelmi bir hakt\u0131r. \u00d6zg\u00fcrl\u00fck ve g\u00fcvenlik hakk\u0131n\u0131n, bireyi anayasa hukuku ve insan haklar\u0131 hukukunun s\u00fcjesi durumuna getiren bireysel ba\u015fvuru uygulamas\u0131 \u00e7er\u00e7evesinde yeniden ele al\u0131nmas\u0131n\u0131n ta\u015f\u0131d\u0131\u011f\u0131 \u00f6nem yads\u0131namaz bir ger\u00e7ektir. Kitapta, Avrupa \u0130nsan Haklar\u0131 Mahkemesi ve Anayasa Mahkemesinin \u00f6zg\u00fcrl\u00fck ve g\u00fcvenlik hakk\u0131 ile ilgili i\u00e7tihatlar\u0131 ve uygulamalar\u0131 kar\u015f\u0131la\u015ft\u0131rmal\u0131 ve belirli bir sistematik \u00e7er\u00e7evesinde son derece detayl\u0131 olarak analiz edilmi\u015ftir. Alan\u0131nda ilk olan bu \u00e7al\u0131\u015fma, mzg\u00fcrl\u00fck ve g\u00fcvenlik hakk\u0131n\u0131n ihlal edildi\u011fi iddialar\u0131n\u0131 i\u00e7eren bireysel ba\u015fvurular\u0131n esas\u0131n\u0131n incelenmesinde, bireylere, teorisyenlere ve uygulamac\u0131lara belirli bir sistematik ba\u011flam\u0131nda bilimsel bir malzeme ve \u00f6nemli bir ba\u015flang\u0131\u00e7 noktas\u0131 sunmaktad\u0131r. Bu y\u00f6nleriyle elinizdeki bu \u00e7al\u0131\u015fma, alan\u0131nda \u00f6nemli bir bo\u015flu\u011fu doldurma amac\u0131na hizmet etmektedir.<\/p>\n","protected":false},"excerpt":{"rendered":"<p>Anayasa ve Avrupa \u0130nsan Haklar\u0131 S\u00f6zle\u015fmesinde yer alan \u00f6zg\u00fcrl\u00fck ve g\u00fcvenlik hakk\u0131, g\u00f6zalt\u0131, tutuklama, adli kontrol vb. bir\u00e7ok g\u00fcvenlik tedbirini ve bu tedbirlerin uygulanmas\u0131n\u0131 kapsayan son<span class=\"excerpt-hellip\"> [\u2026]<\/span><\/p>\n","protected":false},"featured_media":0,"template":"","meta":{"_monsterinsights_skip_tracking":false,"_monsterinsights_sitenote_active":false,"_monsterinsights_sitenote_note":"","_monsterinsights_sitenote_category":0},"product_brand":[],"product_cat":[15350,17602],"product_tag":[],"class_list":{"0":"post-765585","1":"product","2":"type-product","3":"status-publish","5":"product_cat-hukuk","6":"product_cat-hukuk-uzerine","7":"pa_cilt-ciltsiz","8":"pa_tur-kitap","9":"pa_yayinevi-orion-kitabevi","10":"pa_yazar-serhat-altinkok","12":"first","13":"instock","14":"sale","15":"shipping-taxable","16":"purchasable","17":"product-type-simple"},"_links":{"self":[{"href":"https:\/\/roveyayinevi.com.tr\/index.php\/wp-json\/wp\/v2\/product\/765585","targetHints":{"allow":["GET"]}}],"collection":[{"href":"https:\/\/roveyayinevi.com.tr\/index.php\/wp-json\/wp\/v2\/product"}],"about":[{"href":"https:\/\/roveyayinevi.com.tr\/index.php\/wp-json\/wp\/v2\/types\/product"}],"wp:attachment":[{"href":"https:\/\/roveyayinevi.com.tr\/index.php\/wp-json\/wp\/v2\/media?parent=765585"}],"wp:term":[{"taxonomy":"product_brand","embeddable":true,"href":"https:\/\/roveyayinevi.com.tr\/index.php\/wp-json\/wp\/v2\/product_brand?post=765585"},{"taxonomy":"product_cat","embeddable":true,"href":"https:\/\/roveyayinevi.com.tr\/index.php\/wp-json\/wp\/v2\/product_cat?post=765585"},{"taxonomy":"product_tag","embeddable":true,"href":"https:\/\/roveyayinevi.com.tr\/index.php\/wp-json\/wp\/v2\/product_tag?post=765585"}],"curies":[{"name":"wp","href":"https:\/\/api.w.org\/{rel}","templated":true}]}}