{"id":765584,"date":"2025-08-28T11:46:31","date_gmt":"2025-08-28T08:46:31","guid":{"rendered":"https:\/\/roveyayinevi.com.tr\/index.php\/urun\/ozel-amacli-metropoliten-kuruluslar\/"},"modified":"2026-04-15T03:31:30","modified_gmt":"2026-04-15T00:31:30","slug":"ozel-amacli-metropoliten-kuruluslar","status":"publish","type":"product","link":"https:\/\/roveyayinevi.com.tr\/index.php\/urun\/ozel-amacli-metropoliten-kuruluslar\/","title":{"rendered":"\u00d6zel Ama\u00e7l\u0131 Metropoliten Kurulu\u015flar"},"content":{"rendered":"<p>Ozel Ama\u00e7l\u0131 Metropoliten Kurulu\u015flar, h\u0131zla b\u00fcy\u00fcyen kentlerde b\u00f6lunemeyecek makro nitelikte olan mahalli m\u00fc\u015fterek hizmetleri sunmak \u00fczere olu\u015fturulan y\u00f6ne-tim yap\u0131lar\u0131 olarak yerel yonetim birimleri aras\u0131nda yerlerini alm\u0131\u015ft\u0131r. T\u00fcrkiye \u00f6zelin de tarihi olduk\u00e7a eskiye uzanan bu kurulu\u015flar g\u00fcn\u00fcm\u00fczde buy\u00fck\u015fehirlerde kurulan su ve kanalizasyon idareleri ile \u0130stanbul, Ankara ve Izmir&#8217;de ula\u015f\u0131m alan\u0131nda faaliyet g\u00f6steren genel mudurlukler \u015feklinde varl\u0131klar\u0131n\u0131 s\u00fcrd\u00fcrmektedir. T\u00fcrkiye&#8217;de s\u00f6z konusu y\u00f6netim modelleri sui generis bir nitelik ta\u015f\u0131makta olup, yarg\u0131 kararlar\u0131na g\u00f6re mustak\u0131l\/ba\u011f\u0131msiz genel m\u00fcd\u00fcrl\u00fck huviyet\u0131ndedirler. Ancak mevzuatta tek b\u0131r adla an\u0131lmayan bu kurulu\u015flar &#8220;ba\u011fl\u0131 idareler, &#8220;ba\u011fl\u0131 kurulu\u015flar&#8221;, &#8216;b\u00fcy\u00fck\u015fehir ba\u011fl\u0131 kurulu\u015fu&#8221; &#8220;mahalli \u0131darelere ba\u011fl\u0131 genel mudurlukler, &#8220;b\u00fcy\u00fck\u015fehir belediyelerine ba\u011fl\u0131 genel m\u00fcd\u00fcrl\u00fck&#8221; gibi \u00e7e\u015fitli \u015fekillerde adland\u0131r\u0131lmaktad\u0131r. Zaman i\u00e7inde bu kurulu\u015flar\u0131n tabi olduklar\u0131 \u00f6zel mevzuatlar\u0131nda de\u011fi\u015fikli\u011fe gidilmemi\u015f olsa da genel mevzuat kapsam\u0131nda ger\u00e7ekle\u015ftirilen reformlardan etkilenen s\u00f6z konusu ya-p\u0131lar\u0131n ya\u015fanan paradigma de\u011fi\u015fimlerinden de olduk\u00e7a etkilend\u0131kleri g\u00f6r\u00fclmekte-dir. T\u00fcrkiye&#8217;nin Idari Te\u015fkilat\u0131 i\u00e7erisindeki konumlar\u0131 yeterince irdelenmemi\u015f olan ISKI Modeli ile IETT-EGO-ESHOT Genel M\u00fcd\u00fcrl\u00fcklerinin bu \u00e7al\u0131\u015fma kapsam\u0131nda derin-lemesine bir \u015fekilde incelenmesi ama\u00e7lanm\u0131\u015ft\u0131r. \u00c7al\u0131\u015fma genel olarak; kent, kentle\u015fme ve bu d\u00fcnu\u015fumun beraberinde getirdi\u011fi metropoliten kent y\u00f6netimleri ile \u00f6zel ama\u00e7l\u0131 metropoliten kurulu\u015flar\u0131n ortaya \u00e7\u0131k\u0131\u015f\u0131na ve d\u00fcnyadaki orneklerine de-\u011findikten sonra T\u00fcrkiye&#8217;deki \u0130nel ama\u00e7l\u0131 metropoliten kurulu\u015flar\u0131n te\u015fkilat yap\u0131s\u0131-na, g\u00f6rev, yetki ve sorumluluklar\u0131na, mali yap\u0131lar\u0131 ile personel rej\u0131mlerine dair de\u011ferlendirmelere yer vermektedir. Ayr\u0131ca an\u0131lan idarelerin denetimine ve b\u00fcy\u00fck\u015fehir belediyeleri ile olan munasebetler\u0131ne, bu kurulu\u015flar\u0131n idari te\u015fkilat i\u00e7erisindeki ko-numuna da de\u011finmektedir. Yerelle\u015fme e\u011fitimleri ile beraber metropoliten y\u00f6netim modellerinin artan \u00f6nemine de yer veren bu \u00e7al\u0131\u015fma an\u0131lan kurulu\u015flar\u0131n gele dair \u00e7e\u015fitli saptamalarda ve \u00f6nerilerde de bulunmaktad\u0131r.<\/p>\n","protected":false},"excerpt":{"rendered":"<p>Ozel Ama\u00e7l\u0131 Metropoliten Kurulu\u015flar, h\u0131zla b\u00fcy\u00fcyen kentlerde b\u00f6lunemeyecek makro nitelikte olan mahalli m\u00fc\u015fterek hizmetleri sunmak \u00fczere olu\u015fturulan y\u00f6ne-tim yap\u0131lar\u0131 olarak yerel yonetim birimleri aras\u0131nda yerlerini alm\u0131\u015ft\u0131r.<span class=\"excerpt-hellip\"> [\u2026]<\/span><\/p>\n","protected":false},"featured_media":0,"template":"","meta":{"_monsterinsights_skip_tracking":false,"_monsterinsights_sitenote_active":false,"_monsterinsights_sitenote_note":"","_monsterinsights_sitenote_category":0},"product_brand":[],"product_cat":[12337],"product_tag":[],"class_list":{"0":"post-765584","1":"product","2":"type-product","3":"status-publish","5":"product_cat-politika-siyaset","6":"pa_cilt-ciltsiz","7":"pa_tur-kitap","8":"pa_yayinevi-orion-kitabevi","9":"pa_yazar-orhan-veli-alici","11":"first","12":"instock","13":"sale","14":"shipping-taxable","15":"purchasable","16":"product-type-simple"},"_links":{"self":[{"href":"https:\/\/roveyayinevi.com.tr\/index.php\/wp-json\/wp\/v2\/product\/765584","targetHints":{"allow":["GET"]}}],"collection":[{"href":"https:\/\/roveyayinevi.com.tr\/index.php\/wp-json\/wp\/v2\/product"}],"about":[{"href":"https:\/\/roveyayinevi.com.tr\/index.php\/wp-json\/wp\/v2\/types\/product"}],"wp:attachment":[{"href":"https:\/\/roveyayinevi.com.tr\/index.php\/wp-json\/wp\/v2\/media?parent=765584"}],"wp:term":[{"taxonomy":"product_brand","embeddable":true,"href":"https:\/\/roveyayinevi.com.tr\/index.php\/wp-json\/wp\/v2\/product_brand?post=765584"},{"taxonomy":"product_cat","embeddable":true,"href":"https:\/\/roveyayinevi.com.tr\/index.php\/wp-json\/wp\/v2\/product_cat?post=765584"},{"taxonomy":"product_tag","embeddable":true,"href":"https:\/\/roveyayinevi.com.tr\/index.php\/wp-json\/wp\/v2\/product_tag?post=765584"}],"curies":[{"name":"wp","href":"https:\/\/api.w.org\/{rel}","templated":true}]}}