{"id":765581,"date":"2025-08-28T11:46:27","date_gmt":"2025-08-28T08:46:27","guid":{"rendered":"https:\/\/roveyayinevi.com.tr\/index.php\/urun\/ortadogu-satrancinda-yeni-oyun-sunni-sii-catismasi\/"},"modified":"2026-04-15T03:31:30","modified_gmt":"2026-04-15T00:31:30","slug":"ortadogu-satrancinda-yeni-oyun-sunni-sii-catismasi","status":"publish","type":"product","link":"https:\/\/roveyayinevi.com.tr\/index.php\/urun\/ortadogu-satrancinda-yeni-oyun-sunni-sii-catismasi\/","title":{"rendered":"Ortado\u011fu Satranc\u0131nda Yeni Oyun: S\u00fcnni-\u015eii \u00c7at\u0131\u015fmas\u0131"},"content":{"rendered":"<p>Bilinmesi gereken husus, \u00f6n\u00fcm\u00fczdeki yak\u0131n gelecekte bir taraftan Suudi Arabistan ve \u0130ran, di\u011fer taraftan da Bat\u0131 y\u00f6netimlerinin b\u00f6lgeye y\u00f6nelik mutasavver ihtilaflar\u0131 k\u00f6r\u00fckleyecek giri\u015fimlerin artaca\u011f\u0131 ve Bat\u0131-\u0130srail m\u00fcdahalesi olmadan b\u00f6lgeyi derinden olumsuz olarak etkileyecek M\u00fcsl\u00fcman-M\u00fcsl\u00fcman \u00e7eki\u015fmelerinin ya\u015fanmas\u0131na \u015fahit olunaca\u011f\u0131d\u0131r.Gerek Bat\u0131n\u0131n So\u011fuk Sava\u015f sonras\u0131nda b\u00f6lgeye y\u00f6nelik tak\u0131nd\u0131\u011f\u0131 tav\u0131r ve gerekse b\u00f6lgede ya\u015fanan h\u0131zl\u0131 geli\u015fmeler, Ortado\u011fu&#8217;nun yeni haritas\u0131n\u0131n, b\u00f6lgedeki \u0131rk, din ve mezhep fakt\u00f6rlerinin g\u00f6z \u00f6n\u00fcnde bulundurularak demografik ger\u00e7eklere g\u00f6re yeniden \u00e7izilece\u011fi&#8230;G\u00fcn\u00fcm\u00fczde g\u00fcndeme oturan \u015eii hareketlili\u011fi sadece ge\u00e7mi\u015f tarihte ya\u015fanan \u015eii-S\u00fcnni \u00e7eki\u015fmesini geri getirecek dini ihtilaftan kaynaklanmamakta olup aksine \u00e7eki\u015fme g\u00fcn\u00fcm\u00fcz \u015fartlar\u0131ndaki gelir da\u011f\u0131l\u0131m\u0131, bask\u0131, \u00f6tekile\u015ftirme, demokratik ve siyasi baz\u0131 haklarla ilgilidir.<\/p>\n","protected":false},"excerpt":{"rendered":"<p>Bilinmesi gereken husus, \u00f6n\u00fcm\u00fczdeki yak\u0131n gelecekte bir taraftan Suudi Arabistan ve \u0130ran, di\u011fer taraftan da Bat\u0131 y\u00f6netimlerinin b\u00f6lgeye y\u00f6nelik mutasavver ihtilaflar\u0131 k\u00f6r\u00fckleyecek giri\u015fimlerin artaca\u011f\u0131 ve Bat\u0131-\u0130srail<span class=\"excerpt-hellip\"> [\u2026]<\/span><\/p>\n","protected":false},"featured_media":0,"template":"","meta":{"_monsterinsights_skip_tracking":false,"_monsterinsights_sitenote_active":false,"_monsterinsights_sitenote_note":"","_monsterinsights_sitenote_category":0},"product_brand":[],"product_cat":[12338,12337],"product_tag":[],"class_list":{"0":"post-765581","1":"product","2":"type-product","3":"status-publish","5":"product_cat-dunya-siyaseti-ve-politikasi","6":"product_cat-politika-siyaset","7":"pa_cilt-ciltsiz","8":"pa_tur-kitap","9":"pa_yayinevi-orion-kitabevi","10":"pa_yazar-vahdettin-bingol","12":"first","13":"instock","14":"sale","15":"shipping-taxable","16":"purchasable","17":"product-type-simple"},"_links":{"self":[{"href":"https:\/\/roveyayinevi.com.tr\/index.php\/wp-json\/wp\/v2\/product\/765581","targetHints":{"allow":["GET"]}}],"collection":[{"href":"https:\/\/roveyayinevi.com.tr\/index.php\/wp-json\/wp\/v2\/product"}],"about":[{"href":"https:\/\/roveyayinevi.com.tr\/index.php\/wp-json\/wp\/v2\/types\/product"}],"wp:attachment":[{"href":"https:\/\/roveyayinevi.com.tr\/index.php\/wp-json\/wp\/v2\/media?parent=765581"}],"wp:term":[{"taxonomy":"product_brand","embeddable":true,"href":"https:\/\/roveyayinevi.com.tr\/index.php\/wp-json\/wp\/v2\/product_brand?post=765581"},{"taxonomy":"product_cat","embeddable":true,"href":"https:\/\/roveyayinevi.com.tr\/index.php\/wp-json\/wp\/v2\/product_cat?post=765581"},{"taxonomy":"product_tag","embeddable":true,"href":"https:\/\/roveyayinevi.com.tr\/index.php\/wp-json\/wp\/v2\/product_tag?post=765581"}],"curies":[{"name":"wp","href":"https:\/\/api.w.org\/{rel}","templated":true}]}}