{"id":765580,"date":"2025-08-28T11:46:26","date_gmt":"2025-08-28T08:46:26","guid":{"rendered":"https:\/\/roveyayinevi.com.tr\/index.php\/urun\/optisyenin-atolye-becerileri\/"},"modified":"2026-04-15T03:31:30","modified_gmt":"2026-04-15T00:31:30","slug":"optisyenin-atolye-becerileri","status":"publish","type":"product","link":"https:\/\/roveyayinevi.com.tr\/index.php\/urun\/optisyenin-atolye-becerileri\/","title":{"rendered":"Optisyenin At\u00f6lye Becerileri"},"content":{"rendered":"<p>Optisyenlik m\u00fcesseselerinden \u00e7er\u00e7eve ve cam \u00fcreticilerine, malzeme tedarik\u00e7ilerinden cihaz teknik servislerine kadar uzanan geni\u015f bir hizmet a\u011f\u0131na sahip olan optik sekt\u00f6r\u00fc, d\u00fcnya \u00fczerinde milyonlarca insan\u0131n ya\u015fam kalitesini y\u00fckseltmek i\u00e7in b\u00fcy\u00fck u\u011fra\u015flar vermektedir.Global d\u00fc\u015f\u00fcn\u00fcld\u00fc\u011f\u00fcnde; d\u00fcnya \u00fczerinde ortalama iki milyon insan\u0131n presbiyopi kusurundan muzdarip oldu\u011fu, milyonlarca insan\u0131n hayatlar\u0131nda bir kez dahi g\u00f6z muayenesine gitmedi\u011fi veya gidemedi\u011fi, mevcut refraksiyon kusurunun fark\u0131nda olmad\u0131\u011f\u0131 i\u00e7in bir \u00f6m\u00fcr ya\u015fam kalitesi d\u00fc\u015f\u00fck seviyelerde ya\u015fayan milyonlarca insan\u0131n oldu\u011fu ger\u00e7e\u011fi optisyenlerin ne derece b\u00fcy\u00fck bir toplumsal sorumlulu\u011fa sahip oldu\u011funu a\u00e7\u0131k\u00e7a g\u00f6stermektedir. T\u00fcm mesleklerde oldu\u011fu gibi optisyenlik mesle\u011finin de bir dizi etik kurallar\u0131 mevcuttur. Bu etik kurallar\u0131n ba\u015f\u0131nda ticari kayg\u0131lardan ziyade optisyenli\u011fin sa\u011fl\u0131k sekt\u00f6r\u00fcn\u00fcn bir par\u00e7as\u0131 olmas\u0131 bilincinde olmak vard\u0131r.Bu kitab\u0131n i\u00e7eri\u011finde optisyenlerce bilinmesi elzem olan bilgiler yer almaktad\u0131r.Bu kitap yedi b\u00f6l\u00fcmden olu\u015fmaktad\u0131r. Birinci b\u00f6l\u00fcmde temel bilgiler, ikinci b\u00f6l\u00fcmde g\u00f6zl\u00fck mercekleri, \u00fc\u00e7\u00fcnc\u00fc b\u00f6l\u00fcmde kontakt lensler, d\u00f6rd\u00fcnc\u00fc b\u00f6l\u00fcmde optisyenlik at\u00f6lyesinde kullan\u0131lan temel ara\u00e7 ve gere\u00e7ler, be\u015finci b\u00f6l\u00fcmde \u00e7er\u00e7eveler, alt\u0131nc\u0131 b\u00f6l\u00fcmde g\u00f6zl\u00fck montaj teknikleri ve yedinci b\u00f6l\u00fcmde optisyenlik hakk\u0131nda kanun ve y\u00f6netmelikler bulunmaktad\u0131r.<\/p>\n","protected":false},"excerpt":{"rendered":"<p>Optisyenlik m\u00fcesseselerinden \u00e7er\u00e7eve ve cam \u00fcreticilerine, malzeme tedarik\u00e7ilerinden cihaz teknik servislerine kadar uzanan geni\u015f bir hizmet a\u011f\u0131na sahip olan optik sekt\u00f6r\u00fc, d\u00fcnya \u00fczerinde milyonlarca insan\u0131n ya\u015fam<span class=\"excerpt-hellip\"> [\u2026]<\/span><\/p>\n","protected":false},"featured_media":0,"template":"","meta":{"_monsterinsights_skip_tracking":false,"_monsterinsights_sitenote_active":false,"_monsterinsights_sitenote_note":"","_monsterinsights_sitenote_category":0},"product_brand":[],"product_cat":[13005,38128],"product_tag":[],"class_list":{"0":"post-765580","1":"product","2":"type-product","3":"status-publish","5":"product_cat-bilim-muhendislik","6":"product_cat-tip-bilimleri","7":"pa_cilt-ciltsiz","8":"pa_tur-kitap","9":"pa_yayinevi-orion-kitabevi","10":"pa_yazar-naki-kaya","12":"first","13":"instock","14":"sale","15":"shipping-taxable","16":"purchasable","17":"product-type-simple"},"_links":{"self":[{"href":"https:\/\/roveyayinevi.com.tr\/index.php\/wp-json\/wp\/v2\/product\/765580","targetHints":{"allow":["GET"]}}],"collection":[{"href":"https:\/\/roveyayinevi.com.tr\/index.php\/wp-json\/wp\/v2\/product"}],"about":[{"href":"https:\/\/roveyayinevi.com.tr\/index.php\/wp-json\/wp\/v2\/types\/product"}],"wp:attachment":[{"href":"https:\/\/roveyayinevi.com.tr\/index.php\/wp-json\/wp\/v2\/media?parent=765580"}],"wp:term":[{"taxonomy":"product_brand","embeddable":true,"href":"https:\/\/roveyayinevi.com.tr\/index.php\/wp-json\/wp\/v2\/product_brand?post=765580"},{"taxonomy":"product_cat","embeddable":true,"href":"https:\/\/roveyayinevi.com.tr\/index.php\/wp-json\/wp\/v2\/product_cat?post=765580"},{"taxonomy":"product_tag","embeddable":true,"href":"https:\/\/roveyayinevi.com.tr\/index.php\/wp-json\/wp\/v2\/product_tag?post=765580"}],"curies":[{"name":"wp","href":"https:\/\/api.w.org\/{rel}","templated":true}]}}