{"id":765578,"date":"2025-08-28T11:46:24","date_gmt":"2025-08-28T08:46:24","guid":{"rendered":"https:\/\/roveyayinevi.com.tr\/index.php\/urun\/neden-ozgurluk\/"},"modified":"2026-04-15T03:31:30","modified_gmt":"2026-04-15T00:31:30","slug":"neden-ozgurluk","status":"publish","type":"product","link":"https:\/\/roveyayinevi.com.tr\/index.php\/urun\/neden-ozgurluk\/","title":{"rendered":"Neden \u00d6zg\u00fcrl\u00fck"},"content":{"rendered":"<p>&#8220;\u00c7ocuklar\u0131n\u0131z\u0131 ve kendinizi ba\u015fkalar\u0131n\u0131n \u00f6zg\u00fcrl\u00fckleri konusunda e\u011fitiniz. Ancak bu \u015fekilde, kendi \u00f6zg\u00fcrl\u00fc\u011f\u00fcn\u00fcz, kaderin rastgele verilmi\u015f, bonk\u00f6r bir hediyesi olmaktan \u00e7\u0131kacakt\u0131r. Ve ancak bu \u015fekilde \u00f6zg\u00fcr olman\u0131n ger\u00e7ek de\u011ferini anlay\u0131p, onun i\u00e7in m\u00fccadele edecek cesareti kendinizde bulacaks\u0131n\u0131z.&#8221;- Joaquim Nabuco\u00d6zg\u00fcrl\u00fck nedir ve neden vazge\u00e7ilmez bir de\u011ferdir ?Ba\u015fkalar\u0131 da neden en az bizim kadar \u00f6zg\u00fcr olmak zorundad\u0131r ?Kendimiz i\u00e7in istemedi\u011fimiz \u015feyleri ba\u015fkalar\u0131 i\u00e7in de istememe hakk\u0131na sahip miyiz ?Zor ve \u015fiddete ba\u015fvurulmayan bir toplumsal in\u015faa s\u00fcreci m\u00fcmk\u00fcn m\u00fcd\u00fcr ?Elinizdeki bu kitap sizin i\u00e7in bir kavramlar s\u00f6zl\u00fc\u011f\u00fc olmakla yetinmeyipi hem sizlere alternetif bir siyasal d\u00fc\u015f\u00fcnce perspektifi sunacakt\u0131r hem de liberal d\u00fc\u015f\u00fcn\u00fcrler ve de\u011ferlerle tan\u0131\u015fman\u0131za vesile olacakt\u0131r.<\/p>\n","protected":false},"excerpt":{"rendered":"<p>&#8220;\u00c7ocuklar\u0131n\u0131z\u0131 ve kendinizi ba\u015fkalar\u0131n\u0131n \u00f6zg\u00fcrl\u00fckleri konusunda e\u011fitiniz. Ancak bu \u015fekilde, kendi \u00f6zg\u00fcrl\u00fc\u011f\u00fcn\u00fcz, kaderin rastgele verilmi\u015f, bonk\u00f6r bir hediyesi olmaktan \u00e7\u0131kacakt\u0131r. Ve ancak bu \u015fekilde \u00f6zg\u00fcr olman\u0131n<span class=\"excerpt-hellip\"> [\u2026]<\/span><\/p>\n","protected":false},"featured_media":0,"template":"","meta":{"_monsterinsights_skip_tracking":false,"_monsterinsights_sitenote_active":false,"_monsterinsights_sitenote_note":"","_monsterinsights_sitenote_category":0},"product_brand":[],"product_cat":[12337,14706],"product_tag":[],"class_list":{"0":"post-765578","1":"product","2":"type-product","3":"status-publish","5":"product_cat-politika-siyaset","6":"product_cat-siyaset-bilimi","7":"pa_cilt-ciltsiz","8":"pa_tur-kitap","9":"pa_yayinevi-orion-kitabevi","10":"pa_yazar-kolektif","12":"first","13":"instock","14":"sale","15":"shipping-taxable","16":"purchasable","17":"product-type-simple"},"_links":{"self":[{"href":"https:\/\/roveyayinevi.com.tr\/index.php\/wp-json\/wp\/v2\/product\/765578","targetHints":{"allow":["GET"]}}],"collection":[{"href":"https:\/\/roveyayinevi.com.tr\/index.php\/wp-json\/wp\/v2\/product"}],"about":[{"href":"https:\/\/roveyayinevi.com.tr\/index.php\/wp-json\/wp\/v2\/types\/product"}],"wp:attachment":[{"href":"https:\/\/roveyayinevi.com.tr\/index.php\/wp-json\/wp\/v2\/media?parent=765578"}],"wp:term":[{"taxonomy":"product_brand","embeddable":true,"href":"https:\/\/roveyayinevi.com.tr\/index.php\/wp-json\/wp\/v2\/product_brand?post=765578"},{"taxonomy":"product_cat","embeddable":true,"href":"https:\/\/roveyayinevi.com.tr\/index.php\/wp-json\/wp\/v2\/product_cat?post=765578"},{"taxonomy":"product_tag","embeddable":true,"href":"https:\/\/roveyayinevi.com.tr\/index.php\/wp-json\/wp\/v2\/product_tag?post=765578"}],"curies":[{"name":"wp","href":"https:\/\/api.w.org\/{rel}","templated":true}]}}