{"id":765574,"date":"2025-08-28T11:46:19","date_gmt":"2025-08-28T08:46:19","guid":{"rendered":"https:\/\/roveyayinevi.com.tr\/index.php\/urun\/milat-oncesi-ilk-cag-filozoflari\/"},"modified":"2026-04-15T03:31:30","modified_gmt":"2026-04-15T00:31:30","slug":"milat-oncesi-ilk-cag-filozoflari","status":"publish","type":"product","link":"https:\/\/roveyayinevi.com.tr\/index.php\/urun\/milat-oncesi-ilk-cag-filozoflari\/","title":{"rendered":"Milat \u00d6ncesi \u0130lk \u00c7a\u011f Filozoflar\u0131"},"content":{"rendered":"<p>\u00d6yle bir \u00e7a\u011f ki; bir yanda Milet okulundan koltu\u011funda kitaplar\u0131yla \u00e7\u0131kan Thales&#8217;i Anaksimander ve Anaksimenes&#8217;le do\u011fay\u0131 konu\u015furken duyar; hava, su, toprak ve ate\u015fi bir ba\u015fka g\u00f6r\u00fcrs\u00fcn\u00fcz. Bir yanda Pythagoras ve kar\u0131s\u0131 Krotonlu Theano&#8217;yu Homeros&#8217;u okurken; bir yanda, ya\u015fl\u0131 Kolofonlu Ksenofanes&#8217;i \u015fehir \u015fehir savrulup \u015f\u00fcpheci yakla\u015f\u0131m\u0131yla tahminlerini savunurken g\u00f6r\u00fcrs\u00fcn\u00fcz. Biraz uzaklara bakt\u0131\u011f\u0131n\u0131zda Gotama Buddha&#8217;y\u0131 Ganj vadisinde insanl\u0131k i\u00e7in \u015fifaya giden yollar\u0131 ara\u015ft\u0131r\u0131rken; \u00c7in&#8217;in ilk b\u00fcy\u00fck \u00f6\u011fretmeni Konf\u00fc\u00e7y\u00fcs&#8217;\u00fc Bambu \u00fcst\u00fcne Analektler&#8217;ini yazarken bulursunuz. Saklanmay\u0131 seven do\u011fas\u0131nda &#8220;karanl\u0131k filozof&#8221; Efesli Heraklitus&#8217;u; Kutsal\u0131n efsanevi yollar\u0131nda G\u00fcne\u015f Tanr\u0131s\u0131n\u0131n k\u0131zlar\u0131n\u0131 \u00f6l\u00fcms\u00fczle\u015ftiren Eleal\u0131 Parmenides&#8217;i; evrensel ak\u0131lla d\u00fcnyay\u0131 d\u00fczenleyen Sofist Anaksagoras&#8217;\u0131 g\u00f6rmeden ge\u00e7emezsiniz. Hamall\u0131k yapan\u0131na rastlars\u0131n\u0131z Protagoras gibi; \u015eifac\u0131s\u0131na rastlars\u0131n\u0131z efsane Hippocrates gibi&#8230; Dostlu\u011fun, sevginin asil sesini duyarsan\u0131z Mo-Zi ge\u00e7mi\u015ftir yan\u0131n\u0131zdan. Kad\u0131n ihti\u015fam\u0131n\u0131 tarihin karanl\u0131\u011f\u0131nda g\u00f6m\u00fcl\u00fc b\u0131rakmayan bilge Aspasia&#8217;y\u0131 Atina yollar\u0131nda sevgilisi Perikles&#8217;in kolunda g\u00f6r\u00fcrs\u00fcn\u00fcz. Bald\u0131ran zehrini \u015ferbet belleyeni; insan\u0131n tuhaf haline a\u011flayan\u0131, g\u00fcleni; g\u00fcnd\u00fcz vakti sokakta fenerle insan arayan\u0131 g\u00f6r\u00fcrs\u00fcn\u00fcz. Bilginin erdem oldu\u011funu f\u0131s\u0131ldar Megaral\u0131 \u00d6klid; g\u00f6lgelerin oyununu izletmek i\u00e7in ma\u011faras\u0131na g\u00f6t\u00fcr\u00fcr Atinal\u0131 Platon. G\u00fczelli\u011fi, belirsizli\u011fi, hazz\u0131, \u015f\u00fcpheyi, akl\u0131, siyaseti, hukuku, ruhu, Tanr\u0131&#8217;y\u0131 anlatanlar; matemati\u011fin, fizi\u011fin, mant\u0131\u011f\u0131n, t\u0131p ve daha nice bilimlerin temelini atanlar\u0131 g\u00f6r\u00fcrs\u00fcn\u00fcz.<\/p>\n","protected":false},"excerpt":{"rendered":"<p>\u00d6yle bir \u00e7a\u011f ki; bir yanda Milet okulundan koltu\u011funda kitaplar\u0131yla \u00e7\u0131kan Thales&#8217;i Anaksimander ve Anaksimenes&#8217;le do\u011fay\u0131 konu\u015furken duyar; hava, su, toprak ve ate\u015fi bir ba\u015fka g\u00f6r\u00fcrs\u00fcn\u00fcz.<span class=\"excerpt-hellip\"> [\u2026]<\/span><\/p>\n","protected":false},"featured_media":0,"template":"","meta":{"_monsterinsights_skip_tracking":false,"_monsterinsights_sitenote_active":false,"_monsterinsights_sitenote_note":"","_monsterinsights_sitenote_category":0},"product_brand":[],"product_cat":[12388,26788],"product_tag":[],"class_list":{"0":"post-765574","1":"product","2":"type-product","3":"status-publish","5":"product_cat-felsefe","6":"product_cat-filozoflar","7":"pa_cilt-ciltsiz","8":"pa_tur-kitap","9":"pa_yayinevi-orion-kitabevi","10":"pa_yazar-osman-aktas","12":"first","13":"instock","14":"sale","15":"shipping-taxable","16":"purchasable","17":"product-type-simple"},"_links":{"self":[{"href":"https:\/\/roveyayinevi.com.tr\/index.php\/wp-json\/wp\/v2\/product\/765574","targetHints":{"allow":["GET"]}}],"collection":[{"href":"https:\/\/roveyayinevi.com.tr\/index.php\/wp-json\/wp\/v2\/product"}],"about":[{"href":"https:\/\/roveyayinevi.com.tr\/index.php\/wp-json\/wp\/v2\/types\/product"}],"wp:attachment":[{"href":"https:\/\/roveyayinevi.com.tr\/index.php\/wp-json\/wp\/v2\/media?parent=765574"}],"wp:term":[{"taxonomy":"product_brand","embeddable":true,"href":"https:\/\/roveyayinevi.com.tr\/index.php\/wp-json\/wp\/v2\/product_brand?post=765574"},{"taxonomy":"product_cat","embeddable":true,"href":"https:\/\/roveyayinevi.com.tr\/index.php\/wp-json\/wp\/v2\/product_cat?post=765574"},{"taxonomy":"product_tag","embeddable":true,"href":"https:\/\/roveyayinevi.com.tr\/index.php\/wp-json\/wp\/v2\/product_tag?post=765574"}],"curies":[{"name":"wp","href":"https:\/\/api.w.org\/{rel}","templated":true}]}}