{"id":765573,"date":"2025-08-28T11:46:18","date_gmt":"2025-08-28T08:46:18","guid":{"rendered":"https:\/\/roveyayinevi.com.tr\/index.php\/urun\/mikro-iktisat-calisma-kitabi\/"},"modified":"2026-04-15T03:31:30","modified_gmt":"2026-04-15T00:31:30","slug":"mikro-iktisat-calisma-kitabi","status":"publish","type":"product","link":"https:\/\/roveyayinevi.com.tr\/index.php\/urun\/mikro-iktisat-calisma-kitabi\/","title":{"rendered":"Mikro \u0130ktisat \u00c7al\u0131\u015fma Kitab\u0131"},"content":{"rendered":"<p>Bu eserde temel mikro iktisat konular\u0131 \u00e7\u0131km\u0131\u015f sorularla bir arada ele al\u0131nm\u0131\u015ft\u0131r. \u0130ktisat Serisinin ilki olan bu kitapda s\u0131navlarda \u00e7\u0131km\u0131\u015f sorular, \u00f6zg\u00fcn sorular ve \u00e7\u00f6z\u00fcmleri bulunmaktad\u0131r.Bu kapsamda; KPSS, Say\u0131\u015ftay, Mali Hizmetler Uzman yard\u0131mc\u0131l\u0131\u011f\u0131, Ziraat Bankas\u0131 Tefti\u015f Kurulu ve Kamu \u0130hale Kurumu, Kaymakaml\u0131k, \u0130\u00e7 denet\u00e7ilik, gibi s\u0131navlarla ilgili mikro iktisat sorular\u0131n\u0131n \u00e7\u00f6z\u00fcmlerine, bu konular\u0131n hemen arkas\u0131nda yer verilmi\u015ftir. Daha sonrada b\u00f6l\u00fcm ile ilgili peki\u015ftirme sa\u011flamak amac\u0131yla test sorular\u0131 eklenmi\u015ftir. Dolay\u0131s\u0131 ile okuyucu hangi b\u00f6l\u00fcmlerde zorlan\u0131yorsa o b\u00f6l\u00fcm konular\u0131n\u0131 ve sorular\u0131n\u0131 tercih ederek daha \u00e7ok \u00e7al\u0131\u015fma olana\u011f\u0131 bulup eksiklikleri giderecektir.Bu eserin okuyucusu, bir yandan mikro iktisada ili\u015fkin \u00e7\u0131km\u0131\u015f sorular\u0131n a\u011f\u0131rl\u0131kl\u0131 olarak hangi konulardan geldi\u011fini tespit edebilecek, bir yandan da mikro iktisat dersinin en temel konular\u0131n\u0131 incelemi\u015f olacakt\u0131r.<\/p>\n","protected":false},"excerpt":{"rendered":"<p>Bu eserde temel mikro iktisat konular\u0131 \u00e7\u0131km\u0131\u015f sorularla bir arada ele al\u0131nm\u0131\u015ft\u0131r. \u0130ktisat Serisinin ilki olan bu kitapda s\u0131navlarda \u00e7\u0131km\u0131\u015f sorular, \u00f6zg\u00fcn sorular ve \u00e7\u00f6z\u00fcmleri bulunmaktad\u0131r.Bu<span class=\"excerpt-hellip\"> [\u2026]<\/span><\/p>\n","protected":false},"featured_media":0,"template":"","meta":{"_monsterinsights_skip_tracking":false,"_monsterinsights_sitenote_active":false,"_monsterinsights_sitenote_note":"","_monsterinsights_sitenote_category":0},"product_brand":[],"product_cat":[13043,14381],"product_tag":[],"class_list":{"0":"post-765573","1":"product","2":"type-product","3":"status-publish","5":"product_cat-ekonomi","6":"product_cat-isletme-muhasebe-maliye","7":"pa_cilt-ciltsiz","8":"pa_tur-kitap","9":"pa_yayinevi-orion-kitabevi","10":"pa_yazar-ilker-parasiz","12":"first","13":"instock","14":"sale","15":"shipping-taxable","16":"purchasable","17":"product-type-simple"},"_links":{"self":[{"href":"https:\/\/roveyayinevi.com.tr\/index.php\/wp-json\/wp\/v2\/product\/765573","targetHints":{"allow":["GET"]}}],"collection":[{"href":"https:\/\/roveyayinevi.com.tr\/index.php\/wp-json\/wp\/v2\/product"}],"about":[{"href":"https:\/\/roveyayinevi.com.tr\/index.php\/wp-json\/wp\/v2\/types\/product"}],"wp:attachment":[{"href":"https:\/\/roveyayinevi.com.tr\/index.php\/wp-json\/wp\/v2\/media?parent=765573"}],"wp:term":[{"taxonomy":"product_brand","embeddable":true,"href":"https:\/\/roveyayinevi.com.tr\/index.php\/wp-json\/wp\/v2\/product_brand?post=765573"},{"taxonomy":"product_cat","embeddable":true,"href":"https:\/\/roveyayinevi.com.tr\/index.php\/wp-json\/wp\/v2\/product_cat?post=765573"},{"taxonomy":"product_tag","embeddable":true,"href":"https:\/\/roveyayinevi.com.tr\/index.php\/wp-json\/wp\/v2\/product_tag?post=765573"}],"curies":[{"name":"wp","href":"https:\/\/api.w.org\/{rel}","templated":true}]}}