{"id":765572,"date":"2025-08-28T11:46:17","date_gmt":"2025-08-28T08:46:17","guid":{"rendered":"https:\/\/roveyayinevi.com.tr\/index.php\/urun\/metaekolojik-guvenlik\/"},"modified":"2026-04-15T03:31:30","modified_gmt":"2026-04-15T00:31:30","slug":"metaekolojik-guvenlik","status":"publish","type":"product","link":"https:\/\/roveyayinevi.com.tr\/index.php\/urun\/metaekolojik-guvenlik\/","title":{"rendered":"Metaekolojik G\u00fcvenlik"},"content":{"rendered":"<p>Metaekoloji, ekolojik varl\u0131klar\u0131n ait olduklar\u0131 b\u00fct\u00fcnden soyutlanarak bir piyasa unsuru haline getirilmesi, ya\u015fam\u0131 destekleyen bir sistemin \u00f6\u011feleri olarak de\u011fil, birikimin kayna\u011f\u0131 olarak sermaye birikim s\u00fcrecinde y\u00fcklendi\u011fi i\u015flevsellik oran\u0131nda de\u011fer almas\u0131 anlam\u0131na gelir. Bu yakla\u015f\u0131m ekolojik sisteme ve ekolojik varl\u0131klara materyalist ve kapitalist bir yakla\u015f\u0131md\u0131r.Metaekolojik g\u00fcvenlik ise \u00e7evre sorunlar\u0131n\u0131 bir kaynak sorununa indirgeyerek \u00e7\u00f6z\u00fcm arayan g\u00fcvenlik yakla\u015f\u0131m\u0131d\u0131r. Metaekolojik g\u00fcvenli\u011fin amac\u0131 ekonomiyi besleyen kaynaklara ula\u015f\u0131m\u0131n \u00f6n\u00fcndeki engelleri kald\u0131rmak ve kaynak ak\u0131\u015f\u0131n\u0131n s\u00fcreklili\u011fini temin etmektir. Bu ba\u011flamda askeri g\u00fc\u00e7 ve diplomasi metaekolojik g\u00fcvenli\u011fin en \u00f6nemli ara\u00e7lar\u0131d\u0131r.<\/p>\n","protected":false},"excerpt":{"rendered":"<p>Metaekoloji, ekolojik varl\u0131klar\u0131n ait olduklar\u0131 b\u00fct\u00fcnden soyutlanarak bir piyasa unsuru haline getirilmesi, ya\u015fam\u0131 destekleyen bir sistemin \u00f6\u011feleri olarak de\u011fil, birikimin kayna\u011f\u0131 olarak sermaye birikim s\u00fcrecinde y\u00fcklendi\u011fi<span class=\"excerpt-hellip\"> [\u2026]<\/span><\/p>\n","protected":false},"featured_media":0,"template":"","meta":{"_monsterinsights_skip_tracking":false,"_monsterinsights_sitenote_active":false,"_monsterinsights_sitenote_note":"","_monsterinsights_sitenote_category":0},"product_brand":[],"product_cat":[13005,13010],"product_tag":[],"class_list":{"0":"post-765572","1":"product","2":"type-product","3":"status-publish","5":"product_cat-bilim-muhendislik","6":"product_cat-doga-bilimleri","7":"pa_cilt-ciltsiz","8":"pa_tur-kitap","9":"pa_yayinevi-orion-kitabevi","10":"pa_yazar-fikret-birdisli","12":"first","13":"instock","14":"sale","15":"shipping-taxable","16":"purchasable","17":"product-type-simple"},"_links":{"self":[{"href":"https:\/\/roveyayinevi.com.tr\/index.php\/wp-json\/wp\/v2\/product\/765572","targetHints":{"allow":["GET"]}}],"collection":[{"href":"https:\/\/roveyayinevi.com.tr\/index.php\/wp-json\/wp\/v2\/product"}],"about":[{"href":"https:\/\/roveyayinevi.com.tr\/index.php\/wp-json\/wp\/v2\/types\/product"}],"wp:attachment":[{"href":"https:\/\/roveyayinevi.com.tr\/index.php\/wp-json\/wp\/v2\/media?parent=765572"}],"wp:term":[{"taxonomy":"product_brand","embeddable":true,"href":"https:\/\/roveyayinevi.com.tr\/index.php\/wp-json\/wp\/v2\/product_brand?post=765572"},{"taxonomy":"product_cat","embeddable":true,"href":"https:\/\/roveyayinevi.com.tr\/index.php\/wp-json\/wp\/v2\/product_cat?post=765572"},{"taxonomy":"product_tag","embeddable":true,"href":"https:\/\/roveyayinevi.com.tr\/index.php\/wp-json\/wp\/v2\/product_tag?post=765572"}],"curies":[{"name":"wp","href":"https:\/\/api.w.org\/{rel}","templated":true}]}}