{"id":765570,"date":"2025-08-28T11:46:14","date_gmt":"2025-08-28T08:46:14","guid":{"rendered":"https:\/\/roveyayinevi.com.tr\/index.php\/urun\/menekse-renkli-deniz\/"},"modified":"2026-04-15T03:31:30","modified_gmt":"2026-04-15T00:31:30","slug":"menekse-renkli-deniz","status":"publish","type":"product","link":"https:\/\/roveyayinevi.com.tr\/index.php\/urun\/menekse-renkli-deniz\/","title":{"rendered":"Menek\u015fe Renkli Deniz"},"content":{"rendered":"<p>Prof. Dr. G\u00f6khan Ko\u00e7er, 1966&#8217;da Ankara&#8217;da do\u011fdu. \u0130stanbul \u00dcniversitesi \u0130ktisat Fak\u00fcltesi Uluslararas\u0131 \u0130li\u015fkiler B\u00f6l\u00fcm\u00fc&#8217;nden 1987&#8217;de lisans, 1989&#8217;da y\u00fcksek lisans ve 1994&#8217;de doktora derecelerini ald\u0131. 2004&#8217;de Uluslararas\u0131 \u0130li\u015fkiler bilim dal\u0131nda do\u00e7ent oldu. G\u00f6khan Ko\u00e7er, halen, 2010&#8217;da Uluslararas\u0131 \u0130li\u015fkiler Ana Bilim Dal\u0131&#8217;nda profes\u00f6rl\u00fc\u011fe atand\u0131\u011f\u0131 Karadeniz Teknik \u00dcniversitesi \u0130ktisadi ve \u0130dari Bilimler Fak\u00fcltesi Uluslararas\u0131 \u0130li\u015fkiler B\u00f6l\u00fcm\u00fc&#8217;nde g\u00f6rev yapmaktad\u0131r.On be\u015finci ve on sekizinci y\u00fczy\u0131llar aras\u0131nda, en az \u00fc\u00e7 y\u00fczy\u0131l boyunca kesintisiz bi\u00e7imde &#8220;T\u00fcrk G\u00f6l\u00fc&#8221; olarak adland\u0131r\u0131lan Karadeniz, sonras\u0131nda T\u00fcrkler ile Ruslar aras\u0131nda egemenlik m\u00fccadelesine sahne olmu\u015ftur. So\u011fuk sava\u015f boyunca mutedil dalgal\u0131 olan Karadeniz&#8217;in s\u00fckuneti, So\u011fuk sava\u015f sonras\u0131nda ise, eskiye oranla bozulmu\u015ftur.Bug\u00fcn, b\u00f6lgesel akt\u00f6rlerin d\u0131\u015f\u0131nda, Uluslar aras\u0131 ve k\u00fcresel akt\u00f6rlerin ilgi alan\u0131nda olan Karadeniz, art\u0131k Uluslar aras\u0131 g\u00fcvenlik g\u00fcndeminin \u00f6nemli maddelerinden biridir.Bununla birlikte, Karadeniz bir &#8220;bar\u0131\u015f denizi&#8221; olarak, d\u00fcnyan\u0131n g\u00f6rece en g\u00fcvenli co\u011frafyalar\u0131ndan da biridir. Bunda ise, T\u00fcrkiye&#8217;nin inisiyatifiyle ger\u00e7ekle\u015ftirilen KE\u0130\u00d6, BLACKSEAFOR ve KUH gibi b\u00f6lgesel yap\u0131lanmalar\u0131n da b\u00fcy\u00fck etkisi vard\u0131r.Karadeniz&#8217;in g\u00fcvenli\u011fi, yaln\u0131zca Karadeniz&#8217;in g\u00fcvenli\u011fi deildir: Kafkasya&#8217;dan Balkanlar&#8217;a, Balt\u0131k&#8217;dan Ortado\u011fu&#8217;ya kadar uzanan geni\u015f bir co\u011frafyan\u0131n g\u00fcvenli\u011fini ifade etmektedir. Hatta Karadeni, art\u0131k bir AB ve NATO denizi olarak, transatlantik akt\u00f6rlerin de ilgi alan\u0131ndad\u0131r.Karadeniz, bug\u00fcn T\u00fcrkiye&#8217;nin ulusal g\u00fcvenlik ve d\u0131\u015f politikas\u0131nda ge\u00e7mi\u015ften daha \u00f6nemli yer tutmakla birlikte, \u00e7ok boyutlu, uzun d\u00f6nemli ve tutarl\u0131 bir Karadeniz politikas\u0131n\u0131n varl\u0131\u011f\u0131ndan s\u00f6z etmek, m\u00fcmk\u00fcn de\u011fildir. Dahas\u0131 T\u00fcrkiye, de\u011fil Karadeniz B\u00f6lgesi&#8217;ni, kendi Karadenizi&#8217;ni bile yeterince tan\u0131mamaktad\u0131r. \u00d6zellikle son y\u0131llarda, yo\u011fun bir bi\u00e7imde Ortado\u011fu&#8217;ya odaklanan ve Karadeniz&#8217;i ihmal eden T\u00fcrkiye&#8217;nin &#8220;k\u00fcresel g\u00fc\u00e7&#8221; olma iddias\u0131 ise, Karadeniz gibi bir &#8220;b\u00f6lgesel \u00f6l\u00e7ek&#8221; s\u0131nav\u0131n\u0131 ba\u015faramad\u0131k\u00e7a ger\u00e7ekle\u015femeyecektir.Bu \u00e7al\u0131\u015fma, konuya ili\u015fkin bir\u00e7ok \u00e7al\u0131\u015fman\u0131n aksine, Karadeniz&#8217;e T\u00fcrkiye penceresinden, T\u00fcrkiye odakl\u0131 bakmaktad\u0131r.<\/p>\n","protected":false},"excerpt":{"rendered":"<p>Prof. Dr. G\u00f6khan Ko\u00e7er, 1966&#8217;da Ankara&#8217;da do\u011fdu. \u0130stanbul \u00dcniversitesi \u0130ktisat Fak\u00fcltesi Uluslararas\u0131 \u0130li\u015fkiler B\u00f6l\u00fcm\u00fc&#8217;nden 1987&#8217;de lisans, 1989&#8217;da y\u00fcksek lisans ve 1994&#8217;de doktora derecelerini ald\u0131. 2004&#8217;de Uluslararas\u0131<span class=\"excerpt-hellip\"> [\u2026]<\/span><\/p>\n","protected":false},"featured_media":0,"template":"","meta":{"_monsterinsights_skip_tracking":false,"_monsterinsights_sitenote_active":false,"_monsterinsights_sitenote_note":"","_monsterinsights_sitenote_category":0},"product_brand":[],"product_cat":[12364],"product_tag":[],"class_list":{"0":"post-765570","1":"product","2":"type-product","3":"status-publish","5":"product_cat-genel-konular","6":"pa_cilt-ciltsiz","7":"pa_tur-kitap","8":"pa_yayinevi-orion-kitabevi","9":"pa_yazar-gokhan-kocer","11":"first","12":"instock","13":"sale","14":"shipping-taxable","15":"purchasable","16":"product-type-simple"},"_links":{"self":[{"href":"https:\/\/roveyayinevi.com.tr\/index.php\/wp-json\/wp\/v2\/product\/765570","targetHints":{"allow":["GET"]}}],"collection":[{"href":"https:\/\/roveyayinevi.com.tr\/index.php\/wp-json\/wp\/v2\/product"}],"about":[{"href":"https:\/\/roveyayinevi.com.tr\/index.php\/wp-json\/wp\/v2\/types\/product"}],"wp:attachment":[{"href":"https:\/\/roveyayinevi.com.tr\/index.php\/wp-json\/wp\/v2\/media?parent=765570"}],"wp:term":[{"taxonomy":"product_brand","embeddable":true,"href":"https:\/\/roveyayinevi.com.tr\/index.php\/wp-json\/wp\/v2\/product_brand?post=765570"},{"taxonomy":"product_cat","embeddable":true,"href":"https:\/\/roveyayinevi.com.tr\/index.php\/wp-json\/wp\/v2\/product_cat?post=765570"},{"taxonomy":"product_tag","embeddable":true,"href":"https:\/\/roveyayinevi.com.tr\/index.php\/wp-json\/wp\/v2\/product_tag?post=765570"}],"curies":[{"name":"wp","href":"https:\/\/api.w.org\/{rel}","templated":true}]}}