{"id":765569,"date":"2025-08-28T11:46:13","date_gmt":"2025-08-28T08:46:13","guid":{"rendered":"https:\/\/roveyayinevi.com.tr\/index.php\/urun\/manevi-ihtiyaclar-ve-mutluluk-ekonomisi\/"},"modified":"2026-04-15T03:31:30","modified_gmt":"2026-04-15T00:31:30","slug":"manevi-ihtiyaclar-ve-mutluluk-ekonomisi","status":"publish","type":"product","link":"https:\/\/roveyayinevi.com.tr\/index.php\/urun\/manevi-ihtiyaclar-ve-mutluluk-ekonomisi\/","title":{"rendered":"Manevi \u0130htiya\u00e7lar ve Mutluluk Ekonomisi"},"content":{"rendered":"<p>K\u00fcresel d\u00fczeyde mutlu\u011fun da\u011f\u0131l\u0131m\u0131 ve geli\u015fimi konusunda yap\u0131lan ara\u015ft\u0131rmalar ve istatistiki bulgular, iktisat biliminin manevi ihtiya\u00e7lar konusuna daha fazla e\u011filmesi gere\u011fini ima etmektedir. Ancak bunun yeterince, hatta minimum \u00f6l\u00e7\u00fcde yap\u0131ld\u0131\u011f\u0131n\u0131 s\u00f6ylemek m\u00fcmk\u00fcn de\u011fildir. Bu kitap, bu alandaki bo\u015flu\u011fu ve potansiyeli ortaya koyabildi\u011fi ve yeni ara\u015ft\u0131rma pistleri a\u00e7abildi\u011fi \u00f6l\u00e7\u00fcde amac\u0131na ula\u015fm\u0131\u015f olacakt\u0131r.Mevcut mutluluk kuramlar\u0131n\u0131 d\u00f6rt ba\u015fl\u0131k alt\u0131nda toplamak m\u00fcmk\u00fcn g\u00f6r\u00fcnmektedir. Bunlar: Bah\u015fedilen mutluluk kuramlar\u0131, dura\u011fan veya sabit mutluluk kuramlar\u0131, iyi hayat standard\u0131 ile mukayeseye dayanan mutluluk kuramlar\u0131, ihtiya\u00e7lar\u0131n tatminine g\u00f6re de\u011fi\u015fen mutluluk kuramlar\u0131d\u0131r. Bu kuramlar\u0131n ortak noktas\u0131, mutlulu\u011fun istenilir bir durum oldu\u011fu ve ayr\u0131ca maddi ve manevi ihtiya\u00e7lar\u0131n kar\u015f\u0131lanmas\u0131 ile ili\u015fkili oldu\u011fudur. Bu kuramlar i\u00e7inde sadece sonuncusu, yani ihtiya\u00e7lar\u0131n tatminine dayal\u0131 mutluluk kuramlar\u0131 iktisadi yakla\u015f\u0131m ile uyumludur. Ancak burada maddi ihtiya\u00e7lar yan\u0131nda manevi ihtiya\u00e7lar\u0131n da g\u00f6z \u00f6n\u00fcne al\u0131nmas\u0131 gerekmektedir.<\/p>\n","protected":false},"excerpt":{"rendered":"<p>K\u00fcresel d\u00fczeyde mutlu\u011fun da\u011f\u0131l\u0131m\u0131 ve geli\u015fimi konusunda yap\u0131lan ara\u015ft\u0131rmalar ve istatistiki bulgular, iktisat biliminin manevi ihtiya\u00e7lar konusuna daha fazla e\u011filmesi gere\u011fini ima etmektedir. Ancak bunun yeterince,<span class=\"excerpt-hellip\"> [\u2026]<\/span><\/p>\n","protected":false},"featured_media":0,"template":"","meta":{"_monsterinsights_skip_tracking":false,"_monsterinsights_sitenote_active":false,"_monsterinsights_sitenote_note":"","_monsterinsights_sitenote_category":0},"product_brand":[],"product_cat":[14841,13043],"product_tag":[],"class_list":{"0":"post-765569","1":"product","2":"type-product","3":"status-publish","5":"product_cat-arastirma-inceleme-kuram","6":"product_cat-ekonomi","7":"pa_cilt-ciltsiz","8":"pa_tur-kitap","9":"pa_yayinevi-orion-kitabevi","10":"pa_yazar-erdal-turkkan","12":"first","13":"instock","14":"sale","15":"shipping-taxable","16":"purchasable","17":"product-type-simple"},"_links":{"self":[{"href":"https:\/\/roveyayinevi.com.tr\/index.php\/wp-json\/wp\/v2\/product\/765569","targetHints":{"allow":["GET"]}}],"collection":[{"href":"https:\/\/roveyayinevi.com.tr\/index.php\/wp-json\/wp\/v2\/product"}],"about":[{"href":"https:\/\/roveyayinevi.com.tr\/index.php\/wp-json\/wp\/v2\/types\/product"}],"wp:attachment":[{"href":"https:\/\/roveyayinevi.com.tr\/index.php\/wp-json\/wp\/v2\/media?parent=765569"}],"wp:term":[{"taxonomy":"product_brand","embeddable":true,"href":"https:\/\/roveyayinevi.com.tr\/index.php\/wp-json\/wp\/v2\/product_brand?post=765569"},{"taxonomy":"product_cat","embeddable":true,"href":"https:\/\/roveyayinevi.com.tr\/index.php\/wp-json\/wp\/v2\/product_cat?post=765569"},{"taxonomy":"product_tag","embeddable":true,"href":"https:\/\/roveyayinevi.com.tr\/index.php\/wp-json\/wp\/v2\/product_tag?post=765569"}],"curies":[{"name":"wp","href":"https:\/\/api.w.org\/{rel}","templated":true}]}}