{"id":765566,"date":"2025-08-28T11:46:09","date_gmt":"2025-08-28T08:46:09","guid":{"rendered":"https:\/\/roveyayinevi.com.tr\/index.php\/urun\/lorenz-von-stein-1815-1890\/"},"modified":"2026-04-15T03:31:30","modified_gmt":"2026-04-15T00:31:30","slug":"lorenz-von-stein-1815-1890","status":"publish","type":"product","link":"https:\/\/roveyayinevi.com.tr\/index.php\/urun\/lorenz-von-stein-1815-1890\/","title":{"rendered":"Lorenz Von Stein (1815-1890)"},"content":{"rendered":"<p>Yabanc\u0131 d\u00fc\u015f\u00fcnce sistemleri, T\u00fcrk y\u00f6netim d\u00fc\u015f\u00fcncesi \u00fczerinde hemen ilk bak\u0131\u015fta se\u00e7ilecek kadar etkilidir. Bunlar, son iki y\u00fczy\u0131ll\u0131k s\u00fcrede, bug\u00fcnden geriye do\u011fru gidildi\u011finde \u0130ngiliz-Amerikan, Frans\u0131z ve Alman olmak \u00fczere \u00fc\u00e7 halkal\u0131d\u0131r. \u00dc\u00e7 halkan\u0131n kendileri hakk\u0131ndaki bilgilerimiz \u00fcz\u00fcnt\u00fc verecek kadar k\u0131s\u0131tl\u0131 ve ger\u00e7ekten b\u00f6l\u00fck p\u00f6r\u00e7\u00fckt\u00fcr.Kitap, y\u00f6netim olgusunun kuram ve y\u00f6ntem sorunlar\u0131 \u00fczerine ya\u015fan\u0131p tamamlanm\u0131\u015f b\u00fcy\u00fck bir tart\u0131\u015fmay\u0131 \u00f6\u011frenmemizi ve bu b\u00fcy\u00fck tart\u0131\u015fmay\u0131 \u00f6zenle irdeledi\u011fi i\u00e7in \u00fczerinde d\u00fc\u015f\u00fcnd\u00fc\u011f\u00fcm\u00fcz konularda kendimizi s\u0131namam\u0131z\u0131 sa\u011fl\u0131yor.Lorenz von Stein, tarihin konusu olmu\u015f de\u011fildir. Aksine, 20. y\u00fczy\u0131la do\u011fru Amerikan y\u00f6netim d\u00fc\u015f\u00fcncesi i\u00e7in nas\u0131l esin kayna\u011f\u0131 olmu\u015fsa, ya\u015fad\u0131\u011f\u0131m\u0131z y\u00fczy\u0131lda da bu g\u00fcce sahip g\u00f6r\u00fcnmektedir. Stein&#8217;\u0131n devletin eylemdeki halini y\u00f6netmek olarak belirlemesi kendi ba\u015f\u0131na \u00f6nemli. Devleti zaman\u0131n\u0131n \u00e7o\u011fu hukuk felsefecileri gibi ger\u00e7ekte de\u011fil yaln\u0131zca fikirde olan \u015fey olarak g\u00f6rmeyi reddetmesi, devlet olgusunu ger\u00e7ekli\u011fi i\u00e7inde ara\u015ft\u0131rma daveti de \u00f6yle. Devlet incelemelerini siyaset felsefesinin \u00f6n-kabullerinden kurtar\u0131p hukukun normlar d\u00fcnyas\u0131na hapsetmeye kar\u015f\u0131 duru\u015fu, y\u00fcr\u00fctt\u00fc\u011f\u00fc tart\u0131\u015fmalardan \u00e7ok \u015fey \u00f6\u011frenebilece\u011fimizi g\u00f6steriyor.\u0130lgin\u00e7 olan \u015fu ki, Stein kendi \u00fclkesinde yitiren taraf iken, Atlantik&#8217;in \u00f6te k\u0131y\u0131s\u0131nda daha sonra devlet ba\u015fkan\u0131 olacak Woodrow Wilson taraf\u0131ndan 1887 y\u0131l\u0131nda ad\u0131 an\u0131l\u0131p g\u00f6r\u00fc\u015fleri y\u00fcceltilen biri. Prusya&#8217;n\u0131n kameral bilimleri ve daha sonra Stein&#8217;\u0131n g\u00f6r\u00fc\u015fleri, Wilson&#8217;a g\u00f6re Amerika i\u00e7in en g\u00fc\u00e7l\u00fc kald\u0131ra\u00e7t\u0131r. Amerika&#8217;n\u0131n Avrupa hukuk miras\u0131na de\u011fil kameralizm ve devlet bilimi miras\u0131na yasland\u0131\u011f\u0131 a\u00e7\u0131kt\u0131r. Amerika Birle\u015fik Devletleri 1870&#8217;lerde ba\u015flayan ilerlemeci (progressive) felsefe ve reformcu hareket \u00f6nderli\u011finde bilimsel y\u00f6netim ve \u00f6rg\u00fctlenme \u00e7a\u011f\u0131na b\u00f6ylece giri\u015f yapm\u0131\u015ft\u0131r. Avrupa&#8217;n\u0131n ise bu miras\u0131 reddedip &#8216;hukuk&#8217; etiketli yola girdi\u011fi zaman, d\u00fcnya hegemonyas\u0131 iddias\u0131n\u0131 Amerika lehine terk etti\u011fi tarihsel bir ger\u00e7ektir.T\u00fcrk\u00e7e alanyaz\u0131nda Stein&#8217;\u0131 \u00e7ok az say\u0131daki metinde an\u0131l\u0131p ge\u00e7ilen bir yazar ad\u0131 olarak g\u00f6rebildik. Stein&#8217;\u0131n hi\u00e7bir yaz\u0131s\u0131 T\u00fcrk\u00e7eye \u00e7evrilmemi\u015ftir; \u00fczerine yap\u0131lm\u0131\u015f herhangi bir de\u011ferlendirme de yoktur. Bu kitapla Almanca okuma becerisine sahip olmayan uzmanlara ve devlet \u00fczerine d\u00fc\u015f\u00fcnmeye merakl\u0131 olanlara geni\u015f g\u00f6r\u00fc\u015f a\u00e7\u0131l\u0131 yeni bir pencere a\u00e7\u0131lm\u0131\u015f bulunuyor.<\/p>\n","protected":false},"excerpt":{"rendered":"<p>Yabanc\u0131 d\u00fc\u015f\u00fcnce sistemleri, T\u00fcrk y\u00f6netim d\u00fc\u015f\u00fcncesi \u00fczerinde hemen ilk bak\u0131\u015fta se\u00e7ilecek kadar etkilidir. Bunlar, son iki y\u00fczy\u0131ll\u0131k s\u00fcrede, bug\u00fcnden geriye do\u011fru gidildi\u011finde \u0130ngiliz-Amerikan, Frans\u0131z ve Alman<span class=\"excerpt-hellip\"> [\u2026]<\/span><\/p>\n","protected":false},"featured_media":0,"template":"","meta":{"_monsterinsights_skip_tracking":false,"_monsterinsights_sitenote_active":false,"_monsterinsights_sitenote_note":"","_monsterinsights_sitenote_category":0},"product_brand":[],"product_cat":[12291,12745],"product_tag":[],"class_list":{"0":"post-765566","1":"product","2":"type-product","3":"status-publish","5":"product_cat-edebiyat","6":"product_cat-tarihi-roman","7":"pa_cilt-ciltsiz","8":"pa_tur-kitap","9":"pa_yayinevi-orion-kitabevi","10":"pa_yazar-ismail-bahadir-turan","12":"first","13":"instock","14":"sale","15":"shipping-taxable","16":"purchasable","17":"product-type-simple"},"_links":{"self":[{"href":"https:\/\/roveyayinevi.com.tr\/index.php\/wp-json\/wp\/v2\/product\/765566","targetHints":{"allow":["GET"]}}],"collection":[{"href":"https:\/\/roveyayinevi.com.tr\/index.php\/wp-json\/wp\/v2\/product"}],"about":[{"href":"https:\/\/roveyayinevi.com.tr\/index.php\/wp-json\/wp\/v2\/types\/product"}],"wp:attachment":[{"href":"https:\/\/roveyayinevi.com.tr\/index.php\/wp-json\/wp\/v2\/media?parent=765566"}],"wp:term":[{"taxonomy":"product_brand","embeddable":true,"href":"https:\/\/roveyayinevi.com.tr\/index.php\/wp-json\/wp\/v2\/product_brand?post=765566"},{"taxonomy":"product_cat","embeddable":true,"href":"https:\/\/roveyayinevi.com.tr\/index.php\/wp-json\/wp\/v2\/product_cat?post=765566"},{"taxonomy":"product_tag","embeddable":true,"href":"https:\/\/roveyayinevi.com.tr\/index.php\/wp-json\/wp\/v2\/product_tag?post=765566"}],"curies":[{"name":"wp","href":"https:\/\/api.w.org\/{rel}","templated":true}]}}