{"id":765565,"date":"2025-08-28T11:46:08","date_gmt":"2025-08-28T08:46:08","guid":{"rendered":"https:\/\/roveyayinevi.com.tr\/index.php\/urun\/liberalizm-demokrasi-ve-sinirli-devlet\/"},"modified":"2026-04-15T03:31:30","modified_gmt":"2026-04-15T00:31:30","slug":"liberalizm-demokrasi-ve-sinirli-devlet","status":"publish","type":"product","link":"https:\/\/roveyayinevi.com.tr\/index.php\/urun\/liberalizm-demokrasi-ve-sinirli-devlet\/","title":{"rendered":"Liberalizm, Demokrasi ve S\u0131n\u0131rl\u0131 Devlet"},"content":{"rendered":"<p>Liberalizm, Bat\u0131&#8217;da bireysel \u00f6zg\u00fcrl\u00fc\u011f\u00fcn \u00fczerinde orta\u00e7a\u011flar boyunca h\u00fck\u00fcm s\u00fcren sosyal, dinsel ve ekonomik bask\u0131lar\u0131n k\u0131r\u0131lmas\u0131nda ba\u015f rol\u00fc oynam\u0131\u015f d\u00fc\u015f\u00fcnce ak\u0131m\u0131d\u0131r. Liberalizmin bireycilik, \u00f6zg\u00fcrl\u00fck, \u00f6zel m\u00fclkiyetin dokunulmazl\u0131\u011f\u0131, sosyal adalet, ho\u015fg\u00f6r\u00fc ve s\u0131n\u0131rl\u0131 devlet gibi temel kavramlar\u0131 modern d\u00f6nem Bat\u0131 d\u00fcnyas\u0131n\u0131n d\u00fc\u015f\u00fcnce ve politika iklimini \u015fekillendirmi\u015ftir.Bu kitapta ele al\u0131nan baz\u0131 konular sat\u0131r ba\u015fl\u0131klar\u0131yla \u015fu \u015fekildedir:Liberalizmin do\u011fu\u015fu ve geli\u015fimiSosyal, siyasal ve ekonomik y\u00f6nleriyle liberal d\u00fc\u015f\u00fcnce\u0130sko\u00e7 ayd\u0131nlanmas\u0131 ve liberal ahlak teorisinin temelleriLiberalizm ve demokrasiLiberal d\u00fc\u015f\u00fcnce perspektifinden ho\u015fg\u00f6r\u00fc ve bar\u0131\u015f i\u00e7inde bir arada ya\u015famaLiberalizm ve paternalizmLiberalizm ve adaletLiberteryanizmAnarko kapitalizmDevlet faaliyetlerinin s\u0131n\u0131rlar\u0131Bu kitapta ele al\u0131nan baz\u0131 konular sat\u0131r ba\u015fl\u0131klar\u0131yla \u015fu \u015fekildedir:Liberalizmin do\u011fu\u015fu ve geli\u015fimiSosyal, siyasal ve ekonomik y\u00f6nleriyle liberal d\u00fc\u015f\u00fcnce\u0130sko\u00e7 ayd\u0131nlanmas\u0131 ve liberal ahlak teorisinin temelleri<\/p>\n","protected":false},"excerpt":{"rendered":"<p>Liberalizm, Bat\u0131&#8217;da bireysel \u00f6zg\u00fcrl\u00fc\u011f\u00fcn \u00fczerinde orta\u00e7a\u011flar boyunca h\u00fck\u00fcm s\u00fcren sosyal, dinsel ve ekonomik bask\u0131lar\u0131n k\u0131r\u0131lmas\u0131nda ba\u015f rol\u00fc oynam\u0131\u015f d\u00fc\u015f\u00fcnce ak\u0131m\u0131d\u0131r. Liberalizmin bireycilik, \u00f6zg\u00fcrl\u00fck, \u00f6zel m\u00fclkiyetin dokunulmazl\u0131\u011f\u0131,<span class=\"excerpt-hellip\"> [\u2026]<\/span><\/p>\n","protected":false},"featured_media":0,"template":"","meta":{"_monsterinsights_skip_tracking":false,"_monsterinsights_sitenote_active":false,"_monsterinsights_sitenote_note":"","_monsterinsights_sitenote_category":0},"product_brand":[],"product_cat":[12337,14706],"product_tag":[],"class_list":{"0":"post-765565","1":"product","2":"type-product","3":"status-publish","5":"product_cat-politika-siyaset","6":"product_cat-siyaset-bilimi","7":"pa_cilt-ciltsiz","8":"pa_tur-kitap","9":"pa_yayinevi-orion-kitabevi","10":"pa_yazar-coskun-can-aktan","12":"first","13":"instock","14":"sale","15":"shipping-taxable","16":"purchasable","17":"product-type-simple"},"_links":{"self":[{"href":"https:\/\/roveyayinevi.com.tr\/index.php\/wp-json\/wp\/v2\/product\/765565","targetHints":{"allow":["GET"]}}],"collection":[{"href":"https:\/\/roveyayinevi.com.tr\/index.php\/wp-json\/wp\/v2\/product"}],"about":[{"href":"https:\/\/roveyayinevi.com.tr\/index.php\/wp-json\/wp\/v2\/types\/product"}],"wp:attachment":[{"href":"https:\/\/roveyayinevi.com.tr\/index.php\/wp-json\/wp\/v2\/media?parent=765565"}],"wp:term":[{"taxonomy":"product_brand","embeddable":true,"href":"https:\/\/roveyayinevi.com.tr\/index.php\/wp-json\/wp\/v2\/product_brand?post=765565"},{"taxonomy":"product_cat","embeddable":true,"href":"https:\/\/roveyayinevi.com.tr\/index.php\/wp-json\/wp\/v2\/product_cat?post=765565"},{"taxonomy":"product_tag","embeddable":true,"href":"https:\/\/roveyayinevi.com.tr\/index.php\/wp-json\/wp\/v2\/product_tag?post=765565"}],"curies":[{"name":"wp","href":"https:\/\/api.w.org\/{rel}","templated":true}]}}