{"id":765563,"date":"2025-08-28T11:46:05","date_gmt":"2025-08-28T08:46:05","guid":{"rendered":"https:\/\/roveyayinevi.com.tr\/index.php\/urun\/kurtcu-siddet-sarmalinda-devletin-ve-pkknin-stratejik-donusumu\/"},"modified":"2026-04-15T03:31:30","modified_gmt":"2026-04-15T00:31:30","slug":"kurtcu-siddet-sarmalinda-devletin-ve-pkknin-stratejik-donusumu","status":"publish","type":"product","link":"https:\/\/roveyayinevi.com.tr\/index.php\/urun\/kurtcu-siddet-sarmalinda-devletin-ve-pkknin-stratejik-donusumu\/","title":{"rendered":"K\u00fcrt\u00e7\u00fc \u015eiddet Sarmal\u0131nda Devlet&#8217;in ve PKK&#8217;n\u0131n Stratejik D\u00f6n\u00fc\u015f\u00fcm\u00fc"},"content":{"rendered":"<p>Bu kitapta, T\u00fcrkiye&#8217;deki ayr\u0131l\u0131k\u00e7\u0131 PKK ter\u00f6r\u00fc \u015feklinde tezah\u00fcr eden politik sava\u015f\u0131n do\u011fru anla\u015f\u0131labilmesi ve \u00e7\u00f6z\u00fcm aray\u0131\u015flar\u0131na katk\u0131 sa\u011flanabilmesi i\u00e7in \u00f6ncelikle yakla\u015f\u0131k 40 y\u0131ld\u0131r devam eden d\u00fc\u015f\u00fck yo\u011funluklu \u00e7at\u0131\u015fma s\u00fcrecine kuramsal bir \u00e7er\u00e7eve sunulmaktad\u0131r. Bu a\u00e7\u0131dan PKK taraf\u0131ndan ba\u015fvurulan K\u00fcrt\u00e7\u00fc politik \u015fiddetin nedenleri, hedef ve y\u00f6ntemleri, akt\u00f6rlerin tutumlar\u0131 ve bu soruna kar\u015f\u0131 T\u00fcrkiye Cumhuriyeti Devleti&#8217;nin \u00fcretti\u011fi \u00e7\u00f6z\u00fcmlerin s\u00fcre\u00e7 i\u00e7indeki ideolojik ve stratejik de\u011fi\u015fimi sorunsalla\u015ft\u0131r\u0131lmaktad\u0131r.Bu kapsamda ya\u015fanan etno-politik \u00e7at\u0131\u015fma sorununa dair iki analiz \u00e7er\u00e7evesi ortaya konulmaktad\u0131r: Birincisi, PKK&#8217;n\u0131n uzun s\u00fcreli halk sava\u015f\u0131 bi\u00e7iminde uygulad\u0131\u011f\u0131 devrimci -K\u00fcrt\u00e7\u00fc- \u015fiddet ve Devletin buna verdi\u011fi cevap ba\u011flam\u0131nda d\u00fc\u015f\u00fck yo\u011funluklu \u00e7at\u0131\u015fma s\u00fcrecinde y\u00fcr\u00fct\u00fclen topyek\u00fbn sava\u015f doktrini; ikincisi, \u00e7at\u0131\u015fman\u0131n akt\u00f6rlerinin \u00e7at\u0131\u015fma s\u00fcrecinde ya\u015fad\u0131klar\u0131 ideolojik ve stratejik d\u00f6n\u00fc\u015f\u00fcmler.Bu ba\u011flamda k\u00fcresel-b\u00f6lgesel geli\u015fmelerle birlikte PKK&#8217;n\u0131n askeri y\u00f6nden T\u00fcrk Devleti taraf\u0131ndan yenilgiye u\u011frat\u0131lm\u0131\u015f olmas\u0131n\u0131n getirdi\u011fi bir zorunluluk olarak bir yandan ayr\u0131l\u0131k\u00e7\u0131 \u00d6rg\u00fct\u00fcn ideolojik ve stratejik hedef ve y\u00f6ntemlerinin de\u011fi\u015fti\u011fi, di\u011fer yandan T\u00fcrkiye Devleti&#8217;nin sorunu bir &#8220;g\u00fcvenlik sorunu&#8221; olarak g\u00f6rmekten vazge\u00e7erek &#8220;siyasal bir sorun&#8221; olarak kabul etti\u011fi ve bu kapsamda ter\u00f6rle m\u00fccadele anlay\u0131\u015f\u0131ndan uzakla\u015farak &#8220;m\u00fczakere&#8221; yolunu tercih etti\u011fi ileri s\u00fcr\u00fclmektedir.Ayr\u0131ca kitapta K\u00fcrt\u00e7\u00fc \u015fiddetin ortaya \u00e7\u0131k\u0131\u015f\u0131 kar\u015f\u0131s\u0131nda Devletin geli\u015ftirdi\u011fi cevaplar\u0131n \u00d6rg\u00fct\u00fc hangi d\u00fczeyde ve y\u00f6nde etkiledi\u011fi, \u00f6rg\u00fct\u00fcn geli\u015ftirdi\u011fi ideolojik, stratejik ve taktik manevralar kar\u015f\u0131s\u0131nda T\u00fcrk siyasetinin ve g\u00fcvenlik b\u00fcrokrasisinin nas\u0131l bir tutum sergiledi\u011fi a\u00e7\u0131kland\u0131ktan sonra akt\u00f6rlerin paradigmalar\u0131nda ya\u015fanan d\u00f6n\u00fc\u015f\u00fcmler sorgulamaktad\u0131r.<\/p>\n","protected":false},"excerpt":{"rendered":"<p>Bu kitapta, T\u00fcrkiye&#8217;deki ayr\u0131l\u0131k\u00e7\u0131 PKK ter\u00f6r\u00fc \u015feklinde tezah\u00fcr eden politik sava\u015f\u0131n do\u011fru anla\u015f\u0131labilmesi ve \u00e7\u00f6z\u00fcm aray\u0131\u015flar\u0131na katk\u0131 sa\u011flanabilmesi i\u00e7in \u00f6ncelikle yakla\u015f\u0131k 40 y\u0131ld\u0131r devam eden d\u00fc\u015f\u00fck<span class=\"excerpt-hellip\"> [\u2026]<\/span><\/p>\n","protected":false},"featured_media":0,"template":"","meta":{"_monsterinsights_skip_tracking":false,"_monsterinsights_sitenote_active":false,"_monsterinsights_sitenote_note":"","_monsterinsights_sitenote_category":0},"product_brand":[],"product_cat":[12337,14543],"product_tag":[],"class_list":{"0":"post-765563","1":"product","2":"type-product","3":"status-publish","5":"product_cat-politika-siyaset","6":"product_cat-turkiye-siyaseti-ve-politikasi","7":"pa_cilt-ciltsiz","8":"pa_tur-kitap","9":"pa_yayinevi-orion-kitabevi","10":"pa_yazar-bilal-karaca","12":"first","13":"instock","14":"sale","15":"shipping-taxable","16":"purchasable","17":"product-type-simple"},"_links":{"self":[{"href":"https:\/\/roveyayinevi.com.tr\/index.php\/wp-json\/wp\/v2\/product\/765563","targetHints":{"allow":["GET"]}}],"collection":[{"href":"https:\/\/roveyayinevi.com.tr\/index.php\/wp-json\/wp\/v2\/product"}],"about":[{"href":"https:\/\/roveyayinevi.com.tr\/index.php\/wp-json\/wp\/v2\/types\/product"}],"wp:attachment":[{"href":"https:\/\/roveyayinevi.com.tr\/index.php\/wp-json\/wp\/v2\/media?parent=765563"}],"wp:term":[{"taxonomy":"product_brand","embeddable":true,"href":"https:\/\/roveyayinevi.com.tr\/index.php\/wp-json\/wp\/v2\/product_brand?post=765563"},{"taxonomy":"product_cat","embeddable":true,"href":"https:\/\/roveyayinevi.com.tr\/index.php\/wp-json\/wp\/v2\/product_cat?post=765563"},{"taxonomy":"product_tag","embeddable":true,"href":"https:\/\/roveyayinevi.com.tr\/index.php\/wp-json\/wp\/v2\/product_tag?post=765563"}],"curies":[{"name":"wp","href":"https:\/\/api.w.org\/{rel}","templated":true}]}}