{"id":765562,"date":"2025-08-28T11:46:04","date_gmt":"2025-08-28T08:46:04","guid":{"rendered":"https:\/\/roveyayinevi.com.tr\/index.php\/urun\/kurt-meselesinin-anayasal-boyutu\/"},"modified":"2026-04-15T03:31:30","modified_gmt":"2026-04-15T00:31:30","slug":"kurt-meselesinin-anayasal-boyutu","status":"publish","type":"product","link":"https:\/\/roveyayinevi.com.tr\/index.php\/urun\/kurt-meselesinin-anayasal-boyutu\/","title":{"rendered":"K\u00fcrt Meselesinin Anayasal Boyutu"},"content":{"rendered":"<p>T\u00fcrkiye, tarihi bir d\u00f6neme\u00e7 noktas\u0131nda bulunuyor. Yakla\u015f\u0131k bir as\u0131rl\u0131k parantezin kapat\u0131l\u0131p yeni bir anlay\u0131\u015f ve perspektifle yepyeni bir T\u00fcrkiye&#8217;nin in\u015fas\u0131 i\u00e7in ad\u0131mlar\u0131n at\u0131ld\u0131\u011f\u0131 bir tarihsel momente tan\u0131kl\u0131k ediyoruz. \u0130\u00e7inde ya\u015fad\u0131\u011f\u0131m\u0131z \u015fu g\u00fcnler, T\u00fcrkiye&#8217;nin, tarihi derinli\u011fi olan kronik sorunlar\u0131yla y\u00fczle\u015fmeye ba\u015flad\u0131\u011f\u0131 ve bu sorunlara \u00e7\u00f6z\u00fcm \u00fcretme aray\u0131\u015f\u0131na sahne oldu\u011fu bir d\u00f6neme i\u015faret ediyor. Bir taraftan T\u00fcrkiye&#8217;nin, demokrasi, insan haklar\u0131 ve hukukun \u00fcst\u00fcnl\u00fc\u011f\u00fc gibi evrensel de\u011ferlerin gerisine d\u00fc\u015fen anayasal d\u00fczeni, di\u011fer taraftan da farkl\u0131l\u0131klar\u0131n e\u015fitlik temelinde bar\u0131\u015f i\u00e7inde birlikteli\u011fini engelleyen sosyo-politik yap\u0131s\u0131, de\u011fi\u015fimi zorlayan ana dinamikleri olu\u015fturuyor. Her iki d\u00fczlemde ya\u015fanan sorunlar\u0131n a\u015f\u0131lmas\u0131 \u00e7abas\u0131nda, toplumsal mutabakata dayal\u0131 yeni bir anayasan\u0131n yap\u0131lmas\u0131 hayati \u00f6nemi haizdir. Politik ve sosyal akt\u00f6rlerin \u00f6nemlice bir k\u0131sm\u0131, yeni bir anayasa yap\u0131m\u0131n\u0131n temel gerek\u00e7esi olarak, her iki d\u00fczlemde ya\u015fanan sorunlar\u0131n \u00e7\u00f6z\u00fcm\u00fcn\u00fc g\u00f6steriyor. Nitekim, bu sorun alanlar\u0131n\u0131n \u00e7\u00f6z\u00fcm\u00fcn\u00fc kolayla\u015ft\u0131rmak ve \u00f6n\u00fcne a\u00e7mak amac\u0131yla, 2011 Eyl\u00fcl ay\u0131 itibariyle yeni bir anayasan\u0131n yap\u0131m s\u00fcreci ba\u015flam\u0131\u015f bulunuyor.T\u00fcrkiye toplumun yeni anayasadan en \u00f6nemli beklentisi, demokrasinin standard\u0131n\u0131 y\u00fckseltmek, Cumhuriyet rejiminin red, ink\u00e2r ve asimilasyon politikalar\u0131yla d\u0131\u015flay\u0131p \u00f6tekile\u015ftirdi\u011fi toplum kesimlerini devletle bar\u0131\u015ft\u0131rmak ve onlar\u0131 sisteme entegre etmektir. Yap\u0131m s\u00fcreci devam eden yeni anayasay\u0131 &#8220;yeni&#8221; k\u0131lacak en \u00f6nemli \u00f6zelli\u011fi, genel olarak T\u00fcrkiye&#8217;de ya\u015fanan b\u00fct\u00fcn kimlik\/farkl\u0131l\u0131klar sorununa, \u00f6zelde ise -can alan ve can yakan bir sorun alan\u0131 olmas\u0131 hasebiyle aciliyet arz eden- K\u00fcrt meselesini \u00e7\u00f6z\u00fcme kavu\u015fturma \u00f6zelli\u011fi olacakt\u0131r.<\/p>\n","protected":false},"excerpt":{"rendered":"<p>T\u00fcrkiye, tarihi bir d\u00f6neme\u00e7 noktas\u0131nda bulunuyor. Yakla\u015f\u0131k bir as\u0131rl\u0131k parantezin kapat\u0131l\u0131p yeni bir anlay\u0131\u015f ve perspektifle yepyeni bir T\u00fcrkiye&#8217;nin in\u015fas\u0131 i\u00e7in ad\u0131mlar\u0131n at\u0131ld\u0131\u011f\u0131 bir tarihsel momente<span class=\"excerpt-hellip\"> [\u2026]<\/span><\/p>\n","protected":false},"featured_media":0,"template":"","meta":{"_monsterinsights_skip_tracking":false,"_monsterinsights_sitenote_active":false,"_monsterinsights_sitenote_note":"","_monsterinsights_sitenote_category":0},"product_brand":[],"product_cat":[15350],"product_tag":[],"class_list":{"0":"post-765562","1":"product","2":"type-product","3":"status-publish","5":"product_cat-hukuk","6":"pa_cilt-ciltsiz","7":"pa_tur-kitap","8":"pa_yayinevi-orion-kitabevi","9":"pa_yazar-vahap-coskun","11":"first","12":"instock","13":"sale","14":"shipping-taxable","15":"purchasable","16":"product-type-simple"},"_links":{"self":[{"href":"https:\/\/roveyayinevi.com.tr\/index.php\/wp-json\/wp\/v2\/product\/765562","targetHints":{"allow":["GET"]}}],"collection":[{"href":"https:\/\/roveyayinevi.com.tr\/index.php\/wp-json\/wp\/v2\/product"}],"about":[{"href":"https:\/\/roveyayinevi.com.tr\/index.php\/wp-json\/wp\/v2\/types\/product"}],"wp:attachment":[{"href":"https:\/\/roveyayinevi.com.tr\/index.php\/wp-json\/wp\/v2\/media?parent=765562"}],"wp:term":[{"taxonomy":"product_brand","embeddable":true,"href":"https:\/\/roveyayinevi.com.tr\/index.php\/wp-json\/wp\/v2\/product_brand?post=765562"},{"taxonomy":"product_cat","embeddable":true,"href":"https:\/\/roveyayinevi.com.tr\/index.php\/wp-json\/wp\/v2\/product_cat?post=765562"},{"taxonomy":"product_tag","embeddable":true,"href":"https:\/\/roveyayinevi.com.tr\/index.php\/wp-json\/wp\/v2\/product_tag?post=765562"}],"curies":[{"name":"wp","href":"https:\/\/api.w.org\/{rel}","templated":true}]}}