{"id":765561,"date":"2025-08-28T11:46:03","date_gmt":"2025-08-28T08:46:03","guid":{"rendered":"https:\/\/roveyayinevi.com.tr\/index.php\/urun\/kuresellesme-ve-donusen-kent\/"},"modified":"2026-04-15T03:31:30","modified_gmt":"2026-04-15T00:31:30","slug":"kuresellesme-ve-donusen-kent","status":"publish","type":"product","link":"https:\/\/roveyayinevi.com.tr\/index.php\/urun\/kuresellesme-ve-donusen-kent\/","title":{"rendered":"K\u00fcreselle\u015fme ve D\u00f6n\u00fc\u015fen Kent"},"content":{"rendered":"<p>Kentler ortaya \u00e7\u0131kt\u0131klar\u0131 g\u00fcnden beri, insanlar i\u00e7in alternatif ya\u015fama imk\u00e2n tan\u0131yan, heterojen insan gruplar\u0131n\u0131n mek\u00e2n\u0131 olarak, bir cazibe oda\u011f\u0131 olmu\u015flard\u0131r. K\u0131rsal ya\u015fam\u0131n s\u0131n\u0131rl\u0131l\u0131klar\u0131na kar\u015f\u0131l\u0131k kentsel ya\u015fam, sunmu\u015f oldu\u011fu farkl\u0131 ya\u015fam bi\u00e7imleriyle, k\u0131ra kar\u015f\u0131 her zaman \u00e7ekicili\u011fini korumu\u015ftur. Artan n\u00fcfusun kendisine ya\u015fam alan\u0131 olarak kentleri tercih etmesi ise, buralar\u0131 kurals\u0131zl\u0131\u011f\u0131n, d\u00fczensizli\u011fin, \u00e7evresel ya\u015fam ko\u015fullar\u0131 a\u00e7\u0131s\u0131ndan bir\u00e7ok olumsuzluklar\u0131n ba\u015f g\u00f6sterdi\u011fi, mek\u00e2nlara d\u00f6n\u00fc\u015ft\u00fcrm\u00fc\u015ft\u00fcr. Kent s\u00f6z konusu oldu\u011fu zaman, gerek kent y\u00f6neticilerinin uygulad\u0131klar\u0131 politikalar da, gerekse kentte ya\u015fayan topluluklarda temel beklenti, ya\u015fam kalitesi y\u00fcksek mek\u00e2nlarda ya\u015famakt\u0131r. Kentsel ya\u015fam alanlar\u0131nda artan n\u00fcfus yo\u011funlu\u011fu, \u00e7e\u015fitlilik g\u00f6steren ihtiya\u00e7lar ve de\u011fi\u015fen ya\u015fam tarzlar\u0131 g\u00f6z \u00f6n\u00fcne al\u0131nd\u0131\u011f\u0131nda, kent y\u00f6netimlerinin yeni yakla\u015f\u0131mlar benimsemeleri ve kar\u015f\u0131la\u015f\u0131lan sorunlara alternatif \u00e7\u00f6z\u00fcmler bulmalar\u0131 gerekmektedir. G\u00fcn\u00fcm\u00fcz ko\u015fullar\u0131nda s\u00f6z konusu bu alternatifler olu\u015fturulurken izlenecek en do\u011fru yol ise, teknolojiyi odak noktas\u0131 haline getiren \u00e7\u00f6z\u00fcm \u00f6nerilerini tercih etmekten ge\u00e7mektedir.Artan d\u00fcnya n\u00fcfusunun ya\u015fam\u0131\u015f oldu\u011fu h\u0131zl\u0131 kentle\u015fme s\u00fcreci, kent y\u00f6netimlerini \u00f6nemli bir akt\u00f6r haline getirmekte, yetki ve sorumluluk alanlar\u0131n\u0131n her ge\u00e7en g\u00fcn daha da artmas\u0131na neden olmaktad\u0131r. Bu do\u011frultuda, kentsel alanlara ili\u015fkin alternatif politika \u00f6nerileri ve kentsel y\u00f6netime ili\u015fkin g\u00fcncel konular, kitab\u0131n temel odak noktalar\u0131n\u0131 olu\u015fturmaktad\u0131r. K\u00fcreselle\u015fme ve artan n\u00fcfusun yol a\u00e7t\u0131\u011f\u0131 sorunlar, alternatif kent modelleri, ak\u0131ll\u0131 kentler, eko-tek kentler, kentsel at\u0131k sorunu, afetler ve kentler, politika konular\u0131 i\u00e7inde ele al\u0131n\u0131p de\u011ferlendirilen konu ba\u015fl\u0131klar\u0131d\u0131r. Kentsel y\u00f6neti\u015fim, farkl\u0131l\u0131klar\u0131n y\u00f6netimi, 6360 say\u0131l\u0131 kanun ve belediye meclisleri \u00fczerinde bir inceleme ile kent ve \u00e7ocuk ili\u015fkisi ise, kentsel y\u00f6netime ili\u015fkin konu ba\u015fl\u0131klar\u0131 i\u00e7inde yer almaktad\u0131r. S\u00f6z konusu konular\u0131n, 9 ba\u015fl\u0131k alt\u0131nda ele al\u0131nd\u0131\u011f\u0131 kitapla, literat\u00fcre yeni bir eser kazand\u0131r\u0131lm\u0131\u015ft\u0131r. Bu noktada eme\u011fi ge\u00e7en hocalar\u0131ma ve arkada\u015flar\u0131ma \u015f\u00fckranlar\u0131m\u0131 sunar\u0131m.<\/p>\n","protected":false},"excerpt":{"rendered":"<p>Kentler ortaya \u00e7\u0131kt\u0131klar\u0131 g\u00fcnden beri, insanlar i\u00e7in alternatif ya\u015fama imk\u00e2n tan\u0131yan, heterojen insan gruplar\u0131n\u0131n mek\u00e2n\u0131 olarak, bir cazibe oda\u011f\u0131 olmu\u015flard\u0131r. K\u0131rsal ya\u015fam\u0131n s\u0131n\u0131rl\u0131l\u0131klar\u0131na kar\u015f\u0131l\u0131k kentsel ya\u015fam,<span class=\"excerpt-hellip\"> [\u2026]<\/span><\/p>\n","protected":false},"featured_media":0,"template":"","meta":{"_monsterinsights_skip_tracking":false,"_monsterinsights_sitenote_active":false,"_monsterinsights_sitenote_note":"","_monsterinsights_sitenote_category":0},"product_brand":[],"product_cat":[20333,13043],"product_tag":[],"class_list":{"0":"post-765561","1":"product","2":"type-product","3":"status-publish","5":"product_cat-diger-ekonomi","6":"product_cat-ekonomi","7":"pa_cilt-ciltsiz","8":"pa_tur-kitap","9":"pa_yayinevi-orion-kitabevi","10":"pa_yazar-hayriye-sagir","12":"first","13":"instock","14":"sale","15":"shipping-taxable","16":"purchasable","17":"product-type-simple"},"_links":{"self":[{"href":"https:\/\/roveyayinevi.com.tr\/index.php\/wp-json\/wp\/v2\/product\/765561","targetHints":{"allow":["GET"]}}],"collection":[{"href":"https:\/\/roveyayinevi.com.tr\/index.php\/wp-json\/wp\/v2\/product"}],"about":[{"href":"https:\/\/roveyayinevi.com.tr\/index.php\/wp-json\/wp\/v2\/types\/product"}],"wp:attachment":[{"href":"https:\/\/roveyayinevi.com.tr\/index.php\/wp-json\/wp\/v2\/media?parent=765561"}],"wp:term":[{"taxonomy":"product_brand","embeddable":true,"href":"https:\/\/roveyayinevi.com.tr\/index.php\/wp-json\/wp\/v2\/product_brand?post=765561"},{"taxonomy":"product_cat","embeddable":true,"href":"https:\/\/roveyayinevi.com.tr\/index.php\/wp-json\/wp\/v2\/product_cat?post=765561"},{"taxonomy":"product_tag","embeddable":true,"href":"https:\/\/roveyayinevi.com.tr\/index.php\/wp-json\/wp\/v2\/product_tag?post=765561"}],"curies":[{"name":"wp","href":"https:\/\/api.w.org\/{rel}","templated":true}]}}