{"id":765560,"date":"2025-08-28T11:46:02","date_gmt":"2025-08-28T08:46:02","guid":{"rendered":"https:\/\/roveyayinevi.com.tr\/index.php\/urun\/kuresellesme-yerellesme-sarmalinda-kalkinma-ajanslari\/"},"modified":"2026-04-15T03:31:30","modified_gmt":"2026-04-15T00:31:30","slug":"kuresellesme-yerellesme-sarmalinda-kalkinma-ajanslari","status":"publish","type":"product","link":"https:\/\/roveyayinevi.com.tr\/index.php\/urun\/kuresellesme-yerellesme-sarmalinda-kalkinma-ajanslari\/","title":{"rendered":"K\u00fcreselle\u015fme &#8211; Yerelle\u015fme Sarmal\u0131nda Kalk\u0131nma Ajanslar\u0131"},"content":{"rendered":"<p>erel &#8211; b\u00f6lgesel kalk\u0131nmada alternatif aray\u0131\u015flar \u00e7er\u00e7evesinde, T\u00fcrkiye \u00f6zelindeki teorik ve pratik tart\u0131\u015fmalar, yakla\u015f\u0131mlar ve g\u00fcncel sorunlara yo\u011funla\u015fan bu \u00e7al\u0131\u015fma, k\u0131sa bir zaman diliminde planlanarak hayata ge\u00e7irilmi\u015ftir. T\u00fcrkiye&#8217;nin farkl\u0131 \u00fcniversitelerinden konuyla ilgili yetkin akademisyenlerin ve uygulay\u0131c\u0131lar\u0131n de\u011ferli katk\u0131lar\u0131yla somutla\u015fan bu eser, akademik camian\u0131n yan\u0131nda, uygulayac\u0131lar, yerel- b\u00f6lgesel kalk\u0131nma ve Kalk\u0131nma Ajanslar\u0131 konusunda lisans ve lisan\u00fcst\u00fc e\u011fitim g\u00f6ren \u00f6\u011frenciler ve bu alana merak sarm\u0131\u015f ki\u015filer i\u00e7in alternatif ve g\u00fcncel bir ba\u015fvuru kayna\u011f\u0131 olarak hedeflenmi\u015ftir.<\/p>\n","protected":false},"excerpt":{"rendered":"<p>erel &#8211; b\u00f6lgesel kalk\u0131nmada alternatif aray\u0131\u015flar \u00e7er\u00e7evesinde, T\u00fcrkiye \u00f6zelindeki teorik ve pratik tart\u0131\u015fmalar, yakla\u015f\u0131mlar ve g\u00fcncel sorunlara yo\u011funla\u015fan bu \u00e7al\u0131\u015fma, k\u0131sa bir zaman diliminde planlanarak hayata<span class=\"excerpt-hellip\"> [\u2026]<\/span><\/p>\n","protected":false},"featured_media":0,"template":"","meta":{"_monsterinsights_skip_tracking":false,"_monsterinsights_sitenote_active":false,"_monsterinsights_sitenote_note":"","_monsterinsights_sitenote_category":0},"product_brand":[],"product_cat":[12573,12566],"product_tag":[],"class_list":{"0":"post-765560","1":"product","2":"type-product","3":"status-publish","5":"product_cat-akademik-kitaplar","6":"product_cat-egitim","7":"pa_cilt-ciltsiz","8":"pa_tur-kitap","9":"pa_yayinevi-orion-kitabevi","10":"pa_yazar-mustafa-okmen","12":"first","13":"instock","14":"sale","15":"shipping-taxable","16":"purchasable","17":"product-type-simple"},"_links":{"self":[{"href":"https:\/\/roveyayinevi.com.tr\/index.php\/wp-json\/wp\/v2\/product\/765560","targetHints":{"allow":["GET"]}}],"collection":[{"href":"https:\/\/roveyayinevi.com.tr\/index.php\/wp-json\/wp\/v2\/product"}],"about":[{"href":"https:\/\/roveyayinevi.com.tr\/index.php\/wp-json\/wp\/v2\/types\/product"}],"wp:attachment":[{"href":"https:\/\/roveyayinevi.com.tr\/index.php\/wp-json\/wp\/v2\/media?parent=765560"}],"wp:term":[{"taxonomy":"product_brand","embeddable":true,"href":"https:\/\/roveyayinevi.com.tr\/index.php\/wp-json\/wp\/v2\/product_brand?post=765560"},{"taxonomy":"product_cat","embeddable":true,"href":"https:\/\/roveyayinevi.com.tr\/index.php\/wp-json\/wp\/v2\/product_cat?post=765560"},{"taxonomy":"product_tag","embeddable":true,"href":"https:\/\/roveyayinevi.com.tr\/index.php\/wp-json\/wp\/v2\/product_tag?post=765560"}],"curies":[{"name":"wp","href":"https:\/\/api.w.org\/{rel}","templated":true}]}}