{"id":765557,"date":"2025-08-28T11:45:58","date_gmt":"2025-08-28T08:45:58","guid":{"rendered":"https:\/\/roveyayinevi.com.tr\/index.php\/urun\/kuresel-ve-buyuk-guclerin-stratejileri\/"},"modified":"2026-04-15T03:31:30","modified_gmt":"2026-04-15T00:31:30","slug":"kuresel-ve-buyuk-guclerin-stratejileri","status":"publish","type":"product","link":"https:\/\/roveyayinevi.com.tr\/index.php\/urun\/kuresel-ve-buyuk-guclerin-stratejileri\/","title":{"rendered":"K\u00fcresel ve B\u00fcy\u00fck G\u00fc\u00e7lerin Stratejileri"},"content":{"rendered":"<p>Elinizdeki eserde, 20 kadar alan\u0131nda uzmanla\u015fm\u0131\u015f akademisyenin emekleri sonucu ortaya \u00e7\u0131kan 14 b\u00f6l\u00fcmde d\u00fcnyan\u0131n en etkin b\u00f6lgesel ve k\u00fcresel g\u00fc\u00e7leri olarak kabul edilebilecek 9-10 akt\u00f6r\u00fcn (ABD, \u00c7in, Hindistan, Rusya, Almanya, Japonya, \u0130ngiltere, Fransa, Brezilya ve ayr\u0131ca T\u00fcrkiye) k\u00fcresel ve b\u00f6lgesel politikalar\u0131, temel stratejileri analiz edilmektedir. Ek olarak , uluslararas\u0131 sistem teorik bir \u00e7er\u00e7evede incelenirken, Avrupa Birli\u011fi&#8217;nin K\u00fcresel ve B\u00f6lgesel Politikalar\u0131 ve NATO&#8217;nun ge\u00e7irdi\u011fi d\u00f6n\u00fc\u015f\u00fcme de de\u011finilmektedir. Bu kapsaml\u0131 eserde b\u00f6l\u00fcmler: o K\u00fcresel ve B\u00fcy\u00fck G\u00fc\u00e7lerin Politikalar\u0131: D\u00fcnya Siyasetinde Baz\u0131 Temel Kavramlar o Uluslararas\u0131 Sistemin Yap\u0131s\u0131na Dair Anlamland\u0131rmalar ve Konjonkt\u00fcrel Sistemsel G\u00f6r\u00fcn\u00fcm o &#8220;Ortak Savunma Sistemi&#8221;nden &#8220;Ortak G\u00fcvenlik Sistemi&#8221;ne: NATO D\u00f6n\u00fc\u015f\u00fcm\u00fcn\u00fcn Jeostratejik Anlam\u0131 ve Sistemik Etkileri o Avrupa Birli\u011fi&#8217;nin K\u00fcresel ve B\u00f6lgesel Politikalar\u0131 o So\u011fuk Sava\u015f Sonras\u0131 D\u00f6nemde ABD B\u00fcy\u00fck Stratejisinin Kapsam ve S\u0131n\u0131rlar\u0131 o \u00c7in ve D\u00fcnya D\u00fczeni: Tart\u0131\u015fmalar ve Giri\u015fimler o Rusya Federasyonu&#8217;nun K\u00fcresel ve B\u00f6lgesel D\u00fczeni Anlay\u0131\u015f\u0131 ve Yakla\u015f\u0131m\u0131 o Asya&#8217;n\u0131n Y\u00fckselen G\u00fcc\u00fc Hindistan&#8217;\u0131n K\u00fcresel Stratejileri o Tarihten G\u00fcn\u00fcm\u00fcze Almanya&#8217;n\u0131n K\u00fcresel Stratejisi o Pasifizmle Realizm Aras\u0131nda 21. Y\u00fczy\u0131lda Japon D\u0131\u015f Politikas\u0131 o \u0130ngiltere (Birle\u015fik Krall\u0131k): Avrupa Birli\u011fi \u00dcyeli\u011fi, Brexit ve Etkileri o Fransa&#8217;n\u0131n K\u00fcresel Stratejileri: Askeri M\u00fcdahalelerden Diplomasi Sava\u015flar\u0131na Frans\u0131z Stratejileri o T\u00fcrkiye ve B\u00fcy\u00fck G\u00fc\u00e7ler: K\u00fcresel G\u00fc\u00e7 M\u00fccadelesinde T\u00fcrkiye&#8217;nin Maceras\u0131 o Brezilya: Gelece\u011fin \u00dclkesinin XXI. Y\u00fczy\u0131l Ser\u00fcveni; ba\u015fl\u0131klar\u0131yla okuyucuya sunulmu\u015ftur. Eser hem uluslararas\u0131 ili\u015fkileri daha derinden anlamak isteyen okuyuculara hem de \u00fcniversite \u00f6\u011frencilerine hitap etmektedir.<\/p>\n","protected":false},"excerpt":{"rendered":"<p>Elinizdeki eserde, 20 kadar alan\u0131nda uzmanla\u015fm\u0131\u015f akademisyenin emekleri sonucu ortaya \u00e7\u0131kan 14 b\u00f6l\u00fcmde d\u00fcnyan\u0131n en etkin b\u00f6lgesel ve k\u00fcresel g\u00fc\u00e7leri olarak kabul edilebilecek 9-10 akt\u00f6r\u00fcn (ABD,<span class=\"excerpt-hellip\"> [\u2026]<\/span><\/p>\n","protected":false},"featured_media":0,"template":"","meta":{"_monsterinsights_skip_tracking":false,"_monsterinsights_sitenote_active":false,"_monsterinsights_sitenote_note":"","_monsterinsights_sitenote_category":0},"product_brand":[],"product_cat":[13059,12337],"product_tag":[],"class_list":{"0":"post-765557","1":"product","2":"type-product","3":"status-publish","5":"product_cat-diger-politika-siyaset","6":"product_cat-politika-siyaset","7":"pa_cilt-ciltsiz","8":"pa_tur-kitap","9":"pa_yayinevi-orion-kitabevi","10":"pa_yazar-ertan-efegil","12":"first","13":"instock","14":"sale","15":"shipping-taxable","16":"purchasable","17":"product-type-simple"},"_links":{"self":[{"href":"https:\/\/roveyayinevi.com.tr\/index.php\/wp-json\/wp\/v2\/product\/765557","targetHints":{"allow":["GET"]}}],"collection":[{"href":"https:\/\/roveyayinevi.com.tr\/index.php\/wp-json\/wp\/v2\/product"}],"about":[{"href":"https:\/\/roveyayinevi.com.tr\/index.php\/wp-json\/wp\/v2\/types\/product"}],"wp:attachment":[{"href":"https:\/\/roveyayinevi.com.tr\/index.php\/wp-json\/wp\/v2\/media?parent=765557"}],"wp:term":[{"taxonomy":"product_brand","embeddable":true,"href":"https:\/\/roveyayinevi.com.tr\/index.php\/wp-json\/wp\/v2\/product_brand?post=765557"},{"taxonomy":"product_cat","embeddable":true,"href":"https:\/\/roveyayinevi.com.tr\/index.php\/wp-json\/wp\/v2\/product_cat?post=765557"},{"taxonomy":"product_tag","embeddable":true,"href":"https:\/\/roveyayinevi.com.tr\/index.php\/wp-json\/wp\/v2\/product_tag?post=765557"}],"curies":[{"name":"wp","href":"https:\/\/api.w.org\/{rel}","templated":true}]}}