{"id":765556,"date":"2025-08-28T11:45:57","date_gmt":"2025-08-28T08:45:57","guid":{"rendered":"https:\/\/roveyayinevi.com.tr\/index.php\/urun\/kuresel-politik-ekonomi\/"},"modified":"2026-04-15T03:31:29","modified_gmt":"2026-04-15T00:31:29","slug":"kuresel-politik-ekonomi","status":"publish","type":"product","link":"https:\/\/roveyayinevi.com.tr\/index.php\/urun\/kuresel-politik-ekonomi\/","title":{"rendered":"K\u00fcresel Politik Ekonomi"},"content":{"rendered":"<p>Kitap, uluslararas\u0131 politik ekonominin ana konular\u0131n\u0131, tarihin do\u011frusal bir s\u00fcre\u00e7 olmay\u0131p, geli\u015fme ve geri gitmelerin ayn\u0131 anda g\u00f6zlemledi\u011fini g\u00f6z \u00f6n\u00fcnde tutarak, ele almaktad\u0131r. \u0130kinci D\u00fcnya Sava\u015f\u0131 sonras\u0131nda i\u015fsiz kalan fen bilimcilerin sosyal bilim alanlar\u0131nda akademiye kat\u0131lmalar\u0131 ve g\u00fcn\u00fcm\u00fczde istatistik alan\u0131nda geli\u015ftirilen ara\u00e7lar\u0131n kullan\u0131m\u0131 ekonomi bilimine matematiksel bir kimlik sa\u011flamas\u0131na kar\u015f\u0131n, \u2018k\u00fcresel ekonomi\u2019, politik niteliklerinikorumaktad\u0131r ve bu gelecekte de b\u00f6yle olmay\u0131 s\u00fcrd\u00fcrecektir. Kitap, k\u00fcresel politik ekonominin, ekonomik milliyet\u00e7i, liberal ve ele\u015ftirel yakla\u015f\u0131mlar\u0131n\u0131, uluslararas\u0131 ticaret, ulus \u00f6tesi \u00fcretim, k\u00fcresel finansman, k\u00fcresel i\u015f b\u00f6l\u00fcm\u00fc, toplumsal cinsiyet, kalk\u0131nma, \u00e7evre, g\u00fcvenlik ve y\u00f6neti\u015fim dinamiklerini, matematiksel ekonomi kuramlar\u0131na dayanarak, ama sosyo-politik bir perspektiften analiz etmektedir.Kitap, g\u00fcn\u00fcm\u00fcz\u00fcn ekonomik sorunlar\u0131n\u0131 k\u00fcresel-politik bir bak\u0131\u015f a\u00e7\u0131s\u0131yla anlamaya ve \u00e7\u00f6z\u00fcmlerinin neler oldu\u011funu \u00f6\u011frenmeye \u00e7al\u0131\u015fan iktisat politikas\u0131 \u00f6\u011frencileri i\u00e7in bir ba\u015fucu kitab\u0131 olmaya adayd\u0131r.<\/p>\n","protected":false},"excerpt":{"rendered":"<p>Kitap, uluslararas\u0131 politik ekonominin ana konular\u0131n\u0131, tarihin do\u011frusal bir s\u00fcre\u00e7 olmay\u0131p, geli\u015fme ve geri gitmelerin ayn\u0131 anda g\u00f6zlemledi\u011fini g\u00f6z \u00f6n\u00fcnde tutarak, ele almaktad\u0131r. \u0130kinci D\u00fcnya Sava\u015f\u0131<span class=\"excerpt-hellip\"> [\u2026]<\/span><\/p>\n","protected":false},"featured_media":0,"template":"","meta":{"_monsterinsights_skip_tracking":false,"_monsterinsights_sitenote_active":false,"_monsterinsights_sitenote_note":"","_monsterinsights_sitenote_category":0},"product_brand":[],"product_cat":[13044,13043],"product_tag":[],"class_list":{"0":"post-765556","1":"product","2":"type-product","3":"status-publish","5":"product_cat-dunya-ekonomisi","6":"product_cat-ekonomi","7":"pa_cilt-ciltsiz","8":"pa_tur-kitap","9":"pa_yayinevi-orion-kitabevi","10":"pa_yazar-marc-williams","11":"pa_yazar-robert-obrien","13":"first","14":"instock","15":"sale","16":"shipping-taxable","17":"purchasable","18":"product-type-simple"},"_links":{"self":[{"href":"https:\/\/roveyayinevi.com.tr\/index.php\/wp-json\/wp\/v2\/product\/765556","targetHints":{"allow":["GET"]}}],"collection":[{"href":"https:\/\/roveyayinevi.com.tr\/index.php\/wp-json\/wp\/v2\/product"}],"about":[{"href":"https:\/\/roveyayinevi.com.tr\/index.php\/wp-json\/wp\/v2\/types\/product"}],"wp:attachment":[{"href":"https:\/\/roveyayinevi.com.tr\/index.php\/wp-json\/wp\/v2\/media?parent=765556"}],"wp:term":[{"taxonomy":"product_brand","embeddable":true,"href":"https:\/\/roveyayinevi.com.tr\/index.php\/wp-json\/wp\/v2\/product_brand?post=765556"},{"taxonomy":"product_cat","embeddable":true,"href":"https:\/\/roveyayinevi.com.tr\/index.php\/wp-json\/wp\/v2\/product_cat?post=765556"},{"taxonomy":"product_tag","embeddable":true,"href":"https:\/\/roveyayinevi.com.tr\/index.php\/wp-json\/wp\/v2\/product_tag?post=765556"}],"curies":[{"name":"wp","href":"https:\/\/api.w.org\/{rel}","templated":true}]}}