{"id":765554,"date":"2025-08-28T11:45:55","date_gmt":"2025-08-28T08:45:55","guid":{"rendered":"https:\/\/roveyayinevi.com.tr\/index.php\/urun\/kurumsal-kalite-ve-ekonomik-buyume\/"},"modified":"2026-04-15T03:31:29","modified_gmt":"2026-04-15T00:31:29","slug":"kurumsal-kalite-ve-ekonomik-buyume","status":"publish","type":"product","link":"https:\/\/roveyayinevi.com.tr\/index.php\/urun\/kurumsal-kalite-ve-ekonomik-buyume\/","title":{"rendered":"Kurumsal Kalite ve Ekonomik B\u00fcy\u00fcme"},"content":{"rendered":"<p>Ekonomi biliminin uzun s\u00fcredir \u00fczerinde \u00e7al\u0131\u015fm\u0131\u015f oldu\u011fu en \u00f6nemli konulardan biri olan ekonomik b\u00fcy\u00fcme, klasik \u00fcretim fakt\u00f6rleri (emek, sermaye, do\u011fal kaynaklar, giri\u015fimci) veya bunlardaki verimlilik art\u0131\u015f\u0131yla sa\u011flanmaktad\u0131r. Fakat tarihsel s\u00fcre\u00e7 i\u00e7erisinde, ekonomik b\u00fcy\u00fcmeyi belirleyen klasik \u00fcretim fakt\u00f6rlerine ek, yeni \u00fcretim fakt\u00f6rleri (teknoloji, n\u00fcfus, tasarruf vb.) oldu\u011fu y\u00f6n\u00fcnde farkl\u0131 b\u00fcy\u00fcme teorileri ortaya at\u0131lm\u0131\u015ft\u0131r. Bu teorilerin ba\u015f\u0131nda 1950&#8217;li y\u0131llarda R. Solow taraf\u0131ndan \u00f6ne s\u00fcr\u00fclen fiziki sermaye, i\u015fg\u00fcc\u00fc ve teknolojik ilerleme farklar\u0131na ba\u011fl\u0131 olan b\u00fcy\u00fcme teorisidir. Fakat bu de\u011fi\u015fkenler, baz\u0131 \u00fclkelerin neden daha zengin baz\u0131lar\u0131n\u0131n daha fakir olduklar\u0131n\u0131 a\u00e7\u0131klamada yetersiz kalm\u0131\u015ft\u0131r. Tam da bu noktada fiziki sermayenin artt\u0131r\u0131lmas\u0131, teknolojik altyap\u0131n\u0131n olu\u015fturulmas\u0131, \u00fcretim kapasitesinin ve verimlili\u011fin artt\u0131r\u0131lmas\u0131, vb. olaylar\u0131n kurumlar\u0131n i\u015fleyi\u015fi ile alakal\u0131 olabilece\u011fi konusu g\u00fcndeme gelmi\u015ftir. Kurumlar\u0131n, s\u00fcrd\u00fcr\u00fclebilir ekonomik b\u00fcy\u00fcmenin sa\u011flanmas\u0131nda en b\u00fcy\u00fck di\u015fli oldu\u011funu fark eden \u00fclkeler kurumsal kaliteyi artt\u0131rmaya y\u00f6nelik ad\u0131mlar atm\u0131\u015flard\u0131r. Bu \u00e7al\u0131\u015fmada ekonomi literat\u00fcr\u00fcnde &#8220;sosyal teknoloji&#8221; olarak ifade edilen kurumlar ve kurumlar\u0131n kalitelerinin ekonomik b\u00fcy\u00fcme \u00fczerindeki etkileri kurumsal iktisat perspektifinde ele al\u0131nm\u0131\u015ft\u0131r.<\/p>\n","protected":false},"excerpt":{"rendered":"<p>Ekonomi biliminin uzun s\u00fcredir \u00fczerinde \u00e7al\u0131\u015fm\u0131\u015f oldu\u011fu en \u00f6nemli konulardan biri olan ekonomik b\u00fcy\u00fcme, klasik \u00fcretim fakt\u00f6rleri (emek, sermaye, do\u011fal kaynaklar, giri\u015fimci) veya bunlardaki verimlilik art\u0131\u015f\u0131yla<span class=\"excerpt-hellip\"> [\u2026]<\/span><\/p>\n","protected":false},"featured_media":0,"template":"","meta":{"_monsterinsights_skip_tracking":false,"_monsterinsights_sitenote_active":false,"_monsterinsights_sitenote_note":"","_monsterinsights_sitenote_category":0},"product_brand":[],"product_cat":[14841,13043],"product_tag":[],"class_list":{"0":"post-765554","1":"product","2":"type-product","3":"status-publish","5":"product_cat-arastirma-inceleme-kuram","6":"product_cat-ekonomi","7":"pa_cilt-ciltsiz","8":"pa_tur-kitap","9":"pa_yayinevi-orion-kitabevi","10":"pa_yazar-seyhun-tutgun","12":"first","13":"instock","14":"sale","15":"shipping-taxable","16":"purchasable","17":"product-type-simple"},"_links":{"self":[{"href":"https:\/\/roveyayinevi.com.tr\/index.php\/wp-json\/wp\/v2\/product\/765554","targetHints":{"allow":["GET"]}}],"collection":[{"href":"https:\/\/roveyayinevi.com.tr\/index.php\/wp-json\/wp\/v2\/product"}],"about":[{"href":"https:\/\/roveyayinevi.com.tr\/index.php\/wp-json\/wp\/v2\/types\/product"}],"wp:attachment":[{"href":"https:\/\/roveyayinevi.com.tr\/index.php\/wp-json\/wp\/v2\/media?parent=765554"}],"wp:term":[{"taxonomy":"product_brand","embeddable":true,"href":"https:\/\/roveyayinevi.com.tr\/index.php\/wp-json\/wp\/v2\/product_brand?post=765554"},{"taxonomy":"product_cat","embeddable":true,"href":"https:\/\/roveyayinevi.com.tr\/index.php\/wp-json\/wp\/v2\/product_cat?post=765554"},{"taxonomy":"product_tag","embeddable":true,"href":"https:\/\/roveyayinevi.com.tr\/index.php\/wp-json\/wp\/v2\/product_tag?post=765554"}],"curies":[{"name":"wp","href":"https:\/\/api.w.org\/{rel}","templated":true}]}}