{"id":765553,"date":"2025-08-28T11:45:53","date_gmt":"2025-08-28T08:45:53","guid":{"rendered":"https:\/\/roveyayinevi.com.tr\/index.php\/urun\/kuran-i-kerimin-tuketimle-ilgili-ilk-mesajlari\/"},"modified":"2026-04-15T03:31:29","modified_gmt":"2026-04-15T00:31:29","slug":"kuran-i-kerimin-tuketimle-ilgili-ilk-mesajlari","status":"publish","type":"product","link":"https:\/\/roveyayinevi.com.tr\/index.php\/urun\/kuran-i-kerimin-tuketimle-ilgili-ilk-mesajlari\/","title":{"rendered":"Kur&#8217;an- \u0131 Kerim&#8217;in T\u00fcketimle \u0130lgili \u0130lk Mesajlar\u0131"},"content":{"rendered":"<p>\u0130lk emri &#8220;oku&#8221; olan Allah (c.c)&#8217;un insanl\u0131\u011fa son hitab\u0131 Kur&#8217;an&#8217;\u0131 Kerim, yery\u00fcz\u00fcnde ya\u015fayacak olan son insana kadar hayat\u0131n her alan\u0131nda yol g\u00f6stericili\u011fini devam ettirecektir.Kur&#8217;an&#8217;a inanan insan i\u00e7in Kur&#8217;an&#8217;\u0131n bu g\u00f6revini kusursuz yerine getirme donan\u0131m\u0131na sahip oldu\u011fu konusunda en ufak bir \u015f\u00fcphe yoktur. Bu durumda ona inanan insan\u0131n onun rehberli\u011finden en iyi \u015fekilde yararlanmas\u0131 durumunda en do\u011fru yolda, her bak\u0131mdan dengede, varl\u0131\u011f\u0131 do\u011fru okuyan ve ona kar\u015f\u0131 do\u011fru bir duru\u015f sergileyen huzurlu bir insan olmas\u0131 gerekir. Bu, huzurlu, inanan bireylerin olu\u015fturdu\u011fu toplumun da huzurlu bir toplum olmas\u0131 gerekir.<\/p>\n","protected":false},"excerpt":{"rendered":"<p>\u0130lk emri &#8220;oku&#8221; olan Allah (c.c)&#8217;un insanl\u0131\u011fa son hitab\u0131 Kur&#8217;an&#8217;\u0131 Kerim, yery\u00fcz\u00fcnde ya\u015fayacak olan son insana kadar hayat\u0131n her alan\u0131nda yol g\u00f6stericili\u011fini devam ettirecektir.Kur&#8217;an&#8217;a inanan insan<span class=\"excerpt-hellip\"> [\u2026]<\/span><\/p>\n","protected":false},"featured_media":0,"template":"","meta":{"_monsterinsights_skip_tracking":false,"_monsterinsights_sitenote_active":false,"_monsterinsights_sitenote_note":"","_monsterinsights_sitenote_category":0},"product_brand":[],"product_cat":[12718,12719],"product_tag":[],"class_list":{"0":"post-765553","1":"product","2":"type-product","3":"status-publish","5":"product_cat-din","6":"product_cat-islam","7":"pa_cilt-ciltsiz","8":"pa_tur-kitap","9":"pa_yayinevi-orion-kitabevi","10":"pa_yazar-mehmet-sami-yildiz","12":"first","13":"instock","14":"sale","15":"shipping-taxable","16":"purchasable","17":"product-type-simple"},"_links":{"self":[{"href":"https:\/\/roveyayinevi.com.tr\/index.php\/wp-json\/wp\/v2\/product\/765553","targetHints":{"allow":["GET"]}}],"collection":[{"href":"https:\/\/roveyayinevi.com.tr\/index.php\/wp-json\/wp\/v2\/product"}],"about":[{"href":"https:\/\/roveyayinevi.com.tr\/index.php\/wp-json\/wp\/v2\/types\/product"}],"wp:attachment":[{"href":"https:\/\/roveyayinevi.com.tr\/index.php\/wp-json\/wp\/v2\/media?parent=765553"}],"wp:term":[{"taxonomy":"product_brand","embeddable":true,"href":"https:\/\/roveyayinevi.com.tr\/index.php\/wp-json\/wp\/v2\/product_brand?post=765553"},{"taxonomy":"product_cat","embeddable":true,"href":"https:\/\/roveyayinevi.com.tr\/index.php\/wp-json\/wp\/v2\/product_cat?post=765553"},{"taxonomy":"product_tag","embeddable":true,"href":"https:\/\/roveyayinevi.com.tr\/index.php\/wp-json\/wp\/v2\/product_tag?post=765553"}],"curies":[{"name":"wp","href":"https:\/\/api.w.org\/{rel}","templated":true}]}}